{"id":2101,"date":"2022-06-17T13:02:08","date_gmt":"2022-06-17T11:02:08","guid":{"rendered":"https:\/\/trautweingut.de\/shop\/?page_id=2101"},"modified":"2022-06-19T19:47:56","modified_gmt":"2022-06-19T17:47:56","slug":"grand","status":"publish","type":"page","link":"https:\/\/trautweingut.de\/shop\/grand\/","title":{"rendered":"Grand"},"content":{"rendered":"<p>[et_pb_section fb_built=&#8220;1&#8243; custom_padding_last_edited=&#8220;on|phone&#8220; admin_label=&#8220;Sektion&#8220; module_id=&#8220;midnight-white-1&#8243; _builder_version=&#8220;4.17.4&#8243; background_color=&#8220;#e9e4e0&#8243; background_enable_image=&#8220;off&#8220; background_position=&#8220;bottom_center&#8220; custom_padding=&#8220;30vh||0px||false|false&#8220; custom_padding_tablet=&#8220;20vh||||false|false&#8220; custom_padding_phone=&#8220;10vh||||false|false&#8220; locked=&#8220;off&#8220; global_colors_info=&#8220;{}&#8220;][et_pb_row module_class=&#8220;rebe&#8220; _builder_version=&#8220;4.16&#8243; background_position=&#8220;top_center&#8220; custom_padding=&#8220;0px||0px||false|false&#8220; global_colors_info=&#8220;{}&#8220;][et_pb_column type=&#8220;4_4&#8243; _builder_version=&#8220;4.16&#8243; custom_padding=&#8220;|||&#8220; global_colors_info=&#8220;{}&#8220; custom_padding__hover=&#8220;|||&#8220;][et_pb_image src=&#8220;https:\/\/trautweingut.de\/shop\/wp-content\/uploads\/svg\/logo-trautwein_crop.svg&#8220; url=&#8220;\/shop&#8220; align=&#8220;center&#8220; align_tablet=&#8220;center&#8220; align_phone=&#8220;&#8220; align_last_edited=&#8220;on|desktop&#8220; module_class=&#8220;trautweinfont&#8220; _builder_version=&#8220;4.17.4&#8243; width=&#8220;300px&#8220; width_tablet=&#8220;200px&#8220; width_phone=&#8220;200px&#8220; width_last_edited=&#8220;on|tablet&#8220; global_colors_info=&#8220;{}&#8220;][\/et_pb_image][\/et_pb_column][\/et_pb_row][\/et_pb_section][et_pb_section fb_built=&#8220;1&#8243; custom_padding_last_edited=&#8220;on|tablet&#8220; admin_label=&#8220;Sektion&#8220; _builder_version=&#8220;4.17.4&#8243; _module_preset=&#8220;default&#8220; background_color=&#8220;#e9e4e0&#8243; custom_padding=&#8220;139px||139px||false|false&#8220; custom_padding_tablet=&#8220;40px||40px||false|false&#8220; custom_padding_phone=&#8220;40px||40px||false|false&#8220; locked=&#8220;off&#8220; global_colors_info=&#8220;{}&#8220;][et_pb_row use_custom_gutter=&#8220;on&#8220; make_equal=&#8220;on&#8220; _builder_version=&#8220;4.17.3&#8243; _module_preset=&#8220;default&#8220; custom_padding=&#8220;0px||0px||false|false&#8220; global_colors_info=&#8220;{}&#8220;][et_pb_column type=&#8220;4_4&#8243; _builder_version=&#8220;4.17.3&#8243; _module_preset=&#8220;default&#8220; global_colors_info=&#8220;{}&#8220;][et_pb_text module_class=&#8220;category-description&#8220; _builder_version=&#8220;4.17.4&#8243; _module_preset=&#8220;default&#8220; text_orientation=&#8220;center&#8220; max_width=&#8220;630px&#8220; module_alignment=&#8220;center&#8220; custom_padding=&#8220;||104px|0px|false|false&#8220; custom_padding_tablet=&#8220;||40px|0px|false|false&#8220; custom_padding_phone=&#8220;||40px|0px|false|false&#8220; custom_padding_last_edited=&#8220;on|tablet&#8220; hover_enabled=&#8220;0&#8243; global_colors_info=&#8220;{}&#8220; sticky_enabled=&#8220;0&#8243;]<\/p>\n<p>BESTES TERROIR, H\u00d6CHSTE ERTRAGSREDUKTION AUF UNTER 30 HL\/HA UND REBST\u00d6CKE, DIE BIS ZU 50 JAHRE ALT SIND:<\/p>\n<p>DAS IST DIE GRUNDLAGE F\u00dcR UNSEREN GRAND, DER IM KELLER IN GEBRAUCHTEN UND NEUEN BARRIQUES NACH BURGUNDISCHEM VORBILD ENTSTEHT UND GRO\u00dfES REIFEPOTENTIAL MIT SICH BRINGT.<\/p>\n<p>[\/et_pb_text][et_pb_shop type=&#8220;product_category&#8220; include_categories=&#8220;69&#8243; icon_hover_color=&#8220;#c8905f&#8220; hover_overlay_color=&#8220;RGBA(255,255,255,0)&#8220; hover_icon=&#8220;&#x50;||divi||400&#8243; _builder_version=&#8220;4.17.4&#8243; _module_preset=&#8220;default&#8220; title_text_align=&#8220;center&#8220; price_text_align=&#8220;center&#8220; global_colors_info=&#8220;{}&#8220;][\/et_pb_shop][\/et_pb_column][\/et_pb_row][\/et_pb_section]<\/p>\n","protected":false},"excerpt":{"rendered":"<p>BESTES TERROIR, H\u00d6CHSTE ERTRAGSREDUKTION AUF UNTER 30 HL\/HA UND REBST\u00d6CKE, DIE BIS ZU 50 JAHRE ALT SIND: DAS IST DIE GRUNDLAGE F\u00dcR UNSEREN GRAND, DER IM KELLER IN GEBRAUCHTEN UND NEUEN BARRIQUES NACH BURGUNDISCHEM VORBILD ENTSTEHT UND GRO\u00dfES REIFEPOTENTIAL MIT SICH BRINGT.<\/p>\n","protected":false},"author":1,"featured_media":0,"parent":0,"menu_order":0,"comment_status":"closed","ping_status":"closed","template":"","meta":{"_acf_changed":false,"_et_pb_use_builder":"on","_et_pb_old_content":"","_et_gb_content_width":"","footnotes":""},"class_list":["post-2101","page","type-page","status-publish","hentry"],"acf":[],"yoast_head":"<!-- This site is optimized with the Yoast SEO plugin v27.2 - https:\/\/yoast.com\/product\/yoast-seo-wordpress\/ -->\n<title>Grand - Weingut Trautwein Shop<\/title>\n<meta name=\"robots\" content=\"index, follow, max-snippet:-1, max-image-preview:large, max-video-preview:-1\" \/>\n<link rel=\"canonical\" href=\"https:\/\/trautweingut.de\/shop\/grand\/\" \/>\n<meta property=\"og:locale\" content=\"de_DE\" \/>\n<meta property=\"og:type\" content=\"article\" \/>\n<meta property=\"og:title\" content=\"Grand - Weingut Trautwein Shop\" \/>\n<meta property=\"og:description\" content=\"BESTES TERROIR, H\u00d6CHSTE ERTRAGSREDUKTION AUF UNTER 30 HL\/HA UND REBST\u00d6CKE, DIE BIS ZU 50 JAHRE ALT SIND: DAS IST DIE GRUNDLAGE F\u00dcR UNSEREN GRAND, DER IM KELLER IN GEBRAUCHTEN UND NEUEN BARRIQUES NACH BURGUNDISCHEM VORBILD ENTSTEHT UND GRO\u00dfES REIFEPOTENTIAL MIT SICH BRINGT.\" \/>\n<meta property=\"og:url\" content=\"https:\/\/trautweingut.de\/shop\/grand\/\" \/>\n<meta property=\"og:site_name\" content=\"Weingut Trautwein Shop\" \/>\n<meta property=\"article:modified_time\" content=\"2022-06-19T17:47:56+00:00\" \/>\n<meta name=\"twitter:card\" content=\"summary_large_image\" \/>\n<meta name=\"twitter:label1\" content=\"Gesch\u00e4tzte Lesezeit\" \/>\n\t<meta name=\"twitter:data1\" content=\"2\u00a0Minuten\" \/>\n<script type=\"application\/ld+json\" class=\"yoast-schema-graph\">{\"@context\":\"https:\/\/schema.org\",\"@graph\":[{\"@type\":\"WebPage\",\"@id\":\"https:\/\/trautweingut.de\/shop\/grand\/\",\"url\":\"https:\/\/trautweingut.de\/shop\/grand\/\",\"name\":\"Grand - Weingut Trautwein Shop\",\"isPartOf\":{\"@id\":\"https:\/\/trautweingut.de\/shop\/#website\"},\"datePublished\":\"2022-06-17T11:02:08+00:00\",\"dateModified\":\"2022-06-19T17:47:56+00:00\",\"breadcrumb\":{\"@id\":\"https:\/\/trautweingut.de\/shop\/grand\/#breadcrumb\"},\"inLanguage\":\"de\",\"potentialAction\":[{\"@type\":\"ReadAction\",\"target\":[\"https:\/\/trautweingut.de\/shop\/grand\/\"]}]},{\"@type\":\"BreadcrumbList\",\"@id\":\"https:\/\/trautweingut.de\/shop\/grand\/#breadcrumb\",\"itemListElement\":[{\"@type\":\"ListItem\",\"position\":1,\"name\":\"Startseite\",\"item\":\"https:\/\/trautweingut.de\/shop\/\"},{\"@type\":\"ListItem\",\"position\":2,\"name\":\"Grand\"}]},{\"@type\":\"WebSite\",\"@id\":\"https:\/\/trautweingut.de\/shop\/#website\",\"url\":\"https:\/\/trautweingut.de\/shop\/\",\"name\":\"Weingut Trautwein Shop\",\"description\":\"Seit 1649\",\"potentialAction\":[{\"@type\":\"SearchAction\",\"target\":{\"@type\":\"EntryPoint\",\"urlTemplate\":\"https:\/\/trautweingut.de\/shop\/?s={search_term_string}\"},\"query-input\":{\"@type\":\"PropertyValueSpecification\",\"valueRequired\":true,\"valueName\":\"search_term_string\"}}],\"inLanguage\":\"de\"}]}<\/script>\n<!-- \/ Yoast SEO plugin. -->","yoast_head_json":{"title":"Grand - Weingut Trautwein Shop","robots":{"index":"index","follow":"follow","max-snippet":"max-snippet:-1","max-image-preview":"max-image-preview:large","max-video-preview":"max-video-preview:-1"},"canonical":"https:\/\/trautweingut.de\/shop\/grand\/","og_locale":"de_DE","og_type":"article","og_title":"Grand - Weingut Trautwein Shop","og_description":"BESTES TERROIR, H\u00d6CHSTE ERTRAGSREDUKTION AUF UNTER 30 HL\/HA UND REBST\u00d6CKE, DIE BIS ZU 50 JAHRE ALT SIND: DAS IST DIE GRUNDLAGE F\u00dcR UNSEREN GRAND, DER IM KELLER IN GEBRAUCHTEN UND NEUEN BARRIQUES NACH BURGUNDISCHEM VORBILD ENTSTEHT UND GRO\u00dfES REIFEPOTENTIAL MIT SICH BRINGT.","og_url":"https:\/\/trautweingut.de\/shop\/grand\/","og_site_name":"Weingut Trautwein Shop","article_modified_time":"2022-06-19T17:47:56+00:00","twitter_card":"summary_large_image","twitter_misc":{"Gesch\u00e4tzte Lesezeit":"2\u00a0Minuten"},"schema":{"@context":"https:\/\/schema.org","@graph":[{"@type":"WebPage","@id":"https:\/\/trautweingut.de\/shop\/grand\/","url":"https:\/\/trautweingut.de\/shop\/grand\/","name":"Grand - Weingut Trautwein Shop","isPartOf":{"@id":"https:\/\/trautweingut.de\/shop\/#website"},"datePublished":"2022-06-17T11:02:08+00:00","dateModified":"2022-06-19T17:47:56+00:00","breadcrumb":{"@id":"https:\/\/trautweingut.de\/shop\/grand\/#breadcrumb"},"inLanguage":"de","potentialAction":[{"@type":"ReadAction","target":["https:\/\/trautweingut.de\/shop\/grand\/"]}]},{"@type":"BreadcrumbList","@id":"https:\/\/trautweingut.de\/shop\/grand\/#breadcrumb","itemListElement":[{"@type":"ListItem","position":1,"name":"Startseite","item":"https:\/\/trautweingut.de\/shop\/"},{"@type":"ListItem","position":2,"name":"Grand"}]},{"@type":"WebSite","@id":"https:\/\/trautweingut.de\/shop\/#website","url":"https:\/\/trautweingut.de\/shop\/","name":"Weingut Trautwein Shop","description":"Seit 1649","potentialAction":[{"@type":"SearchAction","target":{"@type":"EntryPoint","urlTemplate":"https:\/\/trautweingut.de\/shop\/?s={search_term_string}"},"query-input":{"@type":"PropertyValueSpecification","valueRequired":true,"valueName":"search_term_string"}}],"inLanguage":"de"}]}},"_links":{"self":[{"href":"https:\/\/trautweingut.de\/shop\/wp-json\/wp\/v2\/pages\/2101","targetHints":{"allow":["GET"]}}],"collection":[{"href":"https:\/\/trautweingut.de\/shop\/wp-json\/wp\/v2\/pages"}],"about":[{"href":"https:\/\/trautweingut.de\/shop\/wp-json\/wp\/v2\/types\/page"}],"author":[{"embeddable":true,"href":"https:\/\/trautweingut.de\/shop\/wp-json\/wp\/v2\/users\/1"}],"replies":[{"embeddable":true,"href":"https:\/\/trautweingut.de\/shop\/wp-json\/wp\/v2\/comments?post=2101"}],"version-history":[{"count":6,"href":"https:\/\/trautweingut.de\/shop\/wp-json\/wp\/v2\/pages\/2101\/revisions"}],"predecessor-version":[{"id":2389,"href":"https:\/\/trautweingut.de\/shop\/wp-json\/wp\/v2\/pages\/2101\/revisions\/2389"}],"wp:attachment":[{"href":"https:\/\/trautweingut.de\/shop\/wp-json\/wp\/v2\/media?parent=2101"}],"curies":[{"name":"wp","href":"https:\/\/api.w.org\/{rel}","templated":true}]}}