{"id":2005,"date":"2022-06-20T12:43:31","date_gmt":"2022-06-20T10:43:31","guid":{"rendered":"https:\/\/trautweingut.de\/shop\/?post_type=product&#038;p=2005"},"modified":"2026-02-11T19:29:57","modified_gmt":"2026-02-11T18:29:57","slug":"2020-grand-fohberg-chardonnay","status":"publish","type":"product","link":"https:\/\/trautweingut.de\/shop\/produkt\/2020-grand-fohberg-chardonnay\/","title":{"rendered":"2024 GRAND FOHBERG CHARDONNAY"},"content":{"rendered":"<p>Premium-Lage trocken<\/p>\n<p>Der Grand Chardonnay Fohberg pr\u00e4sentiert sich mit reifen Birnen, einer Hauch Vanille und einem Hauch von Pfeffer. Diese harmonische Komposition vereint Aroma, Kraft und eine feine Mineralik. Seine w\u00fcrzigen Noten und fruchtigen Akzente werden von einem zarten Schmelz und subtilen Barriquenoten elegant abgerundet.<\/p>\n<p>Ein Wein, der die Vielschichtigkeit des Chardonnay auf meisterhafte Weise einf\u00e4ngt.<\/p>\n","protected":false},"excerpt":{"rendered":"<p>Biodynamisch zertifiziert nach Demeter DE-\u00d6KO-006<\/p>\n<div class=\"et_pb_module et_pb_wc_description et_pb_wc_description_1_tb_body short-desc et_pb_bg_layout_light  et_pb_text_align_left\">\n<div class=\"et_pb_module_inner\">\n<p data-start=\"74\" data-end=\"211\"><strong data-start=\"74\" data-end=\"104\">N\u00e4hrwertangaben je 100 ml:<\/strong><br data-start=\"104\" data-end=\"107\" \/>Brennwert: 319 kJ \/ 76 kcal<br data-start=\"134\" data-end=\"137\" \/>Kohlenhydrate: 1,1 g<br data-start=\"157\" data-end=\"160\" \/>\u00a0\u00a0\u00a0davon Zucker: 0 g<br data-start=\"195\" data-end=\"198\" \/>Eiwei\u00df: 0 g<\/p>\n<p data-start=\"213\" data-end=\"291\">Enth\u00e4lt geringf\u00fcgige Mengen von Fett, ges\u00e4ttigten Fetts\u00e4uren, Eiwei\u00df und Salz.<\/p>\n<p data-start=\"293\" data-end=\"409\"><strong data-start=\"293\" data-end=\"305\">Zutaten:<\/strong><br data-start=\"305\" data-end=\"308\" \/>Bio-Saccharose, S\u00e4ureregulator: Weins\u00e4ure, Bio-Trauben, enth\u00e4lt Sulfite, Konservierungsstoff: <strong>Sulfite<\/strong><\/p>\n<\/div>\n<\/div>\n<p>&nbsp;<\/p>\n","protected":false},"author":3,"featured_media":3875,"comment_status":"open","ping_status":"closed","template":"","meta":{"_acf_changed":false,"_et_pb_use_builder":"","_et_pb_old_content":"","_et_gb_content_width":""},"product_brand":[],"product_cat":[69],"product_tag":[],"class_list":{"0":"post-2005","1":"product","2":"type-product","3":"status-publish","4":"has-post-thumbnail","6":"product_cat-grand","8":"first","9":"instock","10":"taxable","11":"shipping-taxable","12":"purchasable","13":"product-type-simple"},"acf":[],"yoast_head":"<!-- This site is optimized with the Yoast SEO plugin v27.2 - https:\/\/yoast.com\/product\/yoast-seo-wordpress\/ -->\n<title>2024 GRAND FOHBERG CHARDONNAY - Weingut Trautwein Shop<\/title>\n<meta name=\"robots\" content=\"index, follow, max-snippet:-1, max-image-preview:large, max-video-preview:-1\" \/>\n<link rel=\"canonical\" href=\"https:\/\/trautweingut.de\/shop\/produkt\/2020-grand-fohberg-chardonnay\/\" \/>\n<meta property=\"og:locale\" content=\"de_DE\" \/>\n<meta property=\"og:type\" content=\"article\" \/>\n<meta property=\"og:title\" content=\"2024 GRAND FOHBERG CHARDONNAY - Weingut Trautwein Shop\" \/>\n<meta property=\"og:description\" content=\"Biodynamisch zertifiziert nach Demeter DE-\u00d6KO-006   N\u00e4hrwertangaben je 100 ml:Brennwert: 319 kJ \/ 76 kcalKohlenhydrate: 1,1 g\u00a0\u00a0\u00a0davon Zucker: 0 gEiwei\u00df: 0 g Enth\u00e4lt geringf\u00fcgige Mengen von Fett, ges\u00e4ttigten Fetts\u00e4uren, Eiwei\u00df und Salz. Zutaten:Bio-Saccharose, S\u00e4ureregulator: Weins\u00e4ure, Bio-Trauben, enth\u00e4lt Sulfite, Konservierungsstoff: Sulfite    &nbsp;\" \/>\n<meta property=\"og:url\" content=\"https:\/\/trautweingut.de\/shop\/produkt\/2020-grand-fohberg-chardonnay\/\" \/>\n<meta property=\"og:site_name\" content=\"Weingut Trautwein Shop\" \/>\n<meta property=\"article:modified_time\" content=\"2026-02-11T18:29:57+00:00\" \/>\n<meta property=\"og:image\" content=\"https:\/\/trautweingut.de\/shop\/wp-content\/uploads\/2022\/06\/Grand-Chardonnay-Fohberg-1.png\" \/>\n\t<meta property=\"og:image:width\" content=\"310\" \/>\n\t<meta property=\"og:image:height\" content=\"900\" \/>\n\t<meta property=\"og:image:type\" content=\"image\/png\" \/>\n<meta name=\"twitter:card\" content=\"summary_large_image\" \/>\n<meta name=\"twitter:label1\" content=\"Gesch\u00e4tzte Lesezeit\" \/>\n\t<meta name=\"twitter:data1\" content=\"1\u00a0Minute\" \/>\n<script type=\"application\/ld+json\" class=\"yoast-schema-graph\">{\"@context\":\"https:\/\/schema.org\",\"@graph\":[{\"@type\":\"WebPage\",\"@id\":\"https:\/\/trautweingut.de\/shop\/produkt\/2020-grand-fohberg-chardonnay\/\",\"url\":\"https:\/\/trautweingut.de\/shop\/produkt\/2020-grand-fohberg-chardonnay\/\",\"name\":\"2024 GRAND FOHBERG CHARDONNAY - Weingut Trautwein Shop\",\"isPartOf\":{\"@id\":\"https:\/\/trautweingut.de\/shop\/#website\"},\"primaryImageOfPage\":{\"@id\":\"https:\/\/trautweingut.de\/shop\/produkt\/2020-grand-fohberg-chardonnay\/#primaryimage\"},\"image\":{\"@id\":\"https:\/\/trautweingut.de\/shop\/produkt\/2020-grand-fohberg-chardonnay\/#primaryimage\"},\"thumbnailUrl\":\"https:\/\/trautweingut.de\/shop\/wp-content\/uploads\/2022\/06\/Grand-Chardonnay-Fohberg-1.png\",\"datePublished\":\"2022-06-20T10:43:31+00:00\",\"dateModified\":\"2026-02-11T18:29:57+00:00\",\"breadcrumb\":{\"@id\":\"https:\/\/trautweingut.de\/shop\/produkt\/2020-grand-fohberg-chardonnay\/#breadcrumb\"},\"inLanguage\":\"de\",\"potentialAction\":[{\"@type\":\"ReadAction\",\"target\":[\"https:\/\/trautweingut.de\/shop\/produkt\/2020-grand-fohberg-chardonnay\/\"]}]},{\"@type\":\"ImageObject\",\"inLanguage\":\"de\",\"@id\":\"https:\/\/trautweingut.de\/shop\/produkt\/2020-grand-fohberg-chardonnay\/#primaryimage\",\"url\":\"https:\/\/trautweingut.de\/shop\/wp-content\/uploads\/2022\/06\/Grand-Chardonnay-Fohberg-1.png\",\"contentUrl\":\"https:\/\/trautweingut.de\/shop\/wp-content\/uploads\/2022\/06\/Grand-Chardonnay-Fohberg-1.png\",\"width\":310,\"height\":900},{\"@type\":\"BreadcrumbList\",\"@id\":\"https:\/\/trautweingut.de\/shop\/produkt\/2020-grand-fohberg-chardonnay\/#breadcrumb\",\"itemListElement\":[{\"@type\":\"ListItem\",\"position\":1,\"name\":\"Startseite\",\"item\":\"https:\/\/trautweingut.de\/shop\/\"},{\"@type\":\"ListItem\",\"position\":2,\"name\":\"Shop\",\"item\":\"https:\/\/trautweingut.de\/shop\/shop\/\"},{\"@type\":\"ListItem\",\"position\":3,\"name\":\"2024 GRAND FOHBERG CHARDONNAY\"}]},{\"@type\":\"WebSite\",\"@id\":\"https:\/\/trautweingut.de\/shop\/#website\",\"url\":\"https:\/\/trautweingut.de\/shop\/\",\"name\":\"Weingut Trautwein Shop\",\"description\":\"Seit 1649\",\"potentialAction\":[{\"@type\":\"SearchAction\",\"target\":{\"@type\":\"EntryPoint\",\"urlTemplate\":\"https:\/\/trautweingut.de\/shop\/?s={search_term_string}\"},\"query-input\":{\"@type\":\"PropertyValueSpecification\",\"valueRequired\":true,\"valueName\":\"search_term_string\"}}],\"inLanguage\":\"de\"}]}<\/script>\n<!-- \/ Yoast SEO plugin. -->","yoast_head_json":{"title":"2024 GRAND FOHBERG CHARDONNAY - Weingut Trautwein Shop","robots":{"index":"index","follow":"follow","max-snippet":"max-snippet:-1","max-image-preview":"max-image-preview:large","max-video-preview":"max-video-preview:-1"},"canonical":"https:\/\/trautweingut.de\/shop\/produkt\/2020-grand-fohberg-chardonnay\/","og_locale":"de_DE","og_type":"article","og_title":"2024 GRAND FOHBERG CHARDONNAY - Weingut Trautwein Shop","og_description":"Biodynamisch zertifiziert nach Demeter DE-\u00d6KO-006   N\u00e4hrwertangaben je 100 ml:Brennwert: 319 kJ \/ 76 kcalKohlenhydrate: 1,1 g\u00a0\u00a0\u00a0davon Zucker: 0 gEiwei\u00df: 0 g Enth\u00e4lt geringf\u00fcgige Mengen von Fett, ges\u00e4ttigten Fetts\u00e4uren, Eiwei\u00df und Salz. Zutaten:Bio-Saccharose, S\u00e4ureregulator: Weins\u00e4ure, Bio-Trauben, enth\u00e4lt Sulfite, Konservierungsstoff: Sulfite    &nbsp;","og_url":"https:\/\/trautweingut.de\/shop\/produkt\/2020-grand-fohberg-chardonnay\/","og_site_name":"Weingut Trautwein Shop","article_modified_time":"2026-02-11T18:29:57+00:00","og_image":[{"width":310,"height":900,"url":"https:\/\/trautweingut.de\/shop\/wp-content\/uploads\/2022\/06\/Grand-Chardonnay-Fohberg-1.png","type":"image\/png"}],"twitter_card":"summary_large_image","twitter_misc":{"Gesch\u00e4tzte Lesezeit":"1\u00a0Minute"},"schema":{"@context":"https:\/\/schema.org","@graph":[{"@type":"WebPage","@id":"https:\/\/trautweingut.de\/shop\/produkt\/2020-grand-fohberg-chardonnay\/","url":"https:\/\/trautweingut.de\/shop\/produkt\/2020-grand-fohberg-chardonnay\/","name":"2024 GRAND FOHBERG CHARDONNAY - Weingut Trautwein Shop","isPartOf":{"@id":"https:\/\/trautweingut.de\/shop\/#website"},"primaryImageOfPage":{"@id":"https:\/\/trautweingut.de\/shop\/produkt\/2020-grand-fohberg-chardonnay\/#primaryimage"},"image":{"@id":"https:\/\/trautweingut.de\/shop\/produkt\/2020-grand-fohberg-chardonnay\/#primaryimage"},"thumbnailUrl":"https:\/\/trautweingut.de\/shop\/wp-content\/uploads\/2022\/06\/Grand-Chardonnay-Fohberg-1.png","datePublished":"2022-06-20T10:43:31+00:00","dateModified":"2026-02-11T18:29:57+00:00","breadcrumb":{"@id":"https:\/\/trautweingut.de\/shop\/produkt\/2020-grand-fohberg-chardonnay\/#breadcrumb"},"inLanguage":"de","potentialAction":[{"@type":"ReadAction","target":["https:\/\/trautweingut.de\/shop\/produkt\/2020-grand-fohberg-chardonnay\/"]}]},{"@type":"ImageObject","inLanguage":"de","@id":"https:\/\/trautweingut.de\/shop\/produkt\/2020-grand-fohberg-chardonnay\/#primaryimage","url":"https:\/\/trautweingut.de\/shop\/wp-content\/uploads\/2022\/06\/Grand-Chardonnay-Fohberg-1.png","contentUrl":"https:\/\/trautweingut.de\/shop\/wp-content\/uploads\/2022\/06\/Grand-Chardonnay-Fohberg-1.png","width":310,"height":900},{"@type":"BreadcrumbList","@id":"https:\/\/trautweingut.de\/shop\/produkt\/2020-grand-fohberg-chardonnay\/#breadcrumb","itemListElement":[{"@type":"ListItem","position":1,"name":"Startseite","item":"https:\/\/trautweingut.de\/shop\/"},{"@type":"ListItem","position":2,"name":"Shop","item":"https:\/\/trautweingut.de\/shop\/shop\/"},{"@type":"ListItem","position":3,"name":"2024 GRAND FOHBERG CHARDONNAY"}]},{"@type":"WebSite","@id":"https:\/\/trautweingut.de\/shop\/#website","url":"https:\/\/trautweingut.de\/shop\/","name":"Weingut Trautwein Shop","description":"Seit 1649","potentialAction":[{"@type":"SearchAction","target":{"@type":"EntryPoint","urlTemplate":"https:\/\/trautweingut.de\/shop\/?s={search_term_string}"},"query-input":{"@type":"PropertyValueSpecification","valueRequired":true,"valueName":"search_term_string"}}],"inLanguage":"de"}]}},"_links":{"self":[{"href":"https:\/\/trautweingut.de\/shop\/wp-json\/wp\/v2\/product\/2005","targetHints":{"allow":["GET"]}}],"collection":[{"href":"https:\/\/trautweingut.de\/shop\/wp-json\/wp\/v2\/product"}],"about":[{"href":"https:\/\/trautweingut.de\/shop\/wp-json\/wp\/v2\/types\/product"}],"author":[{"embeddable":true,"href":"https:\/\/trautweingut.de\/shop\/wp-json\/wp\/v2\/users\/3"}],"replies":[{"embeddable":true,"href":"https:\/\/trautweingut.de\/shop\/wp-json\/wp\/v2\/comments?post=2005"}],"wp:featuredmedia":[{"embeddable":true,"href":"https:\/\/trautweingut.de\/shop\/wp-json\/wp\/v2\/media\/3875"}],"wp:attachment":[{"href":"https:\/\/trautweingut.de\/shop\/wp-json\/wp\/v2\/media?parent=2005"}],"wp:term":[{"taxonomy":"product_brand","embeddable":true,"href":"https:\/\/trautweingut.de\/shop\/wp-json\/wp\/v2\/product_brand?post=2005"},{"taxonomy":"product_cat","embeddable":true,"href":"https:\/\/trautweingut.de\/shop\/wp-json\/wp\/v2\/product_cat?post=2005"},{"taxonomy":"product_tag","embeddable":true,"href":"https:\/\/trautweingut.de\/shop\/wp-json\/wp\/v2\/product_tag?post=2005"}],"curies":[{"name":"wp","href":"https:\/\/api.w.org\/{rel}","templated":true}]}}