{"id":4020,"date":"2024-04-28T18:56:28","date_gmt":"2024-04-28T16:56:28","guid":{"rendered":"https:\/\/trautweingut.de\/shop\/?post_type=product&#038;p=4020"},"modified":"2026-03-28T10:23:56","modified_gmt":"2026-03-28T09:23:56","slug":"walking-tasting","status":"publish","type":"product","link":"https:\/\/trautweingut.de\/shop\/produkt\/walking-tasting\/","title":{"rendered":"WALKING TASTING"},"content":{"rendered":"<p>Die perfekte Kombination aus Landschaft und Weingenuss.<\/p>\n","protected":false},"excerpt":{"rendered":"<p data-start=\"231\" data-end=\"669\">Es erwartet Sie ein Spaziergang durch die charakteristische Kulturlandschaft des Kaiserstuhls \u2013 mit Weitblick in alle Himmelsrichtungen. Unterwegs erleben Sie unsere Weinberge, den biodynamischen Weinbau und die Besonderheiten unserer Lagen direkt vor Ort. An ausgew\u00e4hlten Stationen werden insgesamt f\u00fcnf Weine ausgeschenkt und erl\u00e4utert. Ein Erlebnis zwischen Natur, Genuss und Wissensvermittlung \u2013 Infotainment in seiner sch\u00f6nsten Form.<\/p>\n<p data-start=\"671\" data-end=\"696\"><strong data-start=\"671\" data-end=\"694\">Ablauf &amp; Leistungen<\/strong><\/p>\n<ul data-start=\"697\" data-end=\"887\">\n<li data-start=\"697\" data-end=\"753\">\n<p data-start=\"699\" data-end=\"753\">Rundgang durch die Weinberge (ca. 2,5 bis 3 Stunden)<\/p>\n<\/li>\n<li data-start=\"754\" data-end=\"819\">\n<p data-start=\"756\" data-end=\"819\">F\u00fcnf Weine entlang der Strecke, inklusive Cr\u00e9mant zum Auftakt<\/p>\n<\/li>\n<li data-start=\"820\" data-end=\"840\">\n<p data-start=\"822\" data-end=\"840\">Wasser inklusive<\/p>\n<\/li>\n<li data-start=\"841\" data-end=\"887\">\n<p data-start=\"843\" data-end=\"887\">Eigenes Vesper kann gerne mitgebracht werden<\/p>\n<\/li>\n<\/ul>\n<p data-start=\"889\" data-end=\"916\"><strong data-start=\"889\" data-end=\"898\">Preis<\/strong><br data-start=\"898\" data-end=\"901\" \/>40 \u20ac pro Person<\/p>\n<p data-start=\"918\" data-end=\"1031\"><strong data-start=\"918\" data-end=\"942\">Individuelle Termine<\/strong><br data-start=\"942\" data-end=\"945\" \/>Ab 8 Personen sind Wunschtermine individuell buchbar.<br data-start=\"998\" data-end=\"1001\" \/>Kontakt: <a class=\"decorated-link cursor-pointer\" rel=\"noopener\" data-start=\"1010\" data-end=\"1031\">info@trautweingut.com<\/a><\/p>\n<p>&nbsp;<\/p>\n","protected":false},"author":3,"featured_media":4021,"comment_status":"open","ping_status":"closed","template":"","meta":{"_acf_changed":false,"_et_pb_use_builder":"","_et_pb_old_content":"","_et_gb_content_width":""},"product_brand":[],"product_cat":[79],"product_tag":[],"class_list":{"0":"post-4020","1":"product","2":"type-product","3":"status-publish","4":"has-post-thumbnail","6":"product_cat-event","7":"product_shipping_class-versandkostenfrei","9":"first","10":"instock","11":"virtual","12":"taxable","13":"purchasable","14":"product-type-simple"},"acf":[],"yoast_head":"<!-- This site is optimized with the Yoast SEO plugin v27.2 - https:\/\/yoast.com\/product\/yoast-seo-wordpress\/ -->\n<title>VINEYARD DINING mit WEINBERGSWANDERUNG<\/title>\n<meta name=\"description\" content=\"Dreig\u00e4ngiges Vineyard Dining in den Weinbergen mit biodynamischen Weinen, Start: 10.30 Uhr \u00b7 Weinbergswanderung: 9km \u00b7 ca. 5\u20136 Stunden \u00b7 2\u20138 Personen\" \/>\n<meta name=\"robots\" content=\"index, follow, max-snippet:-1, max-image-preview:large, max-video-preview:-1\" \/>\n<link rel=\"canonical\" href=\"https:\/\/trautweingut.de\/shop\/produkt\/walking-tasting\/\" \/>\n<meta property=\"og:locale\" content=\"de_DE\" \/>\n<meta property=\"og:type\" content=\"article\" \/>\n<meta property=\"og:title\" content=\"VINEYARD DINING mit WEINBERGSWANDERUNG\" \/>\n<meta property=\"og:description\" content=\"Dreig\u00e4ngiges Vineyard Dining in den Weinbergen mit biodynamischen Weinen, Start: 10.30 Uhr \u00b7 Weinbergswanderung: 9km \u00b7 ca. 5\u20136 Stunden \u00b7 2\u20138 Personen\" \/>\n<meta property=\"og:url\" content=\"https:\/\/trautweingut.de\/shop\/produkt\/walking-tasting\/\" \/>\n<meta property=\"og:site_name\" content=\"Weingut Trautwein Shop\" \/>\n<meta property=\"article:modified_time\" content=\"2026-03-28T09:23:56+00:00\" \/>\n<meta property=\"og:image\" content=\"https:\/\/trautweingut.de\/shop\/wp-content\/uploads\/2024\/04\/melaniemaerz210529_061.jpg\" \/>\n\t<meta property=\"og:image:width\" content=\"720\" \/>\n\t<meta property=\"og:image:height\" content=\"1080\" \/>\n\t<meta property=\"og:image:type\" content=\"image\/jpeg\" \/>\n<meta name=\"twitter:card\" content=\"summary_large_image\" \/>\n<meta name=\"twitter:label1\" content=\"Gesch\u00e4tzte Lesezeit\" \/>\n\t<meta name=\"twitter:data1\" content=\"1\u00a0Minute\" \/>\n<script type=\"application\/ld+json\" class=\"yoast-schema-graph\">{\"@context\":\"https:\/\/schema.org\",\"@graph\":[{\"@type\":\"WebPage\",\"@id\":\"https:\/\/trautweingut.de\/shop\/produkt\/walking-tasting\/\",\"url\":\"https:\/\/trautweingut.de\/shop\/produkt\/walking-tasting\/\",\"name\":\"VINEYARD DINING mit WEINBERGSWANDERUNG\",\"isPartOf\":{\"@id\":\"https:\/\/trautweingut.de\/shop\/#website\"},\"primaryImageOfPage\":{\"@id\":\"https:\/\/trautweingut.de\/shop\/produkt\/walking-tasting\/#primaryimage\"},\"image\":{\"@id\":\"https:\/\/trautweingut.de\/shop\/produkt\/walking-tasting\/#primaryimage\"},\"thumbnailUrl\":\"https:\/\/trautweingut.de\/shop\/wp-content\/uploads\/2024\/04\/melaniemaerz210529_061.jpg\",\"datePublished\":\"2024-04-28T16:56:28+00:00\",\"dateModified\":\"2026-03-28T09:23:56+00:00\",\"description\":\"Dreig\u00e4ngiges Vineyard Dining in den Weinbergen mit biodynamischen Weinen, Start: 10.30 Uhr \u00b7 Weinbergswanderung: 9km \u00b7 ca. 5\u20136 Stunden \u00b7 2\u20138 Personen\",\"breadcrumb\":{\"@id\":\"https:\/\/trautweingut.de\/shop\/produkt\/walking-tasting\/#breadcrumb\"},\"inLanguage\":\"de\",\"potentialAction\":[{\"@type\":\"ReadAction\",\"target\":[\"https:\/\/trautweingut.de\/shop\/produkt\/walking-tasting\/\"]}]},{\"@type\":\"ImageObject\",\"inLanguage\":\"de\",\"@id\":\"https:\/\/trautweingut.de\/shop\/produkt\/walking-tasting\/#primaryimage\",\"url\":\"https:\/\/trautweingut.de\/shop\/wp-content\/uploads\/2024\/04\/melaniemaerz210529_061.jpg\",\"contentUrl\":\"https:\/\/trautweingut.de\/shop\/wp-content\/uploads\/2024\/04\/melaniemaerz210529_061.jpg\",\"width\":720,\"height\":1080},{\"@type\":\"BreadcrumbList\",\"@id\":\"https:\/\/trautweingut.de\/shop\/produkt\/walking-tasting\/#breadcrumb\",\"itemListElement\":[{\"@type\":\"ListItem\",\"position\":1,\"name\":\"Startseite\",\"item\":\"https:\/\/trautweingut.de\/shop\/\"},{\"@type\":\"ListItem\",\"position\":2,\"name\":\"Shop\",\"item\":\"https:\/\/trautweingut.de\/shop\/shop\/\"},{\"@type\":\"ListItem\",\"position\":3,\"name\":\"WALKING TASTING\"}]},{\"@type\":\"WebSite\",\"@id\":\"https:\/\/trautweingut.de\/shop\/#website\",\"url\":\"https:\/\/trautweingut.de\/shop\/\",\"name\":\"Weingut Trautwein Shop\",\"description\":\"Seit 1649\",\"potentialAction\":[{\"@type\":\"SearchAction\",\"target\":{\"@type\":\"EntryPoint\",\"urlTemplate\":\"https:\/\/trautweingut.de\/shop\/?s={search_term_string}\"},\"query-input\":{\"@type\":\"PropertyValueSpecification\",\"valueRequired\":true,\"valueName\":\"search_term_string\"}}],\"inLanguage\":\"de\"}]}<\/script>\n<!-- \/ Yoast SEO plugin. -->","yoast_head_json":{"title":"VINEYARD DINING mit WEINBERGSWANDERUNG","description":"Dreig\u00e4ngiges Vineyard Dining in den Weinbergen mit biodynamischen Weinen, Start: 10.30 Uhr \u00b7 Weinbergswanderung: 9km \u00b7 ca. 5\u20136 Stunden \u00b7 2\u20138 Personen","robots":{"index":"index","follow":"follow","max-snippet":"max-snippet:-1","max-image-preview":"max-image-preview:large","max-video-preview":"max-video-preview:-1"},"canonical":"https:\/\/trautweingut.de\/shop\/produkt\/walking-tasting\/","og_locale":"de_DE","og_type":"article","og_title":"VINEYARD DINING mit WEINBERGSWANDERUNG","og_description":"Dreig\u00e4ngiges Vineyard Dining in den Weinbergen mit biodynamischen Weinen, Start: 10.30 Uhr \u00b7 Weinbergswanderung: 9km \u00b7 ca. 5\u20136 Stunden \u00b7 2\u20138 Personen","og_url":"https:\/\/trautweingut.de\/shop\/produkt\/walking-tasting\/","og_site_name":"Weingut Trautwein Shop","article_modified_time":"2026-03-28T09:23:56+00:00","og_image":[{"width":720,"height":1080,"url":"https:\/\/trautweingut.de\/shop\/wp-content\/uploads\/2024\/04\/melaniemaerz210529_061.jpg","type":"image\/jpeg"}],"twitter_card":"summary_large_image","twitter_misc":{"Gesch\u00e4tzte Lesezeit":"1\u00a0Minute"},"schema":{"@context":"https:\/\/schema.org","@graph":[{"@type":"WebPage","@id":"https:\/\/trautweingut.de\/shop\/produkt\/walking-tasting\/","url":"https:\/\/trautweingut.de\/shop\/produkt\/walking-tasting\/","name":"VINEYARD DINING mit WEINBERGSWANDERUNG","isPartOf":{"@id":"https:\/\/trautweingut.de\/shop\/#website"},"primaryImageOfPage":{"@id":"https:\/\/trautweingut.de\/shop\/produkt\/walking-tasting\/#primaryimage"},"image":{"@id":"https:\/\/trautweingut.de\/shop\/produkt\/walking-tasting\/#primaryimage"},"thumbnailUrl":"https:\/\/trautweingut.de\/shop\/wp-content\/uploads\/2024\/04\/melaniemaerz210529_061.jpg","datePublished":"2024-04-28T16:56:28+00:00","dateModified":"2026-03-28T09:23:56+00:00","description":"Dreig\u00e4ngiges Vineyard Dining in den Weinbergen mit biodynamischen Weinen, Start: 10.30 Uhr \u00b7 Weinbergswanderung: 9km \u00b7 ca. 5\u20136 Stunden \u00b7 2\u20138 Personen","breadcrumb":{"@id":"https:\/\/trautweingut.de\/shop\/produkt\/walking-tasting\/#breadcrumb"},"inLanguage":"de","potentialAction":[{"@type":"ReadAction","target":["https:\/\/trautweingut.de\/shop\/produkt\/walking-tasting\/"]}]},{"@type":"ImageObject","inLanguage":"de","@id":"https:\/\/trautweingut.de\/shop\/produkt\/walking-tasting\/#primaryimage","url":"https:\/\/trautweingut.de\/shop\/wp-content\/uploads\/2024\/04\/melaniemaerz210529_061.jpg","contentUrl":"https:\/\/trautweingut.de\/shop\/wp-content\/uploads\/2024\/04\/melaniemaerz210529_061.jpg","width":720,"height":1080},{"@type":"BreadcrumbList","@id":"https:\/\/trautweingut.de\/shop\/produkt\/walking-tasting\/#breadcrumb","itemListElement":[{"@type":"ListItem","position":1,"name":"Startseite","item":"https:\/\/trautweingut.de\/shop\/"},{"@type":"ListItem","position":2,"name":"Shop","item":"https:\/\/trautweingut.de\/shop\/shop\/"},{"@type":"ListItem","position":3,"name":"WALKING TASTING"}]},{"@type":"WebSite","@id":"https:\/\/trautweingut.de\/shop\/#website","url":"https:\/\/trautweingut.de\/shop\/","name":"Weingut Trautwein Shop","description":"Seit 1649","potentialAction":[{"@type":"SearchAction","target":{"@type":"EntryPoint","urlTemplate":"https:\/\/trautweingut.de\/shop\/?s={search_term_string}"},"query-input":{"@type":"PropertyValueSpecification","valueRequired":true,"valueName":"search_term_string"}}],"inLanguage":"de"}]}},"_links":{"self":[{"href":"https:\/\/trautweingut.de\/shop\/wp-json\/wp\/v2\/product\/4020","targetHints":{"allow":["GET"]}}],"collection":[{"href":"https:\/\/trautweingut.de\/shop\/wp-json\/wp\/v2\/product"}],"about":[{"href":"https:\/\/trautweingut.de\/shop\/wp-json\/wp\/v2\/types\/product"}],"author":[{"embeddable":true,"href":"https:\/\/trautweingut.de\/shop\/wp-json\/wp\/v2\/users\/3"}],"replies":[{"embeddable":true,"href":"https:\/\/trautweingut.de\/shop\/wp-json\/wp\/v2\/comments?post=4020"}],"wp:featuredmedia":[{"embeddable":true,"href":"https:\/\/trautweingut.de\/shop\/wp-json\/wp\/v2\/media\/4021"}],"wp:attachment":[{"href":"https:\/\/trautweingut.de\/shop\/wp-json\/wp\/v2\/media?parent=4020"}],"wp:term":[{"taxonomy":"product_brand","embeddable":true,"href":"https:\/\/trautweingut.de\/shop\/wp-json\/wp\/v2\/product_brand?post=4020"},{"taxonomy":"product_cat","embeddable":true,"href":"https:\/\/trautweingut.de\/shop\/wp-json\/wp\/v2\/product_cat?post=4020"},{"taxonomy":"product_tag","embeddable":true,"href":"https:\/\/trautweingut.de\/shop\/wp-json\/wp\/v2\/product_tag?post=4020"}],"curies":[{"name":"wp","href":"https:\/\/api.w.org\/{rel}","templated":true}]}}