{"id":4025,"date":"2024-04-28T20:29:50","date_gmt":"2024-04-28T18:29:50","guid":{"rendered":"https:\/\/trautweingut.de\/shop\/?post_type=product&#038;p=4025"},"modified":"2026-01-01T20:35:24","modified_gmt":"2026-01-01T19:35:24","slug":"bike-and-wine","status":"publish","type":"product","link":"https:\/\/trautweingut.de\/shop\/produkt\/bike-and-wine\/","title":{"rendered":"BIKE AND WINE"},"content":{"rendered":"<p>das ultimative Erlebnis von Terroir auf zwei R\u00e4dern.<\/p>\n","protected":false},"excerpt":{"rendered":"<p data-start=\"154\" data-end=\"213\"><strong data-start=\"154\" data-end=\"213\">E-Bike Weinlagen-Tour \u2013 Biodynamische Weinberge erleben<\/strong><\/p>\n<p data-start=\"215\" data-end=\"661\">Wir steuern mit dem E-Bike unsere sch\u00f6nsten Lagen mit spektakul\u00e4ren Ausblicken an und genie\u00dfen vor Ort die jeweiligen Crus. Gestartet wird am Weingut mit einem Cr\u00e9mant. Anschlie\u00dfend erkunden wir die Gemarkung, halten an unseren Premium-Lagen und probieren dort jeweils den passenden Wein. An vier Stationen erwarten Sie ausgew\u00e4hlte Crus sowie anschauliche Informationen rund um den biodynamischen Weinbau. Das Ende der Tour ist wieder am Weingut.<\/p>\n<p data-start=\"663\" data-end=\"735\">Die Tour dauert etwa 3 Stunden und ist mit dem E-Bike gut zu bew\u00e4ltigen.<\/p>\n<p data-start=\"737\" data-end=\"917\"><strong data-start=\"737\" data-end=\"757\">Leistung &amp; Preis<\/strong><br data-start=\"757\" data-end=\"760\" \/>45 \u20ac pro Person \u2013 inklusive Cr\u00e9mant, Wein &amp; Wasser<br data-start=\"810\" data-end=\"813\" \/>Eigenes Vesper kann gerne mitgebracht werden.<\/p>\n<p data-start=\"919\" data-end=\"1040\"><strong data-start=\"919\" data-end=\"938\">Start &amp; Termine<\/strong><br data-start=\"938\" data-end=\"941\" \/>Start: 14 Uhr am Weingut<br data-start=\"965\" data-end=\"968\" \/>Weitere Termine nach Absprache \u2013 ab 8 Personen auch individuell buchbar.<\/p>\n<p data-start=\"1042\" data-end=\"1132\"><strong data-start=\"1042\" data-end=\"1067\">Schlechtwetter-Option<\/strong><br data-start=\"1067\" data-end=\"1070\" \/>Bei Regen findet eine Weinprobe in unserer Probierstube statt.<\/p>\n","protected":false},"author":3,"featured_media":4027,"comment_status":"open","ping_status":"closed","template":"","meta":{"_acf_changed":false,"_et_pb_use_builder":"","_et_pb_old_content":"","_et_gb_content_width":""},"product_brand":[],"product_cat":[79],"product_tag":[],"class_list":{"0":"post-4025","1":"product","2":"type-product","3":"status-publish","4":"has-post-thumbnail","6":"product_cat-event","7":"product_shipping_class-versandkostenfrei","9":"first","10":"instock","11":"virtual","12":"taxable","13":"purchasable","14":"product-type-simple"},"acf":[],"yoast_head":"<!-- This site is optimized with the Yoast SEO plugin v27.2 - https:\/\/yoast.com\/product\/yoast-seo-wordpress\/ -->\n<title>VINEYARD DINING mit WEINBERGSWANDERUNG<\/title>\n<meta name=\"description\" content=\"Dreig\u00e4ngiges Vineyard Dining in den Weinbergen mit biodynamischen Weinen, Start: 10.30 Uhr \u00b7 Weinbergswanderung: 9km \u00b7 ca. 5\u20136 Stunden \u00b7 2\u20138 Personen\" \/>\n<meta name=\"robots\" content=\"index, follow, max-snippet:-1, max-image-preview:large, max-video-preview:-1\" \/>\n<link rel=\"canonical\" href=\"https:\/\/trautweingut.de\/shop\/produkt\/bike-and-wine\/\" \/>\n<meta property=\"og:locale\" content=\"de_DE\" \/>\n<meta property=\"og:type\" content=\"article\" \/>\n<meta property=\"og:title\" content=\"VINEYARD DINING mit WEINBERGSWANDERUNG\" \/>\n<meta property=\"og:description\" content=\"Dreig\u00e4ngiges Vineyard Dining in den Weinbergen mit biodynamischen Weinen, Start: 10.30 Uhr \u00b7 Weinbergswanderung: 9km \u00b7 ca. 5\u20136 Stunden \u00b7 2\u20138 Personen\" \/>\n<meta property=\"og:url\" content=\"https:\/\/trautweingut.de\/shop\/produkt\/bike-and-wine\/\" \/>\n<meta property=\"og:site_name\" content=\"Weingut Trautwein Shop\" \/>\n<meta property=\"article:modified_time\" content=\"2026-01-01T19:35:24+00:00\" \/>\n<meta property=\"og:image\" content=\"https:\/\/trautweingut.de\/shop\/wp-content\/uploads\/2024\/04\/melaniemaerz230531079.jpg\" \/>\n\t<meta property=\"og:image:width\" content=\"720\" \/>\n\t<meta property=\"og:image:height\" content=\"1080\" \/>\n\t<meta property=\"og:image:type\" content=\"image\/jpeg\" \/>\n<meta name=\"twitter:card\" content=\"summary_large_image\" \/>\n<meta name=\"twitter:label1\" content=\"Gesch\u00e4tzte Lesezeit\" \/>\n\t<meta name=\"twitter:data1\" content=\"1\u00a0Minute\" \/>\n<script type=\"application\/ld+json\" class=\"yoast-schema-graph\">{\"@context\":\"https:\/\/schema.org\",\"@graph\":[{\"@type\":\"WebPage\",\"@id\":\"https:\/\/trautweingut.de\/shop\/produkt\/bike-and-wine\/\",\"url\":\"https:\/\/trautweingut.de\/shop\/produkt\/bike-and-wine\/\",\"name\":\"VINEYARD DINING mit WEINBERGSWANDERUNG\",\"isPartOf\":{\"@id\":\"https:\/\/trautweingut.de\/shop\/#website\"},\"primaryImageOfPage\":{\"@id\":\"https:\/\/trautweingut.de\/shop\/produkt\/bike-and-wine\/#primaryimage\"},\"image\":{\"@id\":\"https:\/\/trautweingut.de\/shop\/produkt\/bike-and-wine\/#primaryimage\"},\"thumbnailUrl\":\"https:\/\/trautweingut.de\/shop\/wp-content\/uploads\/2024\/04\/melaniemaerz230531079.jpg\",\"datePublished\":\"2024-04-28T18:29:50+00:00\",\"dateModified\":\"2026-01-01T19:35:24+00:00\",\"description\":\"Dreig\u00e4ngiges Vineyard Dining in den Weinbergen mit biodynamischen Weinen, Start: 10.30 Uhr \u00b7 Weinbergswanderung: 9km \u00b7 ca. 5\u20136 Stunden \u00b7 2\u20138 Personen\",\"breadcrumb\":{\"@id\":\"https:\/\/trautweingut.de\/shop\/produkt\/bike-and-wine\/#breadcrumb\"},\"inLanguage\":\"de\",\"potentialAction\":[{\"@type\":\"ReadAction\",\"target\":[\"https:\/\/trautweingut.de\/shop\/produkt\/bike-and-wine\/\"]}]},{\"@type\":\"ImageObject\",\"inLanguage\":\"de\",\"@id\":\"https:\/\/trautweingut.de\/shop\/produkt\/bike-and-wine\/#primaryimage\",\"url\":\"https:\/\/trautweingut.de\/shop\/wp-content\/uploads\/2024\/04\/melaniemaerz230531079.jpg\",\"contentUrl\":\"https:\/\/trautweingut.de\/shop\/wp-content\/uploads\/2024\/04\/melaniemaerz230531079.jpg\",\"width\":720,\"height\":1080},{\"@type\":\"BreadcrumbList\",\"@id\":\"https:\/\/trautweingut.de\/shop\/produkt\/bike-and-wine\/#breadcrumb\",\"itemListElement\":[{\"@type\":\"ListItem\",\"position\":1,\"name\":\"Startseite\",\"item\":\"https:\/\/trautweingut.de\/shop\/\"},{\"@type\":\"ListItem\",\"position\":2,\"name\":\"Shop\",\"item\":\"https:\/\/trautweingut.de\/shop\/shop\/\"},{\"@type\":\"ListItem\",\"position\":3,\"name\":\"BIKE AND WINE\"}]},{\"@type\":\"WebSite\",\"@id\":\"https:\/\/trautweingut.de\/shop\/#website\",\"url\":\"https:\/\/trautweingut.de\/shop\/\",\"name\":\"Weingut Trautwein Shop\",\"description\":\"Seit 1649\",\"potentialAction\":[{\"@type\":\"SearchAction\",\"target\":{\"@type\":\"EntryPoint\",\"urlTemplate\":\"https:\/\/trautweingut.de\/shop\/?s={search_term_string}\"},\"query-input\":{\"@type\":\"PropertyValueSpecification\",\"valueRequired\":true,\"valueName\":\"search_term_string\"}}],\"inLanguage\":\"de\"}]}<\/script>\n<!-- \/ Yoast SEO plugin. -->","yoast_head_json":{"title":"VINEYARD DINING mit WEINBERGSWANDERUNG","description":"Dreig\u00e4ngiges Vineyard Dining in den Weinbergen mit biodynamischen Weinen, Start: 10.30 Uhr \u00b7 Weinbergswanderung: 9km \u00b7 ca. 5\u20136 Stunden \u00b7 2\u20138 Personen","robots":{"index":"index","follow":"follow","max-snippet":"max-snippet:-1","max-image-preview":"max-image-preview:large","max-video-preview":"max-video-preview:-1"},"canonical":"https:\/\/trautweingut.de\/shop\/produkt\/bike-and-wine\/","og_locale":"de_DE","og_type":"article","og_title":"VINEYARD DINING mit WEINBERGSWANDERUNG","og_description":"Dreig\u00e4ngiges Vineyard Dining in den Weinbergen mit biodynamischen Weinen, Start: 10.30 Uhr \u00b7 Weinbergswanderung: 9km \u00b7 ca. 5\u20136 Stunden \u00b7 2\u20138 Personen","og_url":"https:\/\/trautweingut.de\/shop\/produkt\/bike-and-wine\/","og_site_name":"Weingut Trautwein Shop","article_modified_time":"2026-01-01T19:35:24+00:00","og_image":[{"width":720,"height":1080,"url":"https:\/\/trautweingut.de\/shop\/wp-content\/uploads\/2024\/04\/melaniemaerz230531079.jpg","type":"image\/jpeg"}],"twitter_card":"summary_large_image","twitter_misc":{"Gesch\u00e4tzte Lesezeit":"1\u00a0Minute"},"schema":{"@context":"https:\/\/schema.org","@graph":[{"@type":"WebPage","@id":"https:\/\/trautweingut.de\/shop\/produkt\/bike-and-wine\/","url":"https:\/\/trautweingut.de\/shop\/produkt\/bike-and-wine\/","name":"VINEYARD DINING mit WEINBERGSWANDERUNG","isPartOf":{"@id":"https:\/\/trautweingut.de\/shop\/#website"},"primaryImageOfPage":{"@id":"https:\/\/trautweingut.de\/shop\/produkt\/bike-and-wine\/#primaryimage"},"image":{"@id":"https:\/\/trautweingut.de\/shop\/produkt\/bike-and-wine\/#primaryimage"},"thumbnailUrl":"https:\/\/trautweingut.de\/shop\/wp-content\/uploads\/2024\/04\/melaniemaerz230531079.jpg","datePublished":"2024-04-28T18:29:50+00:00","dateModified":"2026-01-01T19:35:24+00:00","description":"Dreig\u00e4ngiges Vineyard Dining in den Weinbergen mit biodynamischen Weinen, Start: 10.30 Uhr \u00b7 Weinbergswanderung: 9km \u00b7 ca. 5\u20136 Stunden \u00b7 2\u20138 Personen","breadcrumb":{"@id":"https:\/\/trautweingut.de\/shop\/produkt\/bike-and-wine\/#breadcrumb"},"inLanguage":"de","potentialAction":[{"@type":"ReadAction","target":["https:\/\/trautweingut.de\/shop\/produkt\/bike-and-wine\/"]}]},{"@type":"ImageObject","inLanguage":"de","@id":"https:\/\/trautweingut.de\/shop\/produkt\/bike-and-wine\/#primaryimage","url":"https:\/\/trautweingut.de\/shop\/wp-content\/uploads\/2024\/04\/melaniemaerz230531079.jpg","contentUrl":"https:\/\/trautweingut.de\/shop\/wp-content\/uploads\/2024\/04\/melaniemaerz230531079.jpg","width":720,"height":1080},{"@type":"BreadcrumbList","@id":"https:\/\/trautweingut.de\/shop\/produkt\/bike-and-wine\/#breadcrumb","itemListElement":[{"@type":"ListItem","position":1,"name":"Startseite","item":"https:\/\/trautweingut.de\/shop\/"},{"@type":"ListItem","position":2,"name":"Shop","item":"https:\/\/trautweingut.de\/shop\/shop\/"},{"@type":"ListItem","position":3,"name":"BIKE AND WINE"}]},{"@type":"WebSite","@id":"https:\/\/trautweingut.de\/shop\/#website","url":"https:\/\/trautweingut.de\/shop\/","name":"Weingut Trautwein Shop","description":"Seit 1649","potentialAction":[{"@type":"SearchAction","target":{"@type":"EntryPoint","urlTemplate":"https:\/\/trautweingut.de\/shop\/?s={search_term_string}"},"query-input":{"@type":"PropertyValueSpecification","valueRequired":true,"valueName":"search_term_string"}}],"inLanguage":"de"}]}},"_links":{"self":[{"href":"https:\/\/trautweingut.de\/shop\/wp-json\/wp\/v2\/product\/4025","targetHints":{"allow":["GET"]}}],"collection":[{"href":"https:\/\/trautweingut.de\/shop\/wp-json\/wp\/v2\/product"}],"about":[{"href":"https:\/\/trautweingut.de\/shop\/wp-json\/wp\/v2\/types\/product"}],"author":[{"embeddable":true,"href":"https:\/\/trautweingut.de\/shop\/wp-json\/wp\/v2\/users\/3"}],"replies":[{"embeddable":true,"href":"https:\/\/trautweingut.de\/shop\/wp-json\/wp\/v2\/comments?post=4025"}],"wp:featuredmedia":[{"embeddable":true,"href":"https:\/\/trautweingut.de\/shop\/wp-json\/wp\/v2\/media\/4027"}],"wp:attachment":[{"href":"https:\/\/trautweingut.de\/shop\/wp-json\/wp\/v2\/media?parent=4025"}],"wp:term":[{"taxonomy":"product_brand","embeddable":true,"href":"https:\/\/trautweingut.de\/shop\/wp-json\/wp\/v2\/product_brand?post=4025"},{"taxonomy":"product_cat","embeddable":true,"href":"https:\/\/trautweingut.de\/shop\/wp-json\/wp\/v2\/product_cat?post=4025"},{"taxonomy":"product_tag","embeddable":true,"href":"https:\/\/trautweingut.de\/shop\/wp-json\/wp\/v2\/product_tag?post=4025"}],"curies":[{"name":"wp","href":"https:\/\/api.w.org\/{rel}","templated":true}]}}