{"id":4093,"date":"2024-06-03T18:52:09","date_gmt":"2024-06-03T16:52:09","guid":{"rendered":"https:\/\/trautweingut.de\/shop\/?post_type=product&#038;p=4093"},"modified":"2026-01-01T19:23:57","modified_gmt":"2026-01-01T18:23:57","slug":"2024-muskateller","status":"publish","type":"product","link":"https:\/\/trautweingut.de\/shop\/produkt\/2024-muskateller\/","title":{"rendered":"2024 MUSKATELLER"},"content":{"rendered":"<div class=\"flex flex-grow flex-col max-w-full\">\n<div class=\"min-h-[20px] text-message flex flex-col items-start gap-3 whitespace-pre-wrap break-words [.text-message+&amp;]:mt-5 overflow-x-auto\" data-message-author-role=\"assistant\" data-message-id=\"267d0336-d09a-4cdf-b19a-f6d005a7cc2a\">\n<div class=\"markdown prose w-full break-words dark:prose-invert light\">\n<p>Dieser trocken ausgebaute Muskateller ist eine regionale Spezialit\u00e4t aus einer der \u00e4ltesten bekannten Rebsorten. Dabei ist er alles andere als altmodisch: Die Verbindung aus fruchtbetontem Geschmack von Litschi, Limette und Holunderbl\u00fcten mit dem w\u00fcrzigen, namensgebenden Muskataroma macht unseren Muskateller Village zum idealen Ap\u00e9ritif-Wein.<\/p>\n<p>Als Begleiter zu knackigen Salaten, leichten Vorspeisen der s\u00fcdasiatischen K\u00fcche oder zu ged\u00fcnstetem Fisch mit Zitrone und Ingwer, holt dieser Wein sommerliches Flair ins Glas.<\/p>\n<\/div>\n<\/div>\n<\/div>\n","protected":false},"excerpt":{"rendered":"<p data-start=\"96\" data-end=\"214\"><strong data-start=\"96\" data-end=\"151\">Biodynamisch zertifiziert nach Demeter (DE-\u00d6KO-006)<\/strong><br data-start=\"151\" data-end=\"154\" \/>Alkohol: 10,5 % vol<br data-start=\"173\" data-end=\"176\" \/>S\u00e4ure: 7,2 g\/l<br data-start=\"190\" data-end=\"193\" \/>Restzucker: 6,7 g\/l<\/p>\n<p data-start=\"216\" data-end=\"357\"><strong data-start=\"216\" data-end=\"246\">N\u00e4hrwertangaben je 100 ml:<\/strong><br data-start=\"246\" data-end=\"249\" \/>Brennwert: 269 kJ \/ 64 kcal<br data-start=\"276\" data-end=\"279\" \/>Kohlenhydrate: 1,5 g<br data-start=\"299\" data-end=\"302\" \/>\u00a0\u00a0\u00a0davon Zucker: 0,67 g<br data-start=\"340\" data-end=\"343\" \/>Protein: 0 g<\/p>\n<p data-start=\"359\" data-end=\"437\">Enth\u00e4lt geringf\u00fcgige Mengen von Fett, ges\u00e4ttigten Fetts\u00e4uren, Eiwei\u00df und Salz.<\/p>\n<p data-start=\"439\" data-end=\"515\"><strong data-start=\"439\" data-end=\"451\">Zutaten:<\/strong><br data-start=\"451\" data-end=\"454\" \/>Bio-Trauben, Bio-Saccharose, Konservierungsstoff: <strong data-start=\"504\" data-end=\"515\">Sulfite<\/strong><\/p>\n<p data-start=\"517\" data-end=\"549\"><strong data-start=\"517\" data-end=\"529\">Hinweis:<\/strong> Enth\u00e4lt <strong data-start=\"538\" data-end=\"549\">Sulfite<\/strong><\/p>\n","protected":false},"author":3,"featured_media":3752,"comment_status":"open","ping_status":"closed","template":"","meta":{"_acf_changed":false,"_et_pb_use_builder":"","_et_pb_old_content":"","_et_gb_content_width":""},"product_brand":[],"product_cat":[50],"product_tag":[],"class_list":{"0":"post-4093","1":"product","2":"type-product","3":"status-publish","4":"has-post-thumbnail","6":"product_cat-village","8":"first","9":"instock","10":"taxable","11":"shipping-taxable","12":"purchasable","13":"product-type-simple"},"acf":[],"yoast_head":"<!-- This site is optimized with the Yoast SEO plugin v27.2 - https:\/\/yoast.com\/product\/yoast-seo-wordpress\/ -->\n<title>2024 MUSKATELLER - Weingut Trautwein Shop<\/title>\n<meta name=\"robots\" content=\"index, follow, max-snippet:-1, max-image-preview:large, max-video-preview:-1\" \/>\n<link rel=\"canonical\" href=\"https:\/\/trautweingut.de\/shop\/produkt\/2024-muskateller\/\" \/>\n<meta property=\"og:locale\" content=\"de_DE\" \/>\n<meta property=\"og:type\" content=\"article\" \/>\n<meta property=\"og:title\" content=\"2024 MUSKATELLER - Weingut Trautwein Shop\" \/>\n<meta property=\"og:description\" content=\"Biodynamisch zertifiziert nach Demeter (DE-\u00d6KO-006)Alkohol: 10,5 % volS\u00e4ure: 7,2 g\/lRestzucker: 6,7 g\/l N\u00e4hrwertangaben je 100 ml:Brennwert: 269 kJ \/ 64 kcalKohlenhydrate: 1,5 g\u00a0\u00a0\u00a0davon Zucker: 0,67 gProtein: 0 g Enth\u00e4lt geringf\u00fcgige Mengen von Fett, ges\u00e4ttigten Fetts\u00e4uren, Eiwei\u00df und Salz. Zutaten:Bio-Trauben, Bio-Saccharose, Konservierungsstoff: Sulfite Hinweis: Enth\u00e4lt Sulfite\" \/>\n<meta property=\"og:url\" content=\"https:\/\/trautweingut.de\/shop\/produkt\/2024-muskateller\/\" \/>\n<meta property=\"og:site_name\" content=\"Weingut Trautwein Shop\" \/>\n<meta property=\"article:modified_time\" content=\"2026-01-01T18:23:57+00:00\" \/>\n<meta property=\"og:image\" content=\"https:\/\/trautweingut.de\/shop\/wp-content\/uploads\/2022\/05\/freisteller_12.png\" \/>\n\t<meta property=\"og:image:width\" content=\"313\" \/>\n\t<meta property=\"og:image:height\" content=\"900\" \/>\n\t<meta property=\"og:image:type\" content=\"image\/png\" \/>\n<meta name=\"twitter:card\" content=\"summary_large_image\" \/>\n<meta name=\"twitter:label1\" content=\"Gesch\u00e4tzte Lesezeit\" \/>\n\t<meta name=\"twitter:data1\" content=\"1\u00a0Minute\" \/>\n<script type=\"application\/ld+json\" class=\"yoast-schema-graph\">{\"@context\":\"https:\/\/schema.org\",\"@graph\":[{\"@type\":\"WebPage\",\"@id\":\"https:\/\/trautweingut.de\/shop\/produkt\/2024-muskateller\/\",\"url\":\"https:\/\/trautweingut.de\/shop\/produkt\/2024-muskateller\/\",\"name\":\"2024 MUSKATELLER - Weingut Trautwein Shop\",\"isPartOf\":{\"@id\":\"https:\/\/trautweingut.de\/shop\/#website\"},\"primaryImageOfPage\":{\"@id\":\"https:\/\/trautweingut.de\/shop\/produkt\/2024-muskateller\/#primaryimage\"},\"image\":{\"@id\":\"https:\/\/trautweingut.de\/shop\/produkt\/2024-muskateller\/#primaryimage\"},\"thumbnailUrl\":\"https:\/\/trautweingut.de\/shop\/wp-content\/uploads\/2022\/05\/freisteller_12.png\",\"datePublished\":\"2024-06-03T16:52:09+00:00\",\"dateModified\":\"2026-01-01T18:23:57+00:00\",\"breadcrumb\":{\"@id\":\"https:\/\/trautweingut.de\/shop\/produkt\/2024-muskateller\/#breadcrumb\"},\"inLanguage\":\"de\",\"potentialAction\":[{\"@type\":\"ReadAction\",\"target\":[\"https:\/\/trautweingut.de\/shop\/produkt\/2024-muskateller\/\"]}]},{\"@type\":\"ImageObject\",\"inLanguage\":\"de\",\"@id\":\"https:\/\/trautweingut.de\/shop\/produkt\/2024-muskateller\/#primaryimage\",\"url\":\"https:\/\/trautweingut.de\/shop\/wp-content\/uploads\/2022\/05\/freisteller_12.png\",\"contentUrl\":\"https:\/\/trautweingut.de\/shop\/wp-content\/uploads\/2022\/05\/freisteller_12.png\",\"width\":313,\"height\":900},{\"@type\":\"BreadcrumbList\",\"@id\":\"https:\/\/trautweingut.de\/shop\/produkt\/2024-muskateller\/#breadcrumb\",\"itemListElement\":[{\"@type\":\"ListItem\",\"position\":1,\"name\":\"Startseite\",\"item\":\"https:\/\/trautweingut.de\/shop\/\"},{\"@type\":\"ListItem\",\"position\":2,\"name\":\"Shop\",\"item\":\"https:\/\/trautweingut.de\/shop\/shop\/\"},{\"@type\":\"ListItem\",\"position\":3,\"name\":\"2024 MUSKATELLER\"}]},{\"@type\":\"WebSite\",\"@id\":\"https:\/\/trautweingut.de\/shop\/#website\",\"url\":\"https:\/\/trautweingut.de\/shop\/\",\"name\":\"Weingut Trautwein Shop\",\"description\":\"Seit 1649\",\"potentialAction\":[{\"@type\":\"SearchAction\",\"target\":{\"@type\":\"EntryPoint\",\"urlTemplate\":\"https:\/\/trautweingut.de\/shop\/?s={search_term_string}\"},\"query-input\":{\"@type\":\"PropertyValueSpecification\",\"valueRequired\":true,\"valueName\":\"search_term_string\"}}],\"inLanguage\":\"de\"}]}<\/script>\n<!-- \/ Yoast SEO plugin. -->","yoast_head_json":{"title":"2024 MUSKATELLER - Weingut Trautwein Shop","robots":{"index":"index","follow":"follow","max-snippet":"max-snippet:-1","max-image-preview":"max-image-preview:large","max-video-preview":"max-video-preview:-1"},"canonical":"https:\/\/trautweingut.de\/shop\/produkt\/2024-muskateller\/","og_locale":"de_DE","og_type":"article","og_title":"2024 MUSKATELLER - Weingut Trautwein Shop","og_description":"Biodynamisch zertifiziert nach Demeter (DE-\u00d6KO-006)Alkohol: 10,5 % volS\u00e4ure: 7,2 g\/lRestzucker: 6,7 g\/l N\u00e4hrwertangaben je 100 ml:Brennwert: 269 kJ \/ 64 kcalKohlenhydrate: 1,5 g\u00a0\u00a0\u00a0davon Zucker: 0,67 gProtein: 0 g Enth\u00e4lt geringf\u00fcgige Mengen von Fett, ges\u00e4ttigten Fetts\u00e4uren, Eiwei\u00df und Salz. Zutaten:Bio-Trauben, Bio-Saccharose, Konservierungsstoff: Sulfite Hinweis: Enth\u00e4lt Sulfite","og_url":"https:\/\/trautweingut.de\/shop\/produkt\/2024-muskateller\/","og_site_name":"Weingut Trautwein Shop","article_modified_time":"2026-01-01T18:23:57+00:00","og_image":[{"width":313,"height":900,"url":"https:\/\/trautweingut.de\/shop\/wp-content\/uploads\/2022\/05\/freisteller_12.png","type":"image\/png"}],"twitter_card":"summary_large_image","twitter_misc":{"Gesch\u00e4tzte Lesezeit":"1\u00a0Minute"},"schema":{"@context":"https:\/\/schema.org","@graph":[{"@type":"WebPage","@id":"https:\/\/trautweingut.de\/shop\/produkt\/2024-muskateller\/","url":"https:\/\/trautweingut.de\/shop\/produkt\/2024-muskateller\/","name":"2024 MUSKATELLER - Weingut Trautwein Shop","isPartOf":{"@id":"https:\/\/trautweingut.de\/shop\/#website"},"primaryImageOfPage":{"@id":"https:\/\/trautweingut.de\/shop\/produkt\/2024-muskateller\/#primaryimage"},"image":{"@id":"https:\/\/trautweingut.de\/shop\/produkt\/2024-muskateller\/#primaryimage"},"thumbnailUrl":"https:\/\/trautweingut.de\/shop\/wp-content\/uploads\/2022\/05\/freisteller_12.png","datePublished":"2024-06-03T16:52:09+00:00","dateModified":"2026-01-01T18:23:57+00:00","breadcrumb":{"@id":"https:\/\/trautweingut.de\/shop\/produkt\/2024-muskateller\/#breadcrumb"},"inLanguage":"de","potentialAction":[{"@type":"ReadAction","target":["https:\/\/trautweingut.de\/shop\/produkt\/2024-muskateller\/"]}]},{"@type":"ImageObject","inLanguage":"de","@id":"https:\/\/trautweingut.de\/shop\/produkt\/2024-muskateller\/#primaryimage","url":"https:\/\/trautweingut.de\/shop\/wp-content\/uploads\/2022\/05\/freisteller_12.png","contentUrl":"https:\/\/trautweingut.de\/shop\/wp-content\/uploads\/2022\/05\/freisteller_12.png","width":313,"height":900},{"@type":"BreadcrumbList","@id":"https:\/\/trautweingut.de\/shop\/produkt\/2024-muskateller\/#breadcrumb","itemListElement":[{"@type":"ListItem","position":1,"name":"Startseite","item":"https:\/\/trautweingut.de\/shop\/"},{"@type":"ListItem","position":2,"name":"Shop","item":"https:\/\/trautweingut.de\/shop\/shop\/"},{"@type":"ListItem","position":3,"name":"2024 MUSKATELLER"}]},{"@type":"WebSite","@id":"https:\/\/trautweingut.de\/shop\/#website","url":"https:\/\/trautweingut.de\/shop\/","name":"Weingut Trautwein Shop","description":"Seit 1649","potentialAction":[{"@type":"SearchAction","target":{"@type":"EntryPoint","urlTemplate":"https:\/\/trautweingut.de\/shop\/?s={search_term_string}"},"query-input":{"@type":"PropertyValueSpecification","valueRequired":true,"valueName":"search_term_string"}}],"inLanguage":"de"}]}},"_links":{"self":[{"href":"https:\/\/trautweingut.de\/shop\/wp-json\/wp\/v2\/product\/4093","targetHints":{"allow":["GET"]}}],"collection":[{"href":"https:\/\/trautweingut.de\/shop\/wp-json\/wp\/v2\/product"}],"about":[{"href":"https:\/\/trautweingut.de\/shop\/wp-json\/wp\/v2\/types\/product"}],"author":[{"embeddable":true,"href":"https:\/\/trautweingut.de\/shop\/wp-json\/wp\/v2\/users\/3"}],"replies":[{"embeddable":true,"href":"https:\/\/trautweingut.de\/shop\/wp-json\/wp\/v2\/comments?post=4093"}],"wp:featuredmedia":[{"embeddable":true,"href":"https:\/\/trautweingut.de\/shop\/wp-json\/wp\/v2\/media\/3752"}],"wp:attachment":[{"href":"https:\/\/trautweingut.de\/shop\/wp-json\/wp\/v2\/media?parent=4093"}],"wp:term":[{"taxonomy":"product_brand","embeddable":true,"href":"https:\/\/trautweingut.de\/shop\/wp-json\/wp\/v2\/product_brand?post=4093"},{"taxonomy":"product_cat","embeddable":true,"href":"https:\/\/trautweingut.de\/shop\/wp-json\/wp\/v2\/product_cat?post=4093"},{"taxonomy":"product_tag","embeddable":true,"href":"https:\/\/trautweingut.de\/shop\/wp-json\/wp\/v2\/product_tag?post=4093"}],"curies":[{"name":"wp","href":"https:\/\/api.w.org\/{rel}","templated":true}]}}