{"id":4308,"date":"2024-10-06T21:50:22","date_gmt":"2024-10-06T19:50:22","guid":{"rendered":"https:\/\/trautweingut.de\/shop\/?post_type=product&#038;p=4308"},"modified":"2026-01-01T19:25:02","modified_gmt":"2026-01-01T18:25:02","slug":"2023-weissburgunder","status":"publish","type":"product","link":"https:\/\/trautweingut.de\/shop\/produkt\/2023-weissburgunder\/","title":{"rendered":"2024 WEISSBURGUNDER"},"content":{"rendered":"<p>Dieser Wei\u00dfburgunder Village verf\u00fchrt mit einem zarten Duft von Mirabelle und Pfirsich. Sein leicht w\u00fcrziger Charakter hinterl\u00e4sst im Abgang einen feinen Gripp, der dem Wein eine zus\u00e4tzliche Raffinesse verleiht.<\/p>\n","protected":false},"excerpt":{"rendered":"<p data-start=\"86\" data-end=\"202\"><strong data-start=\"86\" data-end=\"141\">Biodynamisch zertifiziert nach Demeter (DE-\u00d6KO-006)<\/strong><br data-start=\"141\" data-end=\"144\" \/>Alkohol: 12 % vol<br data-start=\"161\" data-end=\"164\" \/>S\u00e4ure: 6,2 g\/l<br data-start=\"178\" data-end=\"181\" \/>Restzucker: 2,9 g\/l<\/p>\n<p data-start=\"204\" data-end=\"344\"><strong data-start=\"204\" data-end=\"234\">N\u00e4hrwertangaben je 100 ml:<\/strong><br data-start=\"234\" data-end=\"237\" \/>Brennwert: 297 kJ \/ 71 kcal<br data-start=\"264\" data-end=\"267\" \/>Kohlenhydrate: 1,2 g<br data-start=\"287\" data-end=\"290\" \/>\u00a0\u00a0\u00a0davon Zucker: 0,29 g<br data-start=\"328\" data-end=\"331\" \/>Eiwei\u00df: 0 g<\/p>\n<p data-start=\"346\" data-end=\"424\">Enth\u00e4lt geringf\u00fcgige Mengen von Fett, ges\u00e4ttigten Fetts\u00e4uren, Eiwei\u00df und Salz.<\/p>\n<p data-start=\"426\" data-end=\"458\"><strong data-start=\"426\" data-end=\"438\">Hinweis:<\/strong> Enth\u00e4lt <strong data-start=\"447\" data-end=\"458\">Sulfite<\/strong><\/p>\n","protected":false},"author":3,"featured_media":3879,"comment_status":"open","ping_status":"closed","template":"","meta":{"_acf_changed":false,"_et_pb_use_builder":"","_et_pb_old_content":"","_et_gb_content_width":""},"product_brand":[],"product_cat":[50],"product_tag":[],"class_list":{"0":"post-4308","1":"product","2":"type-product","3":"status-publish","4":"has-post-thumbnail","6":"product_cat-village","8":"first","9":"instock","10":"taxable","11":"shipping-taxable","12":"purchasable","13":"product-type-simple"},"acf":[],"yoast_head":"<!-- This site is optimized with the Yoast SEO plugin v27.2 - https:\/\/yoast.com\/product\/yoast-seo-wordpress\/ -->\n<title>2024 WEISSBURGUNDER - Weingut Trautwein Shop<\/title>\n<meta name=\"robots\" content=\"index, follow, max-snippet:-1, max-image-preview:large, max-video-preview:-1\" \/>\n<link rel=\"canonical\" href=\"https:\/\/trautweingut.de\/shop\/produkt\/2023-weissburgunder\/\" \/>\n<meta property=\"og:locale\" content=\"de_DE\" \/>\n<meta property=\"og:type\" content=\"article\" \/>\n<meta property=\"og:title\" content=\"2024 WEISSBURGUNDER - Weingut Trautwein Shop\" \/>\n<meta property=\"og:description\" content=\"Biodynamisch zertifiziert nach Demeter (DE-\u00d6KO-006)Alkohol: 12 % volS\u00e4ure: 6,2 g\/lRestzucker: 2,9 g\/l N\u00e4hrwertangaben je 100 ml:Brennwert: 297 kJ \/ 71 kcalKohlenhydrate: 1,2 g\u00a0\u00a0\u00a0davon Zucker: 0,29 gEiwei\u00df: 0 g Enth\u00e4lt geringf\u00fcgige Mengen von Fett, ges\u00e4ttigten Fetts\u00e4uren, Eiwei\u00df und Salz. Hinweis: Enth\u00e4lt Sulfite\" \/>\n<meta property=\"og:url\" content=\"https:\/\/trautweingut.de\/shop\/produkt\/2023-weissburgunder\/\" \/>\n<meta property=\"og:site_name\" content=\"Weingut Trautwein Shop\" \/>\n<meta property=\"article:modified_time\" content=\"2026-01-01T18:25:02+00:00\" \/>\n<meta property=\"og:image\" content=\"https:\/\/trautweingut.de\/shop\/wp-content\/uploads\/2022\/06\/Village-Weissburgunder-1.png\" \/>\n\t<meta property=\"og:image:width\" content=\"296\" \/>\n\t<meta property=\"og:image:height\" content=\"900\" \/>\n\t<meta property=\"og:image:type\" content=\"image\/png\" \/>\n<meta name=\"twitter:card\" content=\"summary_large_image\" \/>\n<meta name=\"twitter:label1\" content=\"Gesch\u00e4tzte Lesezeit\" \/>\n\t<meta name=\"twitter:data1\" content=\"1\u00a0Minute\" \/>\n<script type=\"application\/ld+json\" class=\"yoast-schema-graph\">{\"@context\":\"https:\/\/schema.org\",\"@graph\":[{\"@type\":\"WebPage\",\"@id\":\"https:\/\/trautweingut.de\/shop\/produkt\/2023-weissburgunder\/\",\"url\":\"https:\/\/trautweingut.de\/shop\/produkt\/2023-weissburgunder\/\",\"name\":\"2024 WEISSBURGUNDER - Weingut Trautwein Shop\",\"isPartOf\":{\"@id\":\"https:\/\/trautweingut.de\/shop\/#website\"},\"primaryImageOfPage\":{\"@id\":\"https:\/\/trautweingut.de\/shop\/produkt\/2023-weissburgunder\/#primaryimage\"},\"image\":{\"@id\":\"https:\/\/trautweingut.de\/shop\/produkt\/2023-weissburgunder\/#primaryimage\"},\"thumbnailUrl\":\"https:\/\/trautweingut.de\/shop\/wp-content\/uploads\/2022\/06\/Village-Weissburgunder-1.png\",\"datePublished\":\"2024-10-06T19:50:22+00:00\",\"dateModified\":\"2026-01-01T18:25:02+00:00\",\"breadcrumb\":{\"@id\":\"https:\/\/trautweingut.de\/shop\/produkt\/2023-weissburgunder\/#breadcrumb\"},\"inLanguage\":\"de\",\"potentialAction\":[{\"@type\":\"ReadAction\",\"target\":[\"https:\/\/trautweingut.de\/shop\/produkt\/2023-weissburgunder\/\"]}]},{\"@type\":\"ImageObject\",\"inLanguage\":\"de\",\"@id\":\"https:\/\/trautweingut.de\/shop\/produkt\/2023-weissburgunder\/#primaryimage\",\"url\":\"https:\/\/trautweingut.de\/shop\/wp-content\/uploads\/2022\/06\/Village-Weissburgunder-1.png\",\"contentUrl\":\"https:\/\/trautweingut.de\/shop\/wp-content\/uploads\/2022\/06\/Village-Weissburgunder-1.png\",\"width\":296,\"height\":900},{\"@type\":\"BreadcrumbList\",\"@id\":\"https:\/\/trautweingut.de\/shop\/produkt\/2023-weissburgunder\/#breadcrumb\",\"itemListElement\":[{\"@type\":\"ListItem\",\"position\":1,\"name\":\"Startseite\",\"item\":\"https:\/\/trautweingut.de\/shop\/\"},{\"@type\":\"ListItem\",\"position\":2,\"name\":\"Shop\",\"item\":\"https:\/\/trautweingut.de\/shop\/shop\/\"},{\"@type\":\"ListItem\",\"position\":3,\"name\":\"2024 WEISSBURGUNDER\"}]},{\"@type\":\"WebSite\",\"@id\":\"https:\/\/trautweingut.de\/shop\/#website\",\"url\":\"https:\/\/trautweingut.de\/shop\/\",\"name\":\"Weingut Trautwein Shop\",\"description\":\"Seit 1649\",\"potentialAction\":[{\"@type\":\"SearchAction\",\"target\":{\"@type\":\"EntryPoint\",\"urlTemplate\":\"https:\/\/trautweingut.de\/shop\/?s={search_term_string}\"},\"query-input\":{\"@type\":\"PropertyValueSpecification\",\"valueRequired\":true,\"valueName\":\"search_term_string\"}}],\"inLanguage\":\"de\"}]}<\/script>\n<!-- \/ Yoast SEO plugin. -->","yoast_head_json":{"title":"2024 WEISSBURGUNDER - Weingut Trautwein Shop","robots":{"index":"index","follow":"follow","max-snippet":"max-snippet:-1","max-image-preview":"max-image-preview:large","max-video-preview":"max-video-preview:-1"},"canonical":"https:\/\/trautweingut.de\/shop\/produkt\/2023-weissburgunder\/","og_locale":"de_DE","og_type":"article","og_title":"2024 WEISSBURGUNDER - Weingut Trautwein Shop","og_description":"Biodynamisch zertifiziert nach Demeter (DE-\u00d6KO-006)Alkohol: 12 % volS\u00e4ure: 6,2 g\/lRestzucker: 2,9 g\/l N\u00e4hrwertangaben je 100 ml:Brennwert: 297 kJ \/ 71 kcalKohlenhydrate: 1,2 g\u00a0\u00a0\u00a0davon Zucker: 0,29 gEiwei\u00df: 0 g Enth\u00e4lt geringf\u00fcgige Mengen von Fett, ges\u00e4ttigten Fetts\u00e4uren, Eiwei\u00df und Salz. Hinweis: Enth\u00e4lt Sulfite","og_url":"https:\/\/trautweingut.de\/shop\/produkt\/2023-weissburgunder\/","og_site_name":"Weingut Trautwein Shop","article_modified_time":"2026-01-01T18:25:02+00:00","og_image":[{"width":296,"height":900,"url":"https:\/\/trautweingut.de\/shop\/wp-content\/uploads\/2022\/06\/Village-Weissburgunder-1.png","type":"image\/png"}],"twitter_card":"summary_large_image","twitter_misc":{"Gesch\u00e4tzte Lesezeit":"1\u00a0Minute"},"schema":{"@context":"https:\/\/schema.org","@graph":[{"@type":"WebPage","@id":"https:\/\/trautweingut.de\/shop\/produkt\/2023-weissburgunder\/","url":"https:\/\/trautweingut.de\/shop\/produkt\/2023-weissburgunder\/","name":"2024 WEISSBURGUNDER - Weingut Trautwein Shop","isPartOf":{"@id":"https:\/\/trautweingut.de\/shop\/#website"},"primaryImageOfPage":{"@id":"https:\/\/trautweingut.de\/shop\/produkt\/2023-weissburgunder\/#primaryimage"},"image":{"@id":"https:\/\/trautweingut.de\/shop\/produkt\/2023-weissburgunder\/#primaryimage"},"thumbnailUrl":"https:\/\/trautweingut.de\/shop\/wp-content\/uploads\/2022\/06\/Village-Weissburgunder-1.png","datePublished":"2024-10-06T19:50:22+00:00","dateModified":"2026-01-01T18:25:02+00:00","breadcrumb":{"@id":"https:\/\/trautweingut.de\/shop\/produkt\/2023-weissburgunder\/#breadcrumb"},"inLanguage":"de","potentialAction":[{"@type":"ReadAction","target":["https:\/\/trautweingut.de\/shop\/produkt\/2023-weissburgunder\/"]}]},{"@type":"ImageObject","inLanguage":"de","@id":"https:\/\/trautweingut.de\/shop\/produkt\/2023-weissburgunder\/#primaryimage","url":"https:\/\/trautweingut.de\/shop\/wp-content\/uploads\/2022\/06\/Village-Weissburgunder-1.png","contentUrl":"https:\/\/trautweingut.de\/shop\/wp-content\/uploads\/2022\/06\/Village-Weissburgunder-1.png","width":296,"height":900},{"@type":"BreadcrumbList","@id":"https:\/\/trautweingut.de\/shop\/produkt\/2023-weissburgunder\/#breadcrumb","itemListElement":[{"@type":"ListItem","position":1,"name":"Startseite","item":"https:\/\/trautweingut.de\/shop\/"},{"@type":"ListItem","position":2,"name":"Shop","item":"https:\/\/trautweingut.de\/shop\/shop\/"},{"@type":"ListItem","position":3,"name":"2024 WEISSBURGUNDER"}]},{"@type":"WebSite","@id":"https:\/\/trautweingut.de\/shop\/#website","url":"https:\/\/trautweingut.de\/shop\/","name":"Weingut Trautwein Shop","description":"Seit 1649","potentialAction":[{"@type":"SearchAction","target":{"@type":"EntryPoint","urlTemplate":"https:\/\/trautweingut.de\/shop\/?s={search_term_string}"},"query-input":{"@type":"PropertyValueSpecification","valueRequired":true,"valueName":"search_term_string"}}],"inLanguage":"de"}]}},"_links":{"self":[{"href":"https:\/\/trautweingut.de\/shop\/wp-json\/wp\/v2\/product\/4308","targetHints":{"allow":["GET"]}}],"collection":[{"href":"https:\/\/trautweingut.de\/shop\/wp-json\/wp\/v2\/product"}],"about":[{"href":"https:\/\/trautweingut.de\/shop\/wp-json\/wp\/v2\/types\/product"}],"author":[{"embeddable":true,"href":"https:\/\/trautweingut.de\/shop\/wp-json\/wp\/v2\/users\/3"}],"replies":[{"embeddable":true,"href":"https:\/\/trautweingut.de\/shop\/wp-json\/wp\/v2\/comments?post=4308"}],"wp:featuredmedia":[{"embeddable":true,"href":"https:\/\/trautweingut.de\/shop\/wp-json\/wp\/v2\/media\/3879"}],"wp:attachment":[{"href":"https:\/\/trautweingut.de\/shop\/wp-json\/wp\/v2\/media?parent=4308"}],"wp:term":[{"taxonomy":"product_brand","embeddable":true,"href":"https:\/\/trautweingut.de\/shop\/wp-json\/wp\/v2\/product_brand?post=4308"},{"taxonomy":"product_cat","embeddable":true,"href":"https:\/\/trautweingut.de\/shop\/wp-json\/wp\/v2\/product_cat?post=4308"},{"taxonomy":"product_tag","embeddable":true,"href":"https:\/\/trautweingut.de\/shop\/wp-json\/wp\/v2\/product_tag?post=4308"}],"curies":[{"name":"wp","href":"https:\/\/api.w.org\/{rel}","templated":true}]}}