{"id":4310,"date":"2024-10-06T22:05:13","date_gmt":"2024-10-06T20:05:13","guid":{"rendered":"https:\/\/trautweingut.de\/shop\/?post_type=product&#038;p=4310"},"modified":"2026-01-01T19:26:03","modified_gmt":"2026-01-01T18:26:03","slug":"2023-fume","status":"publish","type":"product","link":"https:\/\/trautweingut.de\/shop\/produkt\/2023-fume\/","title":{"rendered":"2024 FUM\u00c9"},"content":{"rendered":"<p style=\"font-weight: 400;\">Unser VILLAGE FUM\u00c9, eine Cuv\u00e9e aus Sauvignon Blanc, Chardonnay und Grauburgunder, verf\u00fchrt bereits in der Nase mit den typischen Noten von Feuerstein und wei\u00dfen Bl\u00fcten, die an gro\u00dfe Pouilly-Fum\u00e9-Weine erinnern. Reife Zitrusfr\u00fcchte, ein Hauch von Stachelbeere und gr\u00fcne Birne entfalten sich am Gaumen, erg\u00e4nzt von einer eleganten Mineralit\u00e4t und feiner W\u00fcrze.<\/p>\n<p style=\"font-weight: 400;\">Der Sauvignon bringt Frische und Lebendigkeit, der Chardonnay sorgt f\u00fcr F\u00fclle und Cremigkeit, w\u00e4hrend der Grauburgunder dem Wein Struktur und Substanz verleiht. Eine pr\u00e4gnante S\u00e4ure und der zarte Schmelz harmonieren perfekt und verleihen dem Wein eine beeindruckende Tiefe und L\u00e4nge.<\/p>\n<p style=\"font-weight: 400;\">Ein charakterstarker, vielseitiger Wein, der sowohl solo als auch zu einer Vielzahl von Gerichten brilliert.<\/p>\n","protected":false},"excerpt":{"rendered":"<p data-start=\"96\" data-end=\"212\"><strong data-start=\"96\" data-end=\"151\">Biodynamisch zertifiziert nach Demeter (DE-\u00d6KO-006)<\/strong><br data-start=\"151\" data-end=\"154\" \/>Alkohol: 12 % vol<br data-start=\"171\" data-end=\"174\" \/>S\u00e4ure: 7,2 g\/l<br data-start=\"188\" data-end=\"191\" \/>Restzucker: 0,2 g\/l<\/p>\n<p data-start=\"214\" data-end=\"246\"><strong data-start=\"214\" data-end=\"226\">Hinweis:<\/strong> Enth\u00e4lt <strong data-start=\"235\" data-end=\"246\">Sulfite<\/strong><\/p>\n<p data-start=\"248\" data-end=\"386\"><strong data-start=\"248\" data-end=\"278\">N\u00e4hrwertangaben je 100 ml:<\/strong><br data-start=\"278\" data-end=\"281\" \/>Brennwert: 284 kJ \/ 68 kcal<br data-start=\"308\" data-end=\"311\" \/>Kohlenhydrate: 1 g<br data-start=\"329\" data-end=\"332\" \/>\u00a0\u00a0\u00a0davon Zucker: 0,2 g<br data-start=\"369\" data-end=\"372\" \/>Protein: 0 g<\/p>\n<p data-start=\"388\" data-end=\"466\">Enth\u00e4lt geringf\u00fcgige Mengen von Fett, ges\u00e4ttigten Fetts\u00e4uren, Eiwei\u00df und Salz.<\/p>\n<p data-start=\"468\" data-end=\"571\"><strong data-start=\"468\" data-end=\"480\">Zutaten:<\/strong><br data-start=\"480\" data-end=\"483\" \/>Bio-Trauben, Bio-Saccharose, S\u00e4ureregulator: Weins\u00e4ure, Konservierungsstoff: <strong data-start=\"560\" data-end=\"571\">Sulfite<\/strong><\/p>\n","protected":false},"author":3,"featured_media":4438,"comment_status":"open","ping_status":"closed","template":"","meta":{"_acf_changed":false,"_et_pb_use_builder":"","_et_pb_old_content":"","_et_gb_content_width":""},"product_brand":[],"product_cat":[50],"product_tag":[],"class_list":{"0":"post-4310","1":"product","2":"type-product","3":"status-publish","4":"has-post-thumbnail","6":"product_cat-village","8":"first","9":"instock","10":"taxable","11":"shipping-taxable","12":"purchasable","13":"product-type-simple"},"acf":[],"yoast_head":"<!-- This site is optimized with the Yoast SEO plugin v27.2 - https:\/\/yoast.com\/product\/yoast-seo-wordpress\/ -->\n<title>2024 FUM\u00c9 - Weingut Trautwein Shop<\/title>\n<meta name=\"robots\" content=\"index, follow, max-snippet:-1, max-image-preview:large, max-video-preview:-1\" \/>\n<link rel=\"canonical\" href=\"https:\/\/trautweingut.de\/shop\/produkt\/2023-fume\/\" \/>\n<meta property=\"og:locale\" content=\"de_DE\" \/>\n<meta property=\"og:type\" content=\"article\" \/>\n<meta property=\"og:title\" content=\"2024 FUM\u00c9 - Weingut Trautwein Shop\" \/>\n<meta property=\"og:description\" content=\"Biodynamisch zertifiziert nach Demeter (DE-\u00d6KO-006)Alkohol: 12 % volS\u00e4ure: 7,2 g\/lRestzucker: 0,2 g\/l Hinweis: Enth\u00e4lt Sulfite N\u00e4hrwertangaben je 100 ml:Brennwert: 284 kJ \/ 68 kcalKohlenhydrate: 1 g\u00a0\u00a0\u00a0davon Zucker: 0,2 gProtein: 0 g Enth\u00e4lt geringf\u00fcgige Mengen von Fett, ges\u00e4ttigten Fetts\u00e4uren, Eiwei\u00df und Salz. Zutaten:Bio-Trauben, Bio-Saccharose, S\u00e4ureregulator: Weins\u00e4ure, Konservierungsstoff: Sulfite\" \/>\n<meta property=\"og:url\" content=\"https:\/\/trautweingut.de\/shop\/produkt\/2023-fume\/\" \/>\n<meta property=\"og:site_name\" content=\"Weingut Trautwein Shop\" \/>\n<meta property=\"article:modified_time\" content=\"2026-01-01T18:26:03+00:00\" \/>\n<meta property=\"og:image\" content=\"https:\/\/trautweingut.de\/shop\/wp-content\/uploads\/2024\/10\/Trautwein-Flume.png\" \/>\n\t<meta property=\"og:image:width\" content=\"550\" \/>\n\t<meta property=\"og:image:height\" content=\"1000\" \/>\n\t<meta property=\"og:image:type\" content=\"image\/png\" \/>\n<meta name=\"twitter:card\" content=\"summary_large_image\" \/>\n<meta name=\"twitter:label1\" content=\"Gesch\u00e4tzte Lesezeit\" \/>\n\t<meta name=\"twitter:data1\" content=\"1\u00a0Minute\" \/>\n<script type=\"application\/ld+json\" class=\"yoast-schema-graph\">{\"@context\":\"https:\/\/schema.org\",\"@graph\":[{\"@type\":\"WebPage\",\"@id\":\"https:\/\/trautweingut.de\/shop\/produkt\/2023-fume\/\",\"url\":\"https:\/\/trautweingut.de\/shop\/produkt\/2023-fume\/\",\"name\":\"2024 FUM\u00c9 - Weingut Trautwein Shop\",\"isPartOf\":{\"@id\":\"https:\/\/trautweingut.de\/shop\/#website\"},\"primaryImageOfPage\":{\"@id\":\"https:\/\/trautweingut.de\/shop\/produkt\/2023-fume\/#primaryimage\"},\"image\":{\"@id\":\"https:\/\/trautweingut.de\/shop\/produkt\/2023-fume\/#primaryimage\"},\"thumbnailUrl\":\"https:\/\/trautweingut.de\/shop\/wp-content\/uploads\/2024\/10\/Trautwein-Flume.png\",\"datePublished\":\"2024-10-06T20:05:13+00:00\",\"dateModified\":\"2026-01-01T18:26:03+00:00\",\"breadcrumb\":{\"@id\":\"https:\/\/trautweingut.de\/shop\/produkt\/2023-fume\/#breadcrumb\"},\"inLanguage\":\"de\",\"potentialAction\":[{\"@type\":\"ReadAction\",\"target\":[\"https:\/\/trautweingut.de\/shop\/produkt\/2023-fume\/\"]}]},{\"@type\":\"ImageObject\",\"inLanguage\":\"de\",\"@id\":\"https:\/\/trautweingut.de\/shop\/produkt\/2023-fume\/#primaryimage\",\"url\":\"https:\/\/trautweingut.de\/shop\/wp-content\/uploads\/2024\/10\/Trautwein-Flume.png\",\"contentUrl\":\"https:\/\/trautweingut.de\/shop\/wp-content\/uploads\/2024\/10\/Trautwein-Flume.png\",\"width\":550,\"height\":1000},{\"@type\":\"BreadcrumbList\",\"@id\":\"https:\/\/trautweingut.de\/shop\/produkt\/2023-fume\/#breadcrumb\",\"itemListElement\":[{\"@type\":\"ListItem\",\"position\":1,\"name\":\"Startseite\",\"item\":\"https:\/\/trautweingut.de\/shop\/\"},{\"@type\":\"ListItem\",\"position\":2,\"name\":\"Shop\",\"item\":\"https:\/\/trautweingut.de\/shop\/shop\/\"},{\"@type\":\"ListItem\",\"position\":3,\"name\":\"2024 FUM\u00c9\"}]},{\"@type\":\"WebSite\",\"@id\":\"https:\/\/trautweingut.de\/shop\/#website\",\"url\":\"https:\/\/trautweingut.de\/shop\/\",\"name\":\"Weingut Trautwein Shop\",\"description\":\"Seit 1649\",\"potentialAction\":[{\"@type\":\"SearchAction\",\"target\":{\"@type\":\"EntryPoint\",\"urlTemplate\":\"https:\/\/trautweingut.de\/shop\/?s={search_term_string}\"},\"query-input\":{\"@type\":\"PropertyValueSpecification\",\"valueRequired\":true,\"valueName\":\"search_term_string\"}}],\"inLanguage\":\"de\"}]}<\/script>\n<!-- \/ Yoast SEO plugin. -->","yoast_head_json":{"title":"2024 FUM\u00c9 - Weingut Trautwein Shop","robots":{"index":"index","follow":"follow","max-snippet":"max-snippet:-1","max-image-preview":"max-image-preview:large","max-video-preview":"max-video-preview:-1"},"canonical":"https:\/\/trautweingut.de\/shop\/produkt\/2023-fume\/","og_locale":"de_DE","og_type":"article","og_title":"2024 FUM\u00c9 - Weingut Trautwein Shop","og_description":"Biodynamisch zertifiziert nach Demeter (DE-\u00d6KO-006)Alkohol: 12 % volS\u00e4ure: 7,2 g\/lRestzucker: 0,2 g\/l Hinweis: Enth\u00e4lt Sulfite N\u00e4hrwertangaben je 100 ml:Brennwert: 284 kJ \/ 68 kcalKohlenhydrate: 1 g\u00a0\u00a0\u00a0davon Zucker: 0,2 gProtein: 0 g Enth\u00e4lt geringf\u00fcgige Mengen von Fett, ges\u00e4ttigten Fetts\u00e4uren, Eiwei\u00df und Salz. Zutaten:Bio-Trauben, Bio-Saccharose, S\u00e4ureregulator: Weins\u00e4ure, Konservierungsstoff: Sulfite","og_url":"https:\/\/trautweingut.de\/shop\/produkt\/2023-fume\/","og_site_name":"Weingut Trautwein Shop","article_modified_time":"2026-01-01T18:26:03+00:00","og_image":[{"width":550,"height":1000,"url":"https:\/\/trautweingut.de\/shop\/wp-content\/uploads\/2024\/10\/Trautwein-Flume.png","type":"image\/png"}],"twitter_card":"summary_large_image","twitter_misc":{"Gesch\u00e4tzte Lesezeit":"1\u00a0Minute"},"schema":{"@context":"https:\/\/schema.org","@graph":[{"@type":"WebPage","@id":"https:\/\/trautweingut.de\/shop\/produkt\/2023-fume\/","url":"https:\/\/trautweingut.de\/shop\/produkt\/2023-fume\/","name":"2024 FUM\u00c9 - Weingut Trautwein Shop","isPartOf":{"@id":"https:\/\/trautweingut.de\/shop\/#website"},"primaryImageOfPage":{"@id":"https:\/\/trautweingut.de\/shop\/produkt\/2023-fume\/#primaryimage"},"image":{"@id":"https:\/\/trautweingut.de\/shop\/produkt\/2023-fume\/#primaryimage"},"thumbnailUrl":"https:\/\/trautweingut.de\/shop\/wp-content\/uploads\/2024\/10\/Trautwein-Flume.png","datePublished":"2024-10-06T20:05:13+00:00","dateModified":"2026-01-01T18:26:03+00:00","breadcrumb":{"@id":"https:\/\/trautweingut.de\/shop\/produkt\/2023-fume\/#breadcrumb"},"inLanguage":"de","potentialAction":[{"@type":"ReadAction","target":["https:\/\/trautweingut.de\/shop\/produkt\/2023-fume\/"]}]},{"@type":"ImageObject","inLanguage":"de","@id":"https:\/\/trautweingut.de\/shop\/produkt\/2023-fume\/#primaryimage","url":"https:\/\/trautweingut.de\/shop\/wp-content\/uploads\/2024\/10\/Trautwein-Flume.png","contentUrl":"https:\/\/trautweingut.de\/shop\/wp-content\/uploads\/2024\/10\/Trautwein-Flume.png","width":550,"height":1000},{"@type":"BreadcrumbList","@id":"https:\/\/trautweingut.de\/shop\/produkt\/2023-fume\/#breadcrumb","itemListElement":[{"@type":"ListItem","position":1,"name":"Startseite","item":"https:\/\/trautweingut.de\/shop\/"},{"@type":"ListItem","position":2,"name":"Shop","item":"https:\/\/trautweingut.de\/shop\/shop\/"},{"@type":"ListItem","position":3,"name":"2024 FUM\u00c9"}]},{"@type":"WebSite","@id":"https:\/\/trautweingut.de\/shop\/#website","url":"https:\/\/trautweingut.de\/shop\/","name":"Weingut Trautwein Shop","description":"Seit 1649","potentialAction":[{"@type":"SearchAction","target":{"@type":"EntryPoint","urlTemplate":"https:\/\/trautweingut.de\/shop\/?s={search_term_string}"},"query-input":{"@type":"PropertyValueSpecification","valueRequired":true,"valueName":"search_term_string"}}],"inLanguage":"de"}]}},"_links":{"self":[{"href":"https:\/\/trautweingut.de\/shop\/wp-json\/wp\/v2\/product\/4310","targetHints":{"allow":["GET"]}}],"collection":[{"href":"https:\/\/trautweingut.de\/shop\/wp-json\/wp\/v2\/product"}],"about":[{"href":"https:\/\/trautweingut.de\/shop\/wp-json\/wp\/v2\/types\/product"}],"author":[{"embeddable":true,"href":"https:\/\/trautweingut.de\/shop\/wp-json\/wp\/v2\/users\/3"}],"replies":[{"embeddable":true,"href":"https:\/\/trautweingut.de\/shop\/wp-json\/wp\/v2\/comments?post=4310"}],"wp:featuredmedia":[{"embeddable":true,"href":"https:\/\/trautweingut.de\/shop\/wp-json\/wp\/v2\/media\/4438"}],"wp:attachment":[{"href":"https:\/\/trautweingut.de\/shop\/wp-json\/wp\/v2\/media?parent=4310"}],"wp:term":[{"taxonomy":"product_brand","embeddable":true,"href":"https:\/\/trautweingut.de\/shop\/wp-json\/wp\/v2\/product_brand?post=4310"},{"taxonomy":"product_cat","embeddable":true,"href":"https:\/\/trautweingut.de\/shop\/wp-json\/wp\/v2\/product_cat?post=4310"},{"taxonomy":"product_tag","embeddable":true,"href":"https:\/\/trautweingut.de\/shop\/wp-json\/wp\/v2\/product_tag?post=4310"}],"curies":[{"name":"wp","href":"https:\/\/api.w.org\/{rel}","templated":true}]}}