{"id":4375,"date":"2024-11-15T15:26:58","date_gmt":"2024-11-15T14:26:58","guid":{"rendered":"https:\/\/trautweingut.de\/shop\/?post_type=product&#038;p=4375"},"modified":"2025-03-19T11:26:29","modified_gmt":"2025-03-19T10:26:29","slug":"2022-grand-kaesenthal-spaetburgunder","status":"publish","type":"product","link":"https:\/\/trautweingut.de\/shop\/produkt\/2022-grand-kaesenthal-spaetburgunder\/","title":{"rendered":"2022 GRAND K\u00c4SENTHAL SP\u00c4TBURGUNDER"},"content":{"rendered":"<p>Der 2022 Grand Sp\u00e4tburgunder K\u00e4senthal pr\u00e4sentiert sich in tiefem Rubinrot. Sein Duft von Sauerkirschen, Cassis, Gew\u00fcrzen, Wacholder und rotem Pfeffer macht ihn zu einem vielschichtigen Erlebnis. Am Gaumen begeistert er mit zarter Bitterschokolade, feiner S\u00e4ure und pr\u00e4zisen Tanninen.<\/p>\n<p>Ein kraftvoller Sp\u00e4tburgunder mit beeindruckender Pers\u00f6nlichkeit.<\/p>\n<p>Wir empfehlen diesen Wein zu dekantieren.<\/p>\n","protected":false},"excerpt":{"rendered":"<p>Biodynamisch zertifiziert nach Demeter DE-\u00d6KO-006<\/p>\n<p>Alkohol 13,5 %<br \/>\nS\u00e4ure 6,2 g\/l<br \/>\nRestzucker 0,9 g\/l<br \/>\nenth\u00e4lt Sulfite<\/p>\n","protected":false},"author":3,"featured_media":3874,"comment_status":"open","ping_status":"closed","template":"","meta":{"_acf_changed":false,"_et_pb_use_builder":"","_et_pb_old_content":"","_et_gb_content_width":""},"product_brand":[],"product_cat":[69],"product_tag":[],"class_list":{"0":"post-4375","1":"product","2":"type-product","3":"status-publish","4":"has-post-thumbnail","6":"product_cat-grand","8":"first","9":"instock","10":"taxable","11":"shipping-taxable","12":"purchasable","13":"product-type-simple"},"acf":[],"yoast_head":"<!-- This site is optimized with the Yoast SEO plugin v27.2 - https:\/\/yoast.com\/product\/yoast-seo-wordpress\/ -->\n<title>2022 GRAND K\u00c4SENTHAL SP\u00c4TBURGUNDER - Weingut Trautwein Shop<\/title>\n<meta name=\"robots\" content=\"index, follow, max-snippet:-1, max-image-preview:large, max-video-preview:-1\" \/>\n<link rel=\"canonical\" href=\"https:\/\/trautweingut.de\/shop\/produkt\/2022-grand-kaesenthal-spaetburgunder\/\" \/>\n<meta property=\"og:locale\" content=\"de_DE\" \/>\n<meta property=\"og:type\" content=\"article\" \/>\n<meta property=\"og:title\" content=\"2022 GRAND K\u00c4SENTHAL SP\u00c4TBURGUNDER - Weingut Trautwein Shop\" \/>\n<meta property=\"og:description\" content=\"Biodynamisch zertifiziert nach Demeter DE-\u00d6KO-006  Alkohol 13,5 % S\u00e4ure 6,2 g\/l Restzucker 0,9 g\/l enth\u00e4lt Sulfite\" \/>\n<meta property=\"og:url\" content=\"https:\/\/trautweingut.de\/shop\/produkt\/2022-grand-kaesenthal-spaetburgunder\/\" \/>\n<meta property=\"og:site_name\" content=\"Weingut Trautwein Shop\" \/>\n<meta property=\"article:modified_time\" content=\"2025-03-19T10:26:29+00:00\" \/>\n<meta property=\"og:image\" content=\"https:\/\/trautweingut.de\/shop\/wp-content\/uploads\/2022\/06\/Grand-Sp\u201etburgunder-K\u201esenthal-1.png\" \/>\n\t<meta property=\"og:image:width\" content=\"300\" \/>\n\t<meta property=\"og:image:height\" content=\"900\" \/>\n\t<meta property=\"og:image:type\" content=\"image\/png\" \/>\n<meta name=\"twitter:card\" content=\"summary_large_image\" \/>\n<meta name=\"twitter:label1\" content=\"Gesch\u00e4tzte Lesezeit\" \/>\n\t<meta name=\"twitter:data1\" content=\"1\u00a0Minute\" \/>\n<script type=\"application\/ld+json\" class=\"yoast-schema-graph\">{\"@context\":\"https:\/\/schema.org\",\"@graph\":[{\"@type\":\"WebPage\",\"@id\":\"https:\/\/trautweingut.de\/shop\/produkt\/2022-grand-kaesenthal-spaetburgunder\/\",\"url\":\"https:\/\/trautweingut.de\/shop\/produkt\/2022-grand-kaesenthal-spaetburgunder\/\",\"name\":\"2022 GRAND K\u00c4SENTHAL SP\u00c4TBURGUNDER - Weingut Trautwein Shop\",\"isPartOf\":{\"@id\":\"https:\/\/trautweingut.de\/shop\/#website\"},\"primaryImageOfPage\":{\"@id\":\"https:\/\/trautweingut.de\/shop\/produkt\/2022-grand-kaesenthal-spaetburgunder\/#primaryimage\"},\"image\":{\"@id\":\"https:\/\/trautweingut.de\/shop\/produkt\/2022-grand-kaesenthal-spaetburgunder\/#primaryimage\"},\"thumbnailUrl\":\"https:\/\/trautweingut.de\/shop\/wp-content\/uploads\/2022\/06\/Grand-Sp\u201etburgunder-K\u201esenthal-1.png\",\"datePublished\":\"2024-11-15T14:26:58+00:00\",\"dateModified\":\"2025-03-19T10:26:29+00:00\",\"breadcrumb\":{\"@id\":\"https:\/\/trautweingut.de\/shop\/produkt\/2022-grand-kaesenthal-spaetburgunder\/#breadcrumb\"},\"inLanguage\":\"de\",\"potentialAction\":[{\"@type\":\"ReadAction\",\"target\":[\"https:\/\/trautweingut.de\/shop\/produkt\/2022-grand-kaesenthal-spaetburgunder\/\"]}]},{\"@type\":\"ImageObject\",\"inLanguage\":\"de\",\"@id\":\"https:\/\/trautweingut.de\/shop\/produkt\/2022-grand-kaesenthal-spaetburgunder\/#primaryimage\",\"url\":\"https:\/\/trautweingut.de\/shop\/wp-content\/uploads\/2022\/06\/Grand-Sp\u201etburgunder-K\u201esenthal-1.png\",\"contentUrl\":\"https:\/\/trautweingut.de\/shop\/wp-content\/uploads\/2022\/06\/Grand-Sp\u201etburgunder-K\u201esenthal-1.png\",\"width\":300,\"height\":900},{\"@type\":\"BreadcrumbList\",\"@id\":\"https:\/\/trautweingut.de\/shop\/produkt\/2022-grand-kaesenthal-spaetburgunder\/#breadcrumb\",\"itemListElement\":[{\"@type\":\"ListItem\",\"position\":1,\"name\":\"Startseite\",\"item\":\"https:\/\/trautweingut.de\/shop\/\"},{\"@type\":\"ListItem\",\"position\":2,\"name\":\"Shop\",\"item\":\"https:\/\/trautweingut.de\/shop\/shop\/\"},{\"@type\":\"ListItem\",\"position\":3,\"name\":\"2022 GRAND K\u00c4SENTHAL SP\u00c4TBURGUNDER\"}]},{\"@type\":\"WebSite\",\"@id\":\"https:\/\/trautweingut.de\/shop\/#website\",\"url\":\"https:\/\/trautweingut.de\/shop\/\",\"name\":\"Weingut Trautwein Shop\",\"description\":\"Seit 1649\",\"potentialAction\":[{\"@type\":\"SearchAction\",\"target\":{\"@type\":\"EntryPoint\",\"urlTemplate\":\"https:\/\/trautweingut.de\/shop\/?s={search_term_string}\"},\"query-input\":{\"@type\":\"PropertyValueSpecification\",\"valueRequired\":true,\"valueName\":\"search_term_string\"}}],\"inLanguage\":\"de\"}]}<\/script>\n<!-- \/ Yoast SEO plugin. -->","yoast_head_json":{"title":"2022 GRAND K\u00c4SENTHAL SP\u00c4TBURGUNDER - Weingut Trautwein Shop","robots":{"index":"index","follow":"follow","max-snippet":"max-snippet:-1","max-image-preview":"max-image-preview:large","max-video-preview":"max-video-preview:-1"},"canonical":"https:\/\/trautweingut.de\/shop\/produkt\/2022-grand-kaesenthal-spaetburgunder\/","og_locale":"de_DE","og_type":"article","og_title":"2022 GRAND K\u00c4SENTHAL SP\u00c4TBURGUNDER - Weingut Trautwein Shop","og_description":"Biodynamisch zertifiziert nach Demeter DE-\u00d6KO-006  Alkohol 13,5 % S\u00e4ure 6,2 g\/l Restzucker 0,9 g\/l enth\u00e4lt Sulfite","og_url":"https:\/\/trautweingut.de\/shop\/produkt\/2022-grand-kaesenthal-spaetburgunder\/","og_site_name":"Weingut Trautwein Shop","article_modified_time":"2025-03-19T10:26:29+00:00","og_image":[{"width":300,"height":900,"url":"https:\/\/trautweingut.de\/shop\/wp-content\/uploads\/2022\/06\/Grand-Sp\u201etburgunder-K\u201esenthal-1.png","type":"image\/png"}],"twitter_card":"summary_large_image","twitter_misc":{"Gesch\u00e4tzte Lesezeit":"1\u00a0Minute"},"schema":{"@context":"https:\/\/schema.org","@graph":[{"@type":"WebPage","@id":"https:\/\/trautweingut.de\/shop\/produkt\/2022-grand-kaesenthal-spaetburgunder\/","url":"https:\/\/trautweingut.de\/shop\/produkt\/2022-grand-kaesenthal-spaetburgunder\/","name":"2022 GRAND K\u00c4SENTHAL SP\u00c4TBURGUNDER - Weingut Trautwein Shop","isPartOf":{"@id":"https:\/\/trautweingut.de\/shop\/#website"},"primaryImageOfPage":{"@id":"https:\/\/trautweingut.de\/shop\/produkt\/2022-grand-kaesenthal-spaetburgunder\/#primaryimage"},"image":{"@id":"https:\/\/trautweingut.de\/shop\/produkt\/2022-grand-kaesenthal-spaetburgunder\/#primaryimage"},"thumbnailUrl":"https:\/\/trautweingut.de\/shop\/wp-content\/uploads\/2022\/06\/Grand-Sp\u201etburgunder-K\u201esenthal-1.png","datePublished":"2024-11-15T14:26:58+00:00","dateModified":"2025-03-19T10:26:29+00:00","breadcrumb":{"@id":"https:\/\/trautweingut.de\/shop\/produkt\/2022-grand-kaesenthal-spaetburgunder\/#breadcrumb"},"inLanguage":"de","potentialAction":[{"@type":"ReadAction","target":["https:\/\/trautweingut.de\/shop\/produkt\/2022-grand-kaesenthal-spaetburgunder\/"]}]},{"@type":"ImageObject","inLanguage":"de","@id":"https:\/\/trautweingut.de\/shop\/produkt\/2022-grand-kaesenthal-spaetburgunder\/#primaryimage","url":"https:\/\/trautweingut.de\/shop\/wp-content\/uploads\/2022\/06\/Grand-Sp\u201etburgunder-K\u201esenthal-1.png","contentUrl":"https:\/\/trautweingut.de\/shop\/wp-content\/uploads\/2022\/06\/Grand-Sp\u201etburgunder-K\u201esenthal-1.png","width":300,"height":900},{"@type":"BreadcrumbList","@id":"https:\/\/trautweingut.de\/shop\/produkt\/2022-grand-kaesenthal-spaetburgunder\/#breadcrumb","itemListElement":[{"@type":"ListItem","position":1,"name":"Startseite","item":"https:\/\/trautweingut.de\/shop\/"},{"@type":"ListItem","position":2,"name":"Shop","item":"https:\/\/trautweingut.de\/shop\/shop\/"},{"@type":"ListItem","position":3,"name":"2022 GRAND K\u00c4SENTHAL SP\u00c4TBURGUNDER"}]},{"@type":"WebSite","@id":"https:\/\/trautweingut.de\/shop\/#website","url":"https:\/\/trautweingut.de\/shop\/","name":"Weingut Trautwein Shop","description":"Seit 1649","potentialAction":[{"@type":"SearchAction","target":{"@type":"EntryPoint","urlTemplate":"https:\/\/trautweingut.de\/shop\/?s={search_term_string}"},"query-input":{"@type":"PropertyValueSpecification","valueRequired":true,"valueName":"search_term_string"}}],"inLanguage":"de"}]}},"_links":{"self":[{"href":"https:\/\/trautweingut.de\/shop\/wp-json\/wp\/v2\/product\/4375","targetHints":{"allow":["GET"]}}],"collection":[{"href":"https:\/\/trautweingut.de\/shop\/wp-json\/wp\/v2\/product"}],"about":[{"href":"https:\/\/trautweingut.de\/shop\/wp-json\/wp\/v2\/types\/product"}],"author":[{"embeddable":true,"href":"https:\/\/trautweingut.de\/shop\/wp-json\/wp\/v2\/users\/3"}],"replies":[{"embeddable":true,"href":"https:\/\/trautweingut.de\/shop\/wp-json\/wp\/v2\/comments?post=4375"}],"wp:featuredmedia":[{"embeddable":true,"href":"https:\/\/trautweingut.de\/shop\/wp-json\/wp\/v2\/media\/3874"}],"wp:attachment":[{"href":"https:\/\/trautweingut.de\/shop\/wp-json\/wp\/v2\/media?parent=4375"}],"wp:term":[{"taxonomy":"product_brand","embeddable":true,"href":"https:\/\/trautweingut.de\/shop\/wp-json\/wp\/v2\/product_brand?post=4375"},{"taxonomy":"product_cat","embeddable":true,"href":"https:\/\/trautweingut.de\/shop\/wp-json\/wp\/v2\/product_cat?post=4375"},{"taxonomy":"product_tag","embeddable":true,"href":"https:\/\/trautweingut.de\/shop\/wp-json\/wp\/v2\/product_tag?post=4375"}],"curies":[{"name":"wp","href":"https:\/\/api.w.org\/{rel}","templated":true}]}}