{"id":4396,"date":"2024-11-22T22:13:15","date_gmt":"2024-11-22T21:13:15","guid":{"rendered":"https:\/\/trautweingut.de\/shop\/?post_type=product&#038;p=4396"},"modified":"2026-01-01T19:18:01","modified_gmt":"2026-01-01T18:18:01","slug":"2023-fohberg-chardonnay","status":"publish","type":"product","link":"https:\/\/trautweingut.de\/shop\/produkt\/2023-fohberg-chardonnay\/","title":{"rendered":"2024 FOHBERG CHARDONNAY"},"content":{"rendered":"<p>Der Premier Chardonnay vom Fohberg \u2013 der kleine Bruder des Grand Chardonnay \u2013 stammt ebenfalls aus der renommierten Lage Fohberg am Kaiserstuhl. Die Reben f\u00fcr den Premier sind j\u00fcnger, profitieren jedoch ebenso von den ausgezeichneten Bedingungen des vulkanisch gepr\u00e4gten, kalkhaltigen L\u00f6ssbodens und dem milden Mikroklima der gesch\u00fctzten Kessellage.<\/p>\n<p>Im Glas leuchtet der Premier Chardonnay in einem strahlenden Hellgelb mit goldenen Reflexen. Bereits nach kurzer Zeit entfaltet sich seine lebendige Frische, gepaart mit einer dezenten Mineralik.<\/p>\n<p>Das Bouquet zeigt eine klare Fruchtaromatik mit Noten von saftiger Birne, Zitrusfr\u00fcchten, Mirabellen und feinen Ankl\u00e4ngen von Quitte. Eine sanfte nussige Note und eine belebende Frische verleihen dem Wein zus\u00e4tzlichen Charme.<\/p>\n<p>Am Gaumen \u00fcberzeugt der Premier Chardonnay durch seine feine Cremigkeit, die von einem dezenten Holzeinsatz und einer leichten W\u00fcrze erg\u00e4nzt wird. Seine klare, unbeschwerte Eleganz macht ihn zu einem vielseitigen Begleiter f\u00fcr unterschiedlichste Anl\u00e4sse.<\/p>\n<p>Der Premier Chardonnay ist ein harmonischer Wein.<\/p>\n<p>Mit seinem komplexen Charakter und seiner pr\u00e4zisen Struktur ist der Premier Chardonnay eine zug\u00e4nglichere, dennoch raffinierte Hommage an die au\u00dfergew\u00f6hnliche Lage des Fohberg.<\/p>\n<p>Biodynamisch zertifiziert nach Demeter DE-\u00d6KO-006.<\/p>\n","protected":false},"excerpt":{"rendered":"<p>Biodynamisch zertifiziert nach Demeter DE-\u00d6KO-006<\/p>\n<p>Alkohol: 12,5 %<br \/>\nRestzucker: 0,0 g\/l<br \/>\nS\u00e4ure: 7,6 g\/l<\/p>\n<p data-start=\"97\" data-end=\"216\"><strong data-start=\"97\" data-end=\"127\">N\u00e4hrwertangaben je 100 ml:<\/strong><br data-start=\"127\" data-end=\"130\" \/>Brennwert: 307 kJ \/ 73 kcal<br data-start=\"157\" data-end=\"160\" \/>Kohlenhydrate: 1,1 g<br data-start=\"180\" data-end=\"183\" \/>davon Zucker: 0 g<br data-start=\"200\" data-end=\"203\" \/>Eiwei\u00df: 0 g<\/p>\n<p data-start=\"218\" data-end=\"296\">Enth\u00e4lt geringf\u00fcgige Mengen von Fett, ges\u00e4ttigten Fetts\u00e4uren, Eiwei\u00df und Salz.<\/p>\n<p data-start=\"298\" data-end=\"405\"><strong data-start=\"298\" data-end=\"310\">Zutaten:<\/strong><br data-start=\"310\" data-end=\"313\" \/>Bio-Trauben, Bio-Saccharose, S\u00e4ureregulator: Weins\u00e4ure, enth\u00e4lt Sulfite, Konservierungsstoff<\/p>\n","protected":false},"author":3,"featured_media":3877,"comment_status":"open","ping_status":"closed","template":"","meta":{"_acf_changed":false,"_et_pb_use_builder":"","_et_pb_old_content":"","_et_gb_content_width":""},"product_brand":[],"product_cat":[49],"product_tag":[],"class_list":{"0":"post-4396","1":"product","2":"type-product","3":"status-publish","4":"has-post-thumbnail","6":"product_cat-premier","8":"first","9":"instock","10":"taxable","11":"shipping-taxable","12":"purchasable","13":"product-type-simple"},"acf":[],"yoast_head":"<!-- This site is optimized with the Yoast SEO plugin v27.2 - https:\/\/yoast.com\/product\/yoast-seo-wordpress\/ -->\n<title>2024 FOHBERG CHARDONNAY - Weingut Trautwein Shop<\/title>\n<meta name=\"robots\" content=\"index, follow, max-snippet:-1, max-image-preview:large, max-video-preview:-1\" \/>\n<link rel=\"canonical\" href=\"https:\/\/trautweingut.de\/shop\/produkt\/2023-fohberg-chardonnay\/\" \/>\n<meta property=\"og:locale\" content=\"de_DE\" \/>\n<meta property=\"og:type\" content=\"article\" \/>\n<meta property=\"og:title\" content=\"2024 FOHBERG CHARDONNAY - Weingut Trautwein Shop\" \/>\n<meta property=\"og:description\" content=\"Biodynamisch zertifiziert nach Demeter DE-\u00d6KO-006  Alkohol: 12,5 % Restzucker: 0,0 g\/l S\u00e4ure: 7,6 g\/l N\u00e4hrwertangaben je 100 ml:Brennwert: 307 kJ \/ 73 kcalKohlenhydrate: 1,1 gdavon Zucker: 0 gEiwei\u00df: 0 g Enth\u00e4lt geringf\u00fcgige Mengen von Fett, ges\u00e4ttigten Fetts\u00e4uren, Eiwei\u00df und Salz. Zutaten:Bio-Trauben, Bio-Saccharose, S\u00e4ureregulator: Weins\u00e4ure, enth\u00e4lt Sulfite, Konservierungsstoff\" \/>\n<meta property=\"og:url\" content=\"https:\/\/trautweingut.de\/shop\/produkt\/2023-fohberg-chardonnay\/\" \/>\n<meta property=\"og:site_name\" content=\"Weingut Trautwein Shop\" \/>\n<meta property=\"article:modified_time\" content=\"2026-01-01T18:18:01+00:00\" \/>\n<meta property=\"og:image\" content=\"https:\/\/trautweingut.de\/shop\/wp-content\/uploads\/2023\/11\/Premiere-Hunsr\ufffdck-1.png\" \/>\n\t<meta property=\"og:image:width\" content=\"304\" \/>\n\t<meta property=\"og:image:height\" content=\"900\" \/>\n\t<meta property=\"og:image:type\" content=\"image\/png\" \/>\n<meta name=\"twitter:card\" content=\"summary_large_image\" \/>\n<meta name=\"twitter:label1\" content=\"Gesch\u00e4tzte Lesezeit\" \/>\n\t<meta name=\"twitter:data1\" content=\"2\u00a0Minuten\" \/>\n<script type=\"application\/ld+json\" class=\"yoast-schema-graph\">{\"@context\":\"https:\/\/schema.org\",\"@graph\":[{\"@type\":\"WebPage\",\"@id\":\"https:\/\/trautweingut.de\/shop\/produkt\/2023-fohberg-chardonnay\/\",\"url\":\"https:\/\/trautweingut.de\/shop\/produkt\/2023-fohberg-chardonnay\/\",\"name\":\"2024 FOHBERG CHARDONNAY - Weingut Trautwein Shop\",\"isPartOf\":{\"@id\":\"https:\/\/trautweingut.de\/shop\/#website\"},\"primaryImageOfPage\":{\"@id\":\"https:\/\/trautweingut.de\/shop\/produkt\/2023-fohberg-chardonnay\/#primaryimage\"},\"image\":{\"@id\":\"https:\/\/trautweingut.de\/shop\/produkt\/2023-fohberg-chardonnay\/#primaryimage\"},\"thumbnailUrl\":\"https:\/\/trautweingut.de\/shop\/wp-content\/uploads\/2023\/11\/Premiere-Hunsr\ufffdck-1.png\",\"datePublished\":\"2024-11-22T21:13:15+00:00\",\"dateModified\":\"2026-01-01T18:18:01+00:00\",\"breadcrumb\":{\"@id\":\"https:\/\/trautweingut.de\/shop\/produkt\/2023-fohberg-chardonnay\/#breadcrumb\"},\"inLanguage\":\"de\",\"potentialAction\":[{\"@type\":\"ReadAction\",\"target\":[\"https:\/\/trautweingut.de\/shop\/produkt\/2023-fohberg-chardonnay\/\"]}]},{\"@type\":\"ImageObject\",\"inLanguage\":\"de\",\"@id\":\"https:\/\/trautweingut.de\/shop\/produkt\/2023-fohberg-chardonnay\/#primaryimage\",\"url\":\"https:\/\/trautweingut.de\/shop\/wp-content\/uploads\/2023\/11\/Premiere-Hunsr\ufffdck-1.png\",\"contentUrl\":\"https:\/\/trautweingut.de\/shop\/wp-content\/uploads\/2023\/11\/Premiere-Hunsr\ufffdck-1.png\",\"width\":304,\"height\":900},{\"@type\":\"BreadcrumbList\",\"@id\":\"https:\/\/trautweingut.de\/shop\/produkt\/2023-fohberg-chardonnay\/#breadcrumb\",\"itemListElement\":[{\"@type\":\"ListItem\",\"position\":1,\"name\":\"Startseite\",\"item\":\"https:\/\/trautweingut.de\/shop\/\"},{\"@type\":\"ListItem\",\"position\":2,\"name\":\"Shop\",\"item\":\"https:\/\/trautweingut.de\/shop\/shop\/\"},{\"@type\":\"ListItem\",\"position\":3,\"name\":\"2024 FOHBERG CHARDONNAY\"}]},{\"@type\":\"WebSite\",\"@id\":\"https:\/\/trautweingut.de\/shop\/#website\",\"url\":\"https:\/\/trautweingut.de\/shop\/\",\"name\":\"Weingut Trautwein Shop\",\"description\":\"Seit 1649\",\"potentialAction\":[{\"@type\":\"SearchAction\",\"target\":{\"@type\":\"EntryPoint\",\"urlTemplate\":\"https:\/\/trautweingut.de\/shop\/?s={search_term_string}\"},\"query-input\":{\"@type\":\"PropertyValueSpecification\",\"valueRequired\":true,\"valueName\":\"search_term_string\"}}],\"inLanguage\":\"de\"}]}<\/script>\n<!-- \/ Yoast SEO plugin. -->","yoast_head_json":{"title":"2024 FOHBERG CHARDONNAY - Weingut Trautwein Shop","robots":{"index":"index","follow":"follow","max-snippet":"max-snippet:-1","max-image-preview":"max-image-preview:large","max-video-preview":"max-video-preview:-1"},"canonical":"https:\/\/trautweingut.de\/shop\/produkt\/2023-fohberg-chardonnay\/","og_locale":"de_DE","og_type":"article","og_title":"2024 FOHBERG CHARDONNAY - Weingut Trautwein Shop","og_description":"Biodynamisch zertifiziert nach Demeter DE-\u00d6KO-006  Alkohol: 12,5 % Restzucker: 0,0 g\/l S\u00e4ure: 7,6 g\/l N\u00e4hrwertangaben je 100 ml:Brennwert: 307 kJ \/ 73 kcalKohlenhydrate: 1,1 gdavon Zucker: 0 gEiwei\u00df: 0 g Enth\u00e4lt geringf\u00fcgige Mengen von Fett, ges\u00e4ttigten Fetts\u00e4uren, Eiwei\u00df und Salz. Zutaten:Bio-Trauben, Bio-Saccharose, S\u00e4ureregulator: Weins\u00e4ure, enth\u00e4lt Sulfite, Konservierungsstoff","og_url":"https:\/\/trautweingut.de\/shop\/produkt\/2023-fohberg-chardonnay\/","og_site_name":"Weingut Trautwein Shop","article_modified_time":"2026-01-01T18:18:01+00:00","og_image":[{"width":304,"height":900,"url":"https:\/\/trautweingut.de\/shop\/wp-content\/uploads\/2023\/11\/Premiere-Hunsr\ufffdck-1.png","type":"image\/png"}],"twitter_card":"summary_large_image","twitter_misc":{"Gesch\u00e4tzte Lesezeit":"2\u00a0Minuten"},"schema":{"@context":"https:\/\/schema.org","@graph":[{"@type":"WebPage","@id":"https:\/\/trautweingut.de\/shop\/produkt\/2023-fohberg-chardonnay\/","url":"https:\/\/trautweingut.de\/shop\/produkt\/2023-fohberg-chardonnay\/","name":"2024 FOHBERG CHARDONNAY - Weingut Trautwein Shop","isPartOf":{"@id":"https:\/\/trautweingut.de\/shop\/#website"},"primaryImageOfPage":{"@id":"https:\/\/trautweingut.de\/shop\/produkt\/2023-fohberg-chardonnay\/#primaryimage"},"image":{"@id":"https:\/\/trautweingut.de\/shop\/produkt\/2023-fohberg-chardonnay\/#primaryimage"},"thumbnailUrl":"https:\/\/trautweingut.de\/shop\/wp-content\/uploads\/2023\/11\/Premiere-Hunsr\ufffdck-1.png","datePublished":"2024-11-22T21:13:15+00:00","dateModified":"2026-01-01T18:18:01+00:00","breadcrumb":{"@id":"https:\/\/trautweingut.de\/shop\/produkt\/2023-fohberg-chardonnay\/#breadcrumb"},"inLanguage":"de","potentialAction":[{"@type":"ReadAction","target":["https:\/\/trautweingut.de\/shop\/produkt\/2023-fohberg-chardonnay\/"]}]},{"@type":"ImageObject","inLanguage":"de","@id":"https:\/\/trautweingut.de\/shop\/produkt\/2023-fohberg-chardonnay\/#primaryimage","url":"https:\/\/trautweingut.de\/shop\/wp-content\/uploads\/2023\/11\/Premiere-Hunsr\ufffdck-1.png","contentUrl":"https:\/\/trautweingut.de\/shop\/wp-content\/uploads\/2023\/11\/Premiere-Hunsr\ufffdck-1.png","width":304,"height":900},{"@type":"BreadcrumbList","@id":"https:\/\/trautweingut.de\/shop\/produkt\/2023-fohberg-chardonnay\/#breadcrumb","itemListElement":[{"@type":"ListItem","position":1,"name":"Startseite","item":"https:\/\/trautweingut.de\/shop\/"},{"@type":"ListItem","position":2,"name":"Shop","item":"https:\/\/trautweingut.de\/shop\/shop\/"},{"@type":"ListItem","position":3,"name":"2024 FOHBERG CHARDONNAY"}]},{"@type":"WebSite","@id":"https:\/\/trautweingut.de\/shop\/#website","url":"https:\/\/trautweingut.de\/shop\/","name":"Weingut Trautwein Shop","description":"Seit 1649","potentialAction":[{"@type":"SearchAction","target":{"@type":"EntryPoint","urlTemplate":"https:\/\/trautweingut.de\/shop\/?s={search_term_string}"},"query-input":{"@type":"PropertyValueSpecification","valueRequired":true,"valueName":"search_term_string"}}],"inLanguage":"de"}]}},"_links":{"self":[{"href":"https:\/\/trautweingut.de\/shop\/wp-json\/wp\/v2\/product\/4396","targetHints":{"allow":["GET"]}}],"collection":[{"href":"https:\/\/trautweingut.de\/shop\/wp-json\/wp\/v2\/product"}],"about":[{"href":"https:\/\/trautweingut.de\/shop\/wp-json\/wp\/v2\/types\/product"}],"author":[{"embeddable":true,"href":"https:\/\/trautweingut.de\/shop\/wp-json\/wp\/v2\/users\/3"}],"replies":[{"embeddable":true,"href":"https:\/\/trautweingut.de\/shop\/wp-json\/wp\/v2\/comments?post=4396"}],"wp:featuredmedia":[{"embeddable":true,"href":"https:\/\/trautweingut.de\/shop\/wp-json\/wp\/v2\/media\/3877"}],"wp:attachment":[{"href":"https:\/\/trautweingut.de\/shop\/wp-json\/wp\/v2\/media?parent=4396"}],"wp:term":[{"taxonomy":"product_brand","embeddable":true,"href":"https:\/\/trautweingut.de\/shop\/wp-json\/wp\/v2\/product_brand?post=4396"},{"taxonomy":"product_cat","embeddable":true,"href":"https:\/\/trautweingut.de\/shop\/wp-json\/wp\/v2\/product_cat?post=4396"},{"taxonomy":"product_tag","embeddable":true,"href":"https:\/\/trautweingut.de\/shop\/wp-json\/wp\/v2\/product_tag?post=4396"}],"curies":[{"name":"wp","href":"https:\/\/api.w.org\/{rel}","templated":true}]}}