{"id":5086,"date":"2025-11-30T00:06:27","date_gmt":"2025-11-29T23:06:27","guid":{"rendered":"https:\/\/trautweingut.de\/shop\/?post_type=product&#038;p=5086"},"modified":"2026-01-01T19:28:59","modified_gmt":"2026-01-01T18:28:59","slug":"2024-grauburgunder","status":"publish","type":"product","link":"https:\/\/trautweingut.de\/shop\/produkt\/2024-grauburgunder\/","title":{"rendered":"2024 GRAUBURGUNDER"},"content":{"rendered":"<div class=\"flex flex-grow flex-col max-w-full\">\n<div class=\"min-h-[20px] text-message flex flex-col items-start gap-3 whitespace-pre-wrap break-words [.text-message+&amp;]:mt-5 overflow-x-auto\" data-message-author-role=\"assistant\" data-message-id=\"d795975a-0797-4531-9569-77cd827edb9e\">\n<div class=\"markdown prose w-full break-words dark:prose-invert light\">\n<p>Unser Grauburgunder Village besticht mit dem verlockenden Duft reifer Boskoop-\u00c4pfel, begleitet von Nuancen von Brotrinde. Er ist w\u00fcrzig und \u00fcberzeugt durch einen markanten Grip,lebendiger S\u00e4ure und einem zarten Schmelz. Vielseitig einsetzbar, zeigt er sich als echter Allrounder.<\/p>\n<p>Ein Wein, der durch seine Aromenvielfalt und Struktur in jeder Situation \u00fcberzeugt.<\/p>\n<\/div>\n<\/div>\n<\/div>\n","protected":false},"excerpt":{"rendered":"<p data-start=\"131\" data-end=\"249\"><strong data-start=\"131\" data-end=\"186\">Biodynamisch zertifiziert nach Demeter (DE-\u00d6KO-006)<\/strong><br data-start=\"186\" data-end=\"189\" \/>Alkohol: 12,5 % vol<br data-start=\"208\" data-end=\"211\" \/>S\u00e4ure: 6,5 g\/l<br data-start=\"225\" data-end=\"228\" \/>Restzucker: 0,4 g\/l<\/p>\n<p data-start=\"251\" data-end=\"389\"><strong data-start=\"251\" data-end=\"281\">N\u00e4hrwertangaben je 100 ml:<\/strong><br data-start=\"281\" data-end=\"284\" \/>Brennwert: 298 kJ \/ 71 kcal<br data-start=\"311\" data-end=\"314\" \/>Kohlenhydrate: 1 g<br data-start=\"332\" data-end=\"335\" \/>\u00a0\u00a0\u00a0davon Zucker: 0,04 g<br data-start=\"373\" data-end=\"376\" \/>Eiwei\u00df: 0 g<\/p>\n<p data-start=\"391\" data-end=\"469\">Enth\u00e4lt geringf\u00fcgige Mengen von Fett, ges\u00e4ttigten Fetts\u00e4uren, Eiwei\u00df und Salz.<\/p>\n<p data-start=\"471\" data-end=\"580\"><strong data-start=\"471\" data-end=\"483\">Zutaten:<\/strong><br data-start=\"483\" data-end=\"486\" \/>Bio-Trauben, Bio-Saccharose, S\u00e4ureregulator: Weins\u00e4ure, Wein, Konservierungsstoff: <strong data-start=\"569\" data-end=\"580\">Sulfite<\/strong><\/p>\n<p data-start=\"582\" data-end=\"614\"><strong data-start=\"582\" data-end=\"594\">Hinweis:<\/strong> Enth\u00e4lt <strong data-start=\"603\" data-end=\"614\">Sulfite<\/strong><\/p>\n","protected":false},"author":3,"featured_media":3754,"comment_status":"open","ping_status":"closed","template":"","meta":{"_acf_changed":false,"_et_pb_use_builder":"","_et_pb_old_content":"","_et_gb_content_width":""},"product_brand":[],"product_cat":[50],"product_tag":[],"class_list":{"0":"post-5086","1":"product","2":"type-product","3":"status-publish","4":"has-post-thumbnail","6":"product_cat-village","8":"first","9":"instock","10":"taxable","11":"shipping-taxable","12":"purchasable","13":"product-type-simple"},"acf":[],"yoast_head":"<!-- This site is optimized with the Yoast SEO plugin v27.2 - https:\/\/yoast.com\/product\/yoast-seo-wordpress\/ -->\n<title>2024 GRAUBURGUNDER - Weingut Trautwein Shop<\/title>\n<meta name=\"robots\" content=\"index, follow, max-snippet:-1, max-image-preview:large, max-video-preview:-1\" \/>\n<link rel=\"canonical\" href=\"https:\/\/trautweingut.de\/shop\/produkt\/2024-grauburgunder\/\" \/>\n<meta property=\"og:locale\" content=\"de_DE\" \/>\n<meta property=\"og:type\" content=\"article\" \/>\n<meta property=\"og:title\" content=\"2024 GRAUBURGUNDER - Weingut Trautwein Shop\" \/>\n<meta property=\"og:description\" content=\"Biodynamisch zertifiziert nach Demeter (DE-\u00d6KO-006)Alkohol: 12,5 % volS\u00e4ure: 6,5 g\/lRestzucker: 0,4 g\/l N\u00e4hrwertangaben je 100 ml:Brennwert: 298 kJ \/ 71 kcalKohlenhydrate: 1 g\u00a0\u00a0\u00a0davon Zucker: 0,04 gEiwei\u00df: 0 g Enth\u00e4lt geringf\u00fcgige Mengen von Fett, ges\u00e4ttigten Fetts\u00e4uren, Eiwei\u00df und Salz. Zutaten:Bio-Trauben, Bio-Saccharose, S\u00e4ureregulator: Weins\u00e4ure, Wein, Konservierungsstoff: Sulfite Hinweis: Enth\u00e4lt Sulfite\" \/>\n<meta property=\"og:url\" content=\"https:\/\/trautweingut.de\/shop\/produkt\/2024-grauburgunder\/\" \/>\n<meta property=\"og:site_name\" content=\"Weingut Trautwein Shop\" \/>\n<meta property=\"article:modified_time\" content=\"2026-01-01T18:28:59+00:00\" \/>\n<meta property=\"og:image\" content=\"https:\/\/trautweingut.de\/shop\/wp-content\/uploads\/2022\/06\/freisteller_18.png\" \/>\n\t<meta property=\"og:image:width\" content=\"313\" \/>\n\t<meta property=\"og:image:height\" content=\"900\" \/>\n\t<meta property=\"og:image:type\" content=\"image\/png\" \/>\n<meta name=\"twitter:card\" content=\"summary_large_image\" \/>\n<meta name=\"twitter:label1\" content=\"Gesch\u00e4tzte Lesezeit\" \/>\n\t<meta name=\"twitter:data1\" content=\"1\u00a0Minute\" \/>\n<script type=\"application\/ld+json\" class=\"yoast-schema-graph\">{\"@context\":\"https:\/\/schema.org\",\"@graph\":[{\"@type\":\"WebPage\",\"@id\":\"https:\/\/trautweingut.de\/shop\/produkt\/2024-grauburgunder\/\",\"url\":\"https:\/\/trautweingut.de\/shop\/produkt\/2024-grauburgunder\/\",\"name\":\"2024 GRAUBURGUNDER - Weingut Trautwein Shop\",\"isPartOf\":{\"@id\":\"https:\/\/trautweingut.de\/shop\/#website\"},\"primaryImageOfPage\":{\"@id\":\"https:\/\/trautweingut.de\/shop\/produkt\/2024-grauburgunder\/#primaryimage\"},\"image\":{\"@id\":\"https:\/\/trautweingut.de\/shop\/produkt\/2024-grauburgunder\/#primaryimage\"},\"thumbnailUrl\":\"https:\/\/trautweingut.de\/shop\/wp-content\/uploads\/2022\/06\/freisteller_18.png\",\"datePublished\":\"2025-11-29T23:06:27+00:00\",\"dateModified\":\"2026-01-01T18:28:59+00:00\",\"breadcrumb\":{\"@id\":\"https:\/\/trautweingut.de\/shop\/produkt\/2024-grauburgunder\/#breadcrumb\"},\"inLanguage\":\"de\",\"potentialAction\":[{\"@type\":\"ReadAction\",\"target\":[\"https:\/\/trautweingut.de\/shop\/produkt\/2024-grauburgunder\/\"]}]},{\"@type\":\"ImageObject\",\"inLanguage\":\"de\",\"@id\":\"https:\/\/trautweingut.de\/shop\/produkt\/2024-grauburgunder\/#primaryimage\",\"url\":\"https:\/\/trautweingut.de\/shop\/wp-content\/uploads\/2022\/06\/freisteller_18.png\",\"contentUrl\":\"https:\/\/trautweingut.de\/shop\/wp-content\/uploads\/2022\/06\/freisteller_18.png\",\"width\":313,\"height\":900},{\"@type\":\"BreadcrumbList\",\"@id\":\"https:\/\/trautweingut.de\/shop\/produkt\/2024-grauburgunder\/#breadcrumb\",\"itemListElement\":[{\"@type\":\"ListItem\",\"position\":1,\"name\":\"Startseite\",\"item\":\"https:\/\/trautweingut.de\/shop\/\"},{\"@type\":\"ListItem\",\"position\":2,\"name\":\"Shop\",\"item\":\"https:\/\/trautweingut.de\/shop\/shop\/\"},{\"@type\":\"ListItem\",\"position\":3,\"name\":\"2024 GRAUBURGUNDER\"}]},{\"@type\":\"WebSite\",\"@id\":\"https:\/\/trautweingut.de\/shop\/#website\",\"url\":\"https:\/\/trautweingut.de\/shop\/\",\"name\":\"Weingut Trautwein Shop\",\"description\":\"Seit 1649\",\"potentialAction\":[{\"@type\":\"SearchAction\",\"target\":{\"@type\":\"EntryPoint\",\"urlTemplate\":\"https:\/\/trautweingut.de\/shop\/?s={search_term_string}\"},\"query-input\":{\"@type\":\"PropertyValueSpecification\",\"valueRequired\":true,\"valueName\":\"search_term_string\"}}],\"inLanguage\":\"de\"}]}<\/script>\n<!-- \/ Yoast SEO plugin. -->","yoast_head_json":{"title":"2024 GRAUBURGUNDER - Weingut Trautwein Shop","robots":{"index":"index","follow":"follow","max-snippet":"max-snippet:-1","max-image-preview":"max-image-preview:large","max-video-preview":"max-video-preview:-1"},"canonical":"https:\/\/trautweingut.de\/shop\/produkt\/2024-grauburgunder\/","og_locale":"de_DE","og_type":"article","og_title":"2024 GRAUBURGUNDER - Weingut Trautwein Shop","og_description":"Biodynamisch zertifiziert nach Demeter (DE-\u00d6KO-006)Alkohol: 12,5 % volS\u00e4ure: 6,5 g\/lRestzucker: 0,4 g\/l N\u00e4hrwertangaben je 100 ml:Brennwert: 298 kJ \/ 71 kcalKohlenhydrate: 1 g\u00a0\u00a0\u00a0davon Zucker: 0,04 gEiwei\u00df: 0 g Enth\u00e4lt geringf\u00fcgige Mengen von Fett, ges\u00e4ttigten Fetts\u00e4uren, Eiwei\u00df und Salz. Zutaten:Bio-Trauben, Bio-Saccharose, S\u00e4ureregulator: Weins\u00e4ure, Wein, Konservierungsstoff: Sulfite Hinweis: Enth\u00e4lt Sulfite","og_url":"https:\/\/trautweingut.de\/shop\/produkt\/2024-grauburgunder\/","og_site_name":"Weingut Trautwein Shop","article_modified_time":"2026-01-01T18:28:59+00:00","og_image":[{"width":313,"height":900,"url":"https:\/\/trautweingut.de\/shop\/wp-content\/uploads\/2022\/06\/freisteller_18.png","type":"image\/png"}],"twitter_card":"summary_large_image","twitter_misc":{"Gesch\u00e4tzte Lesezeit":"1\u00a0Minute"},"schema":{"@context":"https:\/\/schema.org","@graph":[{"@type":"WebPage","@id":"https:\/\/trautweingut.de\/shop\/produkt\/2024-grauburgunder\/","url":"https:\/\/trautweingut.de\/shop\/produkt\/2024-grauburgunder\/","name":"2024 GRAUBURGUNDER - Weingut Trautwein Shop","isPartOf":{"@id":"https:\/\/trautweingut.de\/shop\/#website"},"primaryImageOfPage":{"@id":"https:\/\/trautweingut.de\/shop\/produkt\/2024-grauburgunder\/#primaryimage"},"image":{"@id":"https:\/\/trautweingut.de\/shop\/produkt\/2024-grauburgunder\/#primaryimage"},"thumbnailUrl":"https:\/\/trautweingut.de\/shop\/wp-content\/uploads\/2022\/06\/freisteller_18.png","datePublished":"2025-11-29T23:06:27+00:00","dateModified":"2026-01-01T18:28:59+00:00","breadcrumb":{"@id":"https:\/\/trautweingut.de\/shop\/produkt\/2024-grauburgunder\/#breadcrumb"},"inLanguage":"de","potentialAction":[{"@type":"ReadAction","target":["https:\/\/trautweingut.de\/shop\/produkt\/2024-grauburgunder\/"]}]},{"@type":"ImageObject","inLanguage":"de","@id":"https:\/\/trautweingut.de\/shop\/produkt\/2024-grauburgunder\/#primaryimage","url":"https:\/\/trautweingut.de\/shop\/wp-content\/uploads\/2022\/06\/freisteller_18.png","contentUrl":"https:\/\/trautweingut.de\/shop\/wp-content\/uploads\/2022\/06\/freisteller_18.png","width":313,"height":900},{"@type":"BreadcrumbList","@id":"https:\/\/trautweingut.de\/shop\/produkt\/2024-grauburgunder\/#breadcrumb","itemListElement":[{"@type":"ListItem","position":1,"name":"Startseite","item":"https:\/\/trautweingut.de\/shop\/"},{"@type":"ListItem","position":2,"name":"Shop","item":"https:\/\/trautweingut.de\/shop\/shop\/"},{"@type":"ListItem","position":3,"name":"2024 GRAUBURGUNDER"}]},{"@type":"WebSite","@id":"https:\/\/trautweingut.de\/shop\/#website","url":"https:\/\/trautweingut.de\/shop\/","name":"Weingut Trautwein Shop","description":"Seit 1649","potentialAction":[{"@type":"SearchAction","target":{"@type":"EntryPoint","urlTemplate":"https:\/\/trautweingut.de\/shop\/?s={search_term_string}"},"query-input":{"@type":"PropertyValueSpecification","valueRequired":true,"valueName":"search_term_string"}}],"inLanguage":"de"}]}},"_links":{"self":[{"href":"https:\/\/trautweingut.de\/shop\/wp-json\/wp\/v2\/product\/5086","targetHints":{"allow":["GET"]}}],"collection":[{"href":"https:\/\/trautweingut.de\/shop\/wp-json\/wp\/v2\/product"}],"about":[{"href":"https:\/\/trautweingut.de\/shop\/wp-json\/wp\/v2\/types\/product"}],"author":[{"embeddable":true,"href":"https:\/\/trautweingut.de\/shop\/wp-json\/wp\/v2\/users\/3"}],"replies":[{"embeddable":true,"href":"https:\/\/trautweingut.de\/shop\/wp-json\/wp\/v2\/comments?post=5086"}],"wp:featuredmedia":[{"embeddable":true,"href":"https:\/\/trautweingut.de\/shop\/wp-json\/wp\/v2\/media\/3754"}],"wp:attachment":[{"href":"https:\/\/trautweingut.de\/shop\/wp-json\/wp\/v2\/media?parent=5086"}],"wp:term":[{"taxonomy":"product_brand","embeddable":true,"href":"https:\/\/trautweingut.de\/shop\/wp-json\/wp\/v2\/product_brand?post=5086"},{"taxonomy":"product_cat","embeddable":true,"href":"https:\/\/trautweingut.de\/shop\/wp-json\/wp\/v2\/product_cat?post=5086"},{"taxonomy":"product_tag","embeddable":true,"href":"https:\/\/trautweingut.de\/shop\/wp-json\/wp\/v2\/product_tag?post=5086"}],"curies":[{"name":"wp","href":"https:\/\/api.w.org\/{rel}","templated":true}]}}