{"id":5102,"date":"2025-12-06T13:28:16","date_gmt":"2025-12-06T12:28:16","guid":{"rendered":"https:\/\/trautweingut.de\/shop\/?post_type=product&#038;p=5102"},"modified":"2026-01-01T19:22:19","modified_gmt":"2026-01-01T18:22:19","slug":"2024-hundsrueck-chardonnay","status":"publish","type":"product","link":"https:\/\/trautweingut.de\/shop\/produkt\/2024-hundsrueck-chardonnay\/","title":{"rendered":"2024 HUNDSR\u00dcCK CHARDONNAY"},"content":{"rendered":"<p data-start=\"118\" data-end=\"330\"><strong data-start=\"118\" data-end=\"161\">Unser Chardonnay Premier Hundsr\u00fcck 2023<\/strong> bildet einen wunderbaren Kontrast zum Fohberg:<br data-start=\"208\" data-end=\"211\" \/>Der sehr kalkhaltige L\u00f6sslehmboden \u00fcber Vulkanverwitterung verleiht ihm eine feine Eleganz und ausgepr\u00e4gte Mineralit\u00e4t.<\/p>\n<p data-start=\"332\" data-end=\"598\">In der Nase zeigt sich der Chardonnay mit einem blumigen Duft, zarten Vanille-Ankl\u00e4ngen und dem Aroma reifer Mirabellen.<br data-start=\"452\" data-end=\"455\" \/>Am Gaumen treten w\u00fcrzige Noten und eine frische, klare S\u00e4ure hervor, die gemeinsam mit einem dezenten Holzeinsatz f\u00fcr Balance und L\u00e4nge sorgen.<\/p>\n<p>&nbsp;<\/p>\n","protected":false},"excerpt":{"rendered":"<p data-start=\"74\" data-end=\"211\"><strong data-start=\"74\" data-end=\"104\">N\u00e4hrwertangaben je 100 ml:<\/strong><br data-start=\"104\" data-end=\"107\" \/>Brennwert: 306 kJ \/ 73 kcal<br data-start=\"134\" data-end=\"137\" \/>Kohlenhydrate: 1,1 g<br data-start=\"157\" data-end=\"160\" \/>\u00a0\u00a0\u00a0davon Zucker: 0 g<br data-start=\"195\" data-end=\"198\" \/>Eiwei\u00df: 0 g<\/p>\n<p data-start=\"213\" data-end=\"291\">Enth\u00e4lt geringf\u00fcgige Mengen von Fett, ges\u00e4ttigten Fetts\u00e4uren, Eiwei\u00df und Salz.<\/p>\n<p data-start=\"293\" data-end=\"409\"><strong data-start=\"293\" data-end=\"305\">Zutaten:<\/strong><br data-start=\"305\" data-end=\"308\" \/>Bio-Saccharose, S\u00e4ureregulator: Weins\u00e4ure, Bio-Trauben, enth\u00e4lt Sulfite, Konservierungsstoff: <strong>Sulfite<\/strong><\/p>\n","protected":false},"author":3,"featured_media":3877,"comment_status":"open","ping_status":"closed","template":"","meta":{"_acf_changed":false,"_et_pb_use_builder":"","_et_pb_old_content":"","_et_gb_content_width":""},"product_brand":[],"product_cat":[49],"product_tag":[],"class_list":{"0":"post-5102","1":"product","2":"type-product","3":"status-publish","4":"has-post-thumbnail","6":"product_cat-premier","8":"first","9":"instock","10":"taxable","11":"shipping-taxable","12":"purchasable","13":"product-type-simple"},"acf":[],"yoast_head":"<!-- This site is optimized with the Yoast SEO plugin v27.2 - https:\/\/yoast.com\/product\/yoast-seo-wordpress\/ -->\n<title>2024 HUNDSR\u00dcCK CHARDONNAY - Weingut Trautwein Shop<\/title>\n<meta name=\"robots\" content=\"index, follow, max-snippet:-1, max-image-preview:large, max-video-preview:-1\" \/>\n<link rel=\"canonical\" href=\"https:\/\/trautweingut.de\/shop\/produkt\/2024-hundsrueck-chardonnay\/\" \/>\n<meta property=\"og:locale\" content=\"de_DE\" \/>\n<meta property=\"og:type\" content=\"article\" \/>\n<meta property=\"og:title\" content=\"2024 HUNDSR\u00dcCK CHARDONNAY - Weingut Trautwein Shop\" \/>\n<meta property=\"og:description\" content=\"N\u00e4hrwertangaben je 100 ml:Brennwert: 306 kJ \/ 73 kcalKohlenhydrate: 1,1 g\u00a0\u00a0\u00a0davon Zucker: 0 gEiwei\u00df: 0 g Enth\u00e4lt geringf\u00fcgige Mengen von Fett, ges\u00e4ttigten Fetts\u00e4uren, Eiwei\u00df und Salz. Zutaten:Bio-Saccharose, S\u00e4ureregulator: Weins\u00e4ure, Bio-Trauben, enth\u00e4lt Sulfite, Konservierungsstoff: Sulfite\" \/>\n<meta property=\"og:url\" content=\"https:\/\/trautweingut.de\/shop\/produkt\/2024-hundsrueck-chardonnay\/\" \/>\n<meta property=\"og:site_name\" content=\"Weingut Trautwein Shop\" \/>\n<meta property=\"article:modified_time\" content=\"2026-01-01T18:22:19+00:00\" \/>\n<meta property=\"og:image\" content=\"https:\/\/trautweingut.de\/shop\/wp-content\/uploads\/2023\/11\/Premiere-Hunsr\ufffdck-1.png\" \/>\n\t<meta property=\"og:image:width\" content=\"304\" \/>\n\t<meta property=\"og:image:height\" content=\"900\" \/>\n\t<meta property=\"og:image:type\" content=\"image\/png\" \/>\n<meta name=\"twitter:card\" content=\"summary_large_image\" \/>\n<meta name=\"twitter:label1\" content=\"Gesch\u00e4tzte Lesezeit\" \/>\n\t<meta name=\"twitter:data1\" content=\"1\u00a0Minute\" \/>\n<script type=\"application\/ld+json\" class=\"yoast-schema-graph\">{\"@context\":\"https:\/\/schema.org\",\"@graph\":[{\"@type\":\"WebPage\",\"@id\":\"https:\/\/trautweingut.de\/shop\/produkt\/2024-hundsrueck-chardonnay\/\",\"url\":\"https:\/\/trautweingut.de\/shop\/produkt\/2024-hundsrueck-chardonnay\/\",\"name\":\"2024 HUNDSR\u00dcCK CHARDONNAY - Weingut Trautwein Shop\",\"isPartOf\":{\"@id\":\"https:\/\/trautweingut.de\/shop\/#website\"},\"primaryImageOfPage\":{\"@id\":\"https:\/\/trautweingut.de\/shop\/produkt\/2024-hundsrueck-chardonnay\/#primaryimage\"},\"image\":{\"@id\":\"https:\/\/trautweingut.de\/shop\/produkt\/2024-hundsrueck-chardonnay\/#primaryimage\"},\"thumbnailUrl\":\"https:\/\/trautweingut.de\/shop\/wp-content\/uploads\/2023\/11\/Premiere-Hunsr\ufffdck-1.png\",\"datePublished\":\"2025-12-06T12:28:16+00:00\",\"dateModified\":\"2026-01-01T18:22:19+00:00\",\"breadcrumb\":{\"@id\":\"https:\/\/trautweingut.de\/shop\/produkt\/2024-hundsrueck-chardonnay\/#breadcrumb\"},\"inLanguage\":\"de\",\"potentialAction\":[{\"@type\":\"ReadAction\",\"target\":[\"https:\/\/trautweingut.de\/shop\/produkt\/2024-hundsrueck-chardonnay\/\"]}]},{\"@type\":\"ImageObject\",\"inLanguage\":\"de\",\"@id\":\"https:\/\/trautweingut.de\/shop\/produkt\/2024-hundsrueck-chardonnay\/#primaryimage\",\"url\":\"https:\/\/trautweingut.de\/shop\/wp-content\/uploads\/2023\/11\/Premiere-Hunsr\ufffdck-1.png\",\"contentUrl\":\"https:\/\/trautweingut.de\/shop\/wp-content\/uploads\/2023\/11\/Premiere-Hunsr\ufffdck-1.png\",\"width\":304,\"height\":900},{\"@type\":\"BreadcrumbList\",\"@id\":\"https:\/\/trautweingut.de\/shop\/produkt\/2024-hundsrueck-chardonnay\/#breadcrumb\",\"itemListElement\":[{\"@type\":\"ListItem\",\"position\":1,\"name\":\"Startseite\",\"item\":\"https:\/\/trautweingut.de\/shop\/\"},{\"@type\":\"ListItem\",\"position\":2,\"name\":\"Shop\",\"item\":\"https:\/\/trautweingut.de\/shop\/shop\/\"},{\"@type\":\"ListItem\",\"position\":3,\"name\":\"2024 HUNDSR\u00dcCK CHARDONNAY\"}]},{\"@type\":\"WebSite\",\"@id\":\"https:\/\/trautweingut.de\/shop\/#website\",\"url\":\"https:\/\/trautweingut.de\/shop\/\",\"name\":\"Weingut Trautwein Shop\",\"description\":\"Seit 1649\",\"potentialAction\":[{\"@type\":\"SearchAction\",\"target\":{\"@type\":\"EntryPoint\",\"urlTemplate\":\"https:\/\/trautweingut.de\/shop\/?s={search_term_string}\"},\"query-input\":{\"@type\":\"PropertyValueSpecification\",\"valueRequired\":true,\"valueName\":\"search_term_string\"}}],\"inLanguage\":\"de\"}]}<\/script>\n<!-- \/ Yoast SEO plugin. -->","yoast_head_json":{"title":"2024 HUNDSR\u00dcCK CHARDONNAY - Weingut Trautwein Shop","robots":{"index":"index","follow":"follow","max-snippet":"max-snippet:-1","max-image-preview":"max-image-preview:large","max-video-preview":"max-video-preview:-1"},"canonical":"https:\/\/trautweingut.de\/shop\/produkt\/2024-hundsrueck-chardonnay\/","og_locale":"de_DE","og_type":"article","og_title":"2024 HUNDSR\u00dcCK CHARDONNAY - Weingut Trautwein Shop","og_description":"N\u00e4hrwertangaben je 100 ml:Brennwert: 306 kJ \/ 73 kcalKohlenhydrate: 1,1 g\u00a0\u00a0\u00a0davon Zucker: 0 gEiwei\u00df: 0 g Enth\u00e4lt geringf\u00fcgige Mengen von Fett, ges\u00e4ttigten Fetts\u00e4uren, Eiwei\u00df und Salz. Zutaten:Bio-Saccharose, S\u00e4ureregulator: Weins\u00e4ure, Bio-Trauben, enth\u00e4lt Sulfite, Konservierungsstoff: Sulfite","og_url":"https:\/\/trautweingut.de\/shop\/produkt\/2024-hundsrueck-chardonnay\/","og_site_name":"Weingut Trautwein Shop","article_modified_time":"2026-01-01T18:22:19+00:00","og_image":[{"width":304,"height":900,"url":"https:\/\/trautweingut.de\/shop\/wp-content\/uploads\/2023\/11\/Premiere-Hunsr\ufffdck-1.png","type":"image\/png"}],"twitter_card":"summary_large_image","twitter_misc":{"Gesch\u00e4tzte Lesezeit":"1\u00a0Minute"},"schema":{"@context":"https:\/\/schema.org","@graph":[{"@type":"WebPage","@id":"https:\/\/trautweingut.de\/shop\/produkt\/2024-hundsrueck-chardonnay\/","url":"https:\/\/trautweingut.de\/shop\/produkt\/2024-hundsrueck-chardonnay\/","name":"2024 HUNDSR\u00dcCK CHARDONNAY - Weingut Trautwein Shop","isPartOf":{"@id":"https:\/\/trautweingut.de\/shop\/#website"},"primaryImageOfPage":{"@id":"https:\/\/trautweingut.de\/shop\/produkt\/2024-hundsrueck-chardonnay\/#primaryimage"},"image":{"@id":"https:\/\/trautweingut.de\/shop\/produkt\/2024-hundsrueck-chardonnay\/#primaryimage"},"thumbnailUrl":"https:\/\/trautweingut.de\/shop\/wp-content\/uploads\/2023\/11\/Premiere-Hunsr\ufffdck-1.png","datePublished":"2025-12-06T12:28:16+00:00","dateModified":"2026-01-01T18:22:19+00:00","breadcrumb":{"@id":"https:\/\/trautweingut.de\/shop\/produkt\/2024-hundsrueck-chardonnay\/#breadcrumb"},"inLanguage":"de","potentialAction":[{"@type":"ReadAction","target":["https:\/\/trautweingut.de\/shop\/produkt\/2024-hundsrueck-chardonnay\/"]}]},{"@type":"ImageObject","inLanguage":"de","@id":"https:\/\/trautweingut.de\/shop\/produkt\/2024-hundsrueck-chardonnay\/#primaryimage","url":"https:\/\/trautweingut.de\/shop\/wp-content\/uploads\/2023\/11\/Premiere-Hunsr\ufffdck-1.png","contentUrl":"https:\/\/trautweingut.de\/shop\/wp-content\/uploads\/2023\/11\/Premiere-Hunsr\ufffdck-1.png","width":304,"height":900},{"@type":"BreadcrumbList","@id":"https:\/\/trautweingut.de\/shop\/produkt\/2024-hundsrueck-chardonnay\/#breadcrumb","itemListElement":[{"@type":"ListItem","position":1,"name":"Startseite","item":"https:\/\/trautweingut.de\/shop\/"},{"@type":"ListItem","position":2,"name":"Shop","item":"https:\/\/trautweingut.de\/shop\/shop\/"},{"@type":"ListItem","position":3,"name":"2024 HUNDSR\u00dcCK CHARDONNAY"}]},{"@type":"WebSite","@id":"https:\/\/trautweingut.de\/shop\/#website","url":"https:\/\/trautweingut.de\/shop\/","name":"Weingut Trautwein Shop","description":"Seit 1649","potentialAction":[{"@type":"SearchAction","target":{"@type":"EntryPoint","urlTemplate":"https:\/\/trautweingut.de\/shop\/?s={search_term_string}"},"query-input":{"@type":"PropertyValueSpecification","valueRequired":true,"valueName":"search_term_string"}}],"inLanguage":"de"}]}},"_links":{"self":[{"href":"https:\/\/trautweingut.de\/shop\/wp-json\/wp\/v2\/product\/5102","targetHints":{"allow":["GET"]}}],"collection":[{"href":"https:\/\/trautweingut.de\/shop\/wp-json\/wp\/v2\/product"}],"about":[{"href":"https:\/\/trautweingut.de\/shop\/wp-json\/wp\/v2\/types\/product"}],"author":[{"embeddable":true,"href":"https:\/\/trautweingut.de\/shop\/wp-json\/wp\/v2\/users\/3"}],"replies":[{"embeddable":true,"href":"https:\/\/trautweingut.de\/shop\/wp-json\/wp\/v2\/comments?post=5102"}],"wp:featuredmedia":[{"embeddable":true,"href":"https:\/\/trautweingut.de\/shop\/wp-json\/wp\/v2\/media\/3877"}],"wp:attachment":[{"href":"https:\/\/trautweingut.de\/shop\/wp-json\/wp\/v2\/media?parent=5102"}],"wp:term":[{"taxonomy":"product_brand","embeddable":true,"href":"https:\/\/trautweingut.de\/shop\/wp-json\/wp\/v2\/product_brand?post=5102"},{"taxonomy":"product_cat","embeddable":true,"href":"https:\/\/trautweingut.de\/shop\/wp-json\/wp\/v2\/product_cat?post=5102"},{"taxonomy":"product_tag","embeddable":true,"href":"https:\/\/trautweingut.de\/shop\/wp-json\/wp\/v2\/product_tag?post=5102"}],"curies":[{"name":"wp","href":"https:\/\/api.w.org\/{rel}","templated":true}]}}