{"id":5103,"date":"2025-12-06T13:53:01","date_gmt":"2025-12-06T12:53:01","guid":{"rendered":"https:\/\/trautweingut.de\/shop\/?post_type=product&#038;p=5103"},"modified":"2025-12-06T13:53:01","modified_gmt":"2025-12-06T12:53:01","slug":"2021-noir","status":"publish","type":"product","link":"https:\/\/trautweingut.de\/shop\/produkt\/2021-noir\/","title":{"rendered":"2021 NOIR"},"content":{"rendered":"<p data-start=\"179\" data-end=\"501\"><strong data-start=\"179\" data-end=\"203\">Der Maison Noir 2021<\/strong> ist eine kraftvolle, zugleich k\u00fchlere und strukturbetonte Cuv\u00e9e, die an elegante mediterrane Rotweine erinnert. Die feine Kr\u00e4uterw\u00fcrze des Sp\u00e4tburgunders verbindet sich mit der dunkelbeerigen Intensit\u00e4t des Cabernet Mitos \u2013 im Jahrgang 2021 jedoch pr\u00e4ziser, frischer und mit sp\u00fcrbarer Mineralit\u00e4t.<\/p>\n<p data-start=\"503\" data-end=\"688\">Am Gaumen zeigen sich <strong data-start=\"525\" data-end=\"587\">Schwarzkirsche, Brombeere und ein Hauch dunkler Schokolade<\/strong>, getragen von einer lebendigen S\u00e4ure und feinen Tanninen, die dem Wein Klarheit und L\u00e4nge verleihen.<\/p>\n<p data-start=\"690\" data-end=\"940\"><strong data-start=\"690\" data-end=\"714\">Serviert bei 12\u201314\u00b0C<\/strong> harmoniert der Maison Noir 2021 hervorragend mit Grillgerichten, w\u00fcrzigem Ofengem\u00fcse (Aubergine, H\u00fclsenfr\u00fcchte), Tapas sowie kr\u00e4ftigen Brotzeiten. Besonders gut erg\u00e4nzt er <strong data-start=\"887\" data-end=\"939\">Wildsalami, Wacholderschinken und Bergblumenk\u00e4se<\/strong>.<\/p>\n","protected":false},"excerpt":{"rendered":"<p>Biodynamisch zertifiziert nach Demeter DE-\u00d6KO-006<\/p>\n<p>Alkohol 12,5 %<\/p>\n<p>S\u00e4ure 6,5 g\/l<\/p>\n<p>Restzucker 1,8 g\/l<\/p>\n<p>enth\u00e4lt Sulfite<\/p>\n","protected":false},"author":3,"featured_media":4096,"comment_status":"open","ping_status":"closed","template":"","meta":{"_acf_changed":false,"_et_pb_use_builder":"","_et_pb_old_content":"","_et_gb_content_width":""},"product_brand":[],"product_cat":[47],"product_tag":[],"class_list":{"0":"post-5103","1":"product","2":"type-product","3":"status-publish","4":"has-post-thumbnail","6":"product_cat-maison","8":"first","9":"instock","10":"taxable","11":"shipping-taxable","12":"purchasable","13":"product-type-simple"},"acf":[],"yoast_head":"<!-- This site is optimized with the Yoast SEO plugin v27.2 - https:\/\/yoast.com\/product\/yoast-seo-wordpress\/ -->\n<title>2021 NOIR - Weingut Trautwein Shop<\/title>\n<meta name=\"robots\" content=\"index, follow, max-snippet:-1, max-image-preview:large, max-video-preview:-1\" \/>\n<link rel=\"canonical\" href=\"https:\/\/trautweingut.de\/shop\/produkt\/2021-noir\/\" \/>\n<meta property=\"og:locale\" content=\"de_DE\" \/>\n<meta property=\"og:type\" content=\"article\" \/>\n<meta property=\"og:title\" content=\"2021 NOIR - Weingut Trautwein Shop\" \/>\n<meta property=\"og:description\" content=\"Biodynamisch zertifiziert nach Demeter DE-\u00d6KO-006  Alkohol 12,5 %  S\u00e4ure 6,5 g\/l  Restzucker 1,8 g\/l  enth\u00e4lt Sulfite\" \/>\n<meta property=\"og:url\" content=\"https:\/\/trautweingut.de\/shop\/produkt\/2021-noir\/\" \/>\n<meta property=\"og:site_name\" content=\"Weingut Trautwein Shop\" \/>\n<meta property=\"og:image\" content=\"https:\/\/trautweingut.de\/shop\/wp-content\/uploads\/2024\/06\/freisteller_22.png\" \/>\n\t<meta property=\"og:image:width\" content=\"313\" \/>\n\t<meta property=\"og:image:height\" content=\"900\" \/>\n\t<meta property=\"og:image:type\" content=\"image\/png\" \/>\n<meta name=\"twitter:card\" content=\"summary_large_image\" \/>\n<meta name=\"twitter:label1\" content=\"Gesch\u00e4tzte Lesezeit\" \/>\n\t<meta name=\"twitter:data1\" content=\"1\u00a0Minute\" \/>\n<script type=\"application\/ld+json\" class=\"yoast-schema-graph\">{\"@context\":\"https:\/\/schema.org\",\"@graph\":[{\"@type\":\"WebPage\",\"@id\":\"https:\/\/trautweingut.de\/shop\/produkt\/2021-noir\/\",\"url\":\"https:\/\/trautweingut.de\/shop\/produkt\/2021-noir\/\",\"name\":\"2021 NOIR - Weingut Trautwein Shop\",\"isPartOf\":{\"@id\":\"https:\/\/trautweingut.de\/shop\/#website\"},\"primaryImageOfPage\":{\"@id\":\"https:\/\/trautweingut.de\/shop\/produkt\/2021-noir\/#primaryimage\"},\"image\":{\"@id\":\"https:\/\/trautweingut.de\/shop\/produkt\/2021-noir\/#primaryimage\"},\"thumbnailUrl\":\"https:\/\/trautweingut.de\/shop\/wp-content\/uploads\/2024\/06\/freisteller_22.png\",\"datePublished\":\"2025-12-06T12:53:01+00:00\",\"breadcrumb\":{\"@id\":\"https:\/\/trautweingut.de\/shop\/produkt\/2021-noir\/#breadcrumb\"},\"inLanguage\":\"de\",\"potentialAction\":[{\"@type\":\"ReadAction\",\"target\":[\"https:\/\/trautweingut.de\/shop\/produkt\/2021-noir\/\"]}]},{\"@type\":\"ImageObject\",\"inLanguage\":\"de\",\"@id\":\"https:\/\/trautweingut.de\/shop\/produkt\/2021-noir\/#primaryimage\",\"url\":\"https:\/\/trautweingut.de\/shop\/wp-content\/uploads\/2024\/06\/freisteller_22.png\",\"contentUrl\":\"https:\/\/trautweingut.de\/shop\/wp-content\/uploads\/2024\/06\/freisteller_22.png\",\"width\":313,\"height\":900},{\"@type\":\"BreadcrumbList\",\"@id\":\"https:\/\/trautweingut.de\/shop\/produkt\/2021-noir\/#breadcrumb\",\"itemListElement\":[{\"@type\":\"ListItem\",\"position\":1,\"name\":\"Startseite\",\"item\":\"https:\/\/trautweingut.de\/shop\/\"},{\"@type\":\"ListItem\",\"position\":2,\"name\":\"Shop\",\"item\":\"https:\/\/trautweingut.de\/shop\/shop\/\"},{\"@type\":\"ListItem\",\"position\":3,\"name\":\"2021 NOIR\"}]},{\"@type\":\"WebSite\",\"@id\":\"https:\/\/trautweingut.de\/shop\/#website\",\"url\":\"https:\/\/trautweingut.de\/shop\/\",\"name\":\"Weingut Trautwein Shop\",\"description\":\"Seit 1649\",\"potentialAction\":[{\"@type\":\"SearchAction\",\"target\":{\"@type\":\"EntryPoint\",\"urlTemplate\":\"https:\/\/trautweingut.de\/shop\/?s={search_term_string}\"},\"query-input\":{\"@type\":\"PropertyValueSpecification\",\"valueRequired\":true,\"valueName\":\"search_term_string\"}}],\"inLanguage\":\"de\"}]}<\/script>\n<!-- \/ Yoast SEO plugin. -->","yoast_head_json":{"title":"2021 NOIR - Weingut Trautwein Shop","robots":{"index":"index","follow":"follow","max-snippet":"max-snippet:-1","max-image-preview":"max-image-preview:large","max-video-preview":"max-video-preview:-1"},"canonical":"https:\/\/trautweingut.de\/shop\/produkt\/2021-noir\/","og_locale":"de_DE","og_type":"article","og_title":"2021 NOIR - Weingut Trautwein Shop","og_description":"Biodynamisch zertifiziert nach Demeter DE-\u00d6KO-006  Alkohol 12,5 %  S\u00e4ure 6,5 g\/l  Restzucker 1,8 g\/l  enth\u00e4lt Sulfite","og_url":"https:\/\/trautweingut.de\/shop\/produkt\/2021-noir\/","og_site_name":"Weingut Trautwein Shop","og_image":[{"width":313,"height":900,"url":"https:\/\/trautweingut.de\/shop\/wp-content\/uploads\/2024\/06\/freisteller_22.png","type":"image\/png"}],"twitter_card":"summary_large_image","twitter_misc":{"Gesch\u00e4tzte Lesezeit":"1\u00a0Minute"},"schema":{"@context":"https:\/\/schema.org","@graph":[{"@type":"WebPage","@id":"https:\/\/trautweingut.de\/shop\/produkt\/2021-noir\/","url":"https:\/\/trautweingut.de\/shop\/produkt\/2021-noir\/","name":"2021 NOIR - Weingut Trautwein Shop","isPartOf":{"@id":"https:\/\/trautweingut.de\/shop\/#website"},"primaryImageOfPage":{"@id":"https:\/\/trautweingut.de\/shop\/produkt\/2021-noir\/#primaryimage"},"image":{"@id":"https:\/\/trautweingut.de\/shop\/produkt\/2021-noir\/#primaryimage"},"thumbnailUrl":"https:\/\/trautweingut.de\/shop\/wp-content\/uploads\/2024\/06\/freisteller_22.png","datePublished":"2025-12-06T12:53:01+00:00","breadcrumb":{"@id":"https:\/\/trautweingut.de\/shop\/produkt\/2021-noir\/#breadcrumb"},"inLanguage":"de","potentialAction":[{"@type":"ReadAction","target":["https:\/\/trautweingut.de\/shop\/produkt\/2021-noir\/"]}]},{"@type":"ImageObject","inLanguage":"de","@id":"https:\/\/trautweingut.de\/shop\/produkt\/2021-noir\/#primaryimage","url":"https:\/\/trautweingut.de\/shop\/wp-content\/uploads\/2024\/06\/freisteller_22.png","contentUrl":"https:\/\/trautweingut.de\/shop\/wp-content\/uploads\/2024\/06\/freisteller_22.png","width":313,"height":900},{"@type":"BreadcrumbList","@id":"https:\/\/trautweingut.de\/shop\/produkt\/2021-noir\/#breadcrumb","itemListElement":[{"@type":"ListItem","position":1,"name":"Startseite","item":"https:\/\/trautweingut.de\/shop\/"},{"@type":"ListItem","position":2,"name":"Shop","item":"https:\/\/trautweingut.de\/shop\/shop\/"},{"@type":"ListItem","position":3,"name":"2021 NOIR"}]},{"@type":"WebSite","@id":"https:\/\/trautweingut.de\/shop\/#website","url":"https:\/\/trautweingut.de\/shop\/","name":"Weingut Trautwein Shop","description":"Seit 1649","potentialAction":[{"@type":"SearchAction","target":{"@type":"EntryPoint","urlTemplate":"https:\/\/trautweingut.de\/shop\/?s={search_term_string}"},"query-input":{"@type":"PropertyValueSpecification","valueRequired":true,"valueName":"search_term_string"}}],"inLanguage":"de"}]}},"_links":{"self":[{"href":"https:\/\/trautweingut.de\/shop\/wp-json\/wp\/v2\/product\/5103","targetHints":{"allow":["GET"]}}],"collection":[{"href":"https:\/\/trautweingut.de\/shop\/wp-json\/wp\/v2\/product"}],"about":[{"href":"https:\/\/trautweingut.de\/shop\/wp-json\/wp\/v2\/types\/product"}],"author":[{"embeddable":true,"href":"https:\/\/trautweingut.de\/shop\/wp-json\/wp\/v2\/users\/3"}],"replies":[{"embeddable":true,"href":"https:\/\/trautweingut.de\/shop\/wp-json\/wp\/v2\/comments?post=5103"}],"wp:featuredmedia":[{"embeddable":true,"href":"https:\/\/trautweingut.de\/shop\/wp-json\/wp\/v2\/media\/4096"}],"wp:attachment":[{"href":"https:\/\/trautweingut.de\/shop\/wp-json\/wp\/v2\/media?parent=5103"}],"wp:term":[{"taxonomy":"product_brand","embeddable":true,"href":"https:\/\/trautweingut.de\/shop\/wp-json\/wp\/v2\/product_brand?post=5103"},{"taxonomy":"product_cat","embeddable":true,"href":"https:\/\/trautweingut.de\/shop\/wp-json\/wp\/v2\/product_cat?post=5103"},{"taxonomy":"product_tag","embeddable":true,"href":"https:\/\/trautweingut.de\/shop\/wp-json\/wp\/v2\/product_tag?post=5103"}],"curies":[{"name":"wp","href":"https:\/\/api.w.org\/{rel}","templated":true}]}}