{"id":5104,"date":"2025-12-06T13:58:07","date_gmt":"2025-12-06T12:58:07","guid":{"rendered":"https:\/\/trautweingut.de\/shop\/?post_type=product&#038;p=5104"},"modified":"2025-12-06T13:58:07","modified_gmt":"2025-12-06T12:58:07","slug":"2021-spaetburgunder-pinot-noir","status":"publish","type":"product","link":"https:\/\/trautweingut.de\/shop\/produkt\/2021-spaetburgunder-pinot-noir\/","title":{"rendered":"2021 SP\u00c4TBURGUNDER (PINOT NOIR)"},"content":{"rendered":"<p data-start=\"200\" data-end=\"478\">Unser Pinot Noir 2021 zeigt die typisch kaiserst\u00fchlerische Aromatik, im k\u00fchleren Jahrgang jedoch feiner, klarer und eleganter. Pr\u00e4zise Kirschfrucht, ein Hauch Gew\u00fcrznelke und eine lebendige, frische S\u00e4ure pr\u00e4gen sein Profil. Die Tannine sind schlank, seidig und gut eingebunden.<\/p>\n<p data-start=\"480\" data-end=\"735\">Da wir den Wein bewusst l\u00e4nger zur\u00fcckgehalten haben, pr\u00e4sentiert er sich heute <strong data-start=\"559\" data-end=\"620\">besonders harmonisch, gereift und wunderbar ausbalanciert<\/strong>. Im Abgang wirkt er weich flie\u00dfend und zeigt jene feine W\u00fcrze, die an die wilde Herkunft seiner Rebsorte erinnert.<\/p>\n","protected":false},"excerpt":{"rendered":"<p>Biodynamisch zertifiziert nach Demeter DE-\u00d6KO-006<\/p>\n<p>Alkohol 12,5 %<\/p>\n<p>S\u00e4ure 6,5 g\/l<\/p>\n<p>Restzucker 1,8 g\/l<\/p>\n<p>enth\u00e4lt Sulfite<\/p>\n","protected":false},"author":3,"featured_media":4137,"comment_status":"open","ping_status":"closed","template":"","meta":{"_acf_changed":false,"_et_pb_use_builder":"","_et_pb_old_content":"","_et_gb_content_width":""},"product_brand":[],"product_cat":[50],"product_tag":[],"class_list":{"0":"post-5104","1":"product","2":"type-product","3":"status-publish","4":"has-post-thumbnail","6":"product_cat-village","8":"first","9":"instock","10":"taxable","11":"shipping-taxable","12":"purchasable","13":"product-type-simple"},"acf":[],"yoast_head":"<!-- This site is optimized with the Yoast SEO plugin v27.2 - https:\/\/yoast.com\/product\/yoast-seo-wordpress\/ -->\n<title>2021 SP\u00c4TBURGUNDER (PINOT NOIR) - Weingut Trautwein Shop<\/title>\n<meta name=\"robots\" content=\"index, follow, max-snippet:-1, max-image-preview:large, max-video-preview:-1\" \/>\n<link rel=\"canonical\" href=\"https:\/\/trautweingut.de\/shop\/produkt\/2021-spaetburgunder-pinot-noir\/\" \/>\n<meta property=\"og:locale\" content=\"de_DE\" \/>\n<meta property=\"og:type\" content=\"article\" \/>\n<meta property=\"og:title\" content=\"2021 SP\u00c4TBURGUNDER (PINOT NOIR) - Weingut Trautwein Shop\" \/>\n<meta property=\"og:description\" content=\"Biodynamisch zertifiziert nach Demeter DE-\u00d6KO-006  Alkohol 12,5 %  S\u00e4ure 6,5 g\/l  Restzucker 1,8 g\/l  enth\u00e4lt Sulfite\" \/>\n<meta property=\"og:url\" content=\"https:\/\/trautweingut.de\/shop\/produkt\/2021-spaetburgunder-pinot-noir\/\" \/>\n<meta property=\"og:site_name\" content=\"Weingut Trautwein Shop\" \/>\n<meta property=\"og:image\" content=\"https:\/\/trautweingut.de\/shop\/wp-content\/uploads\/2024\/05\/Pinot-Nior.png\" \/>\n\t<meta property=\"og:image:width\" content=\"404\" \/>\n\t<meta property=\"og:image:height\" content=\"1000\" \/>\n\t<meta property=\"og:image:type\" content=\"image\/png\" \/>\n<meta name=\"twitter:card\" content=\"summary_large_image\" \/>\n<meta name=\"twitter:label1\" content=\"Gesch\u00e4tzte Lesezeit\" \/>\n\t<meta name=\"twitter:data1\" content=\"1\u00a0Minute\" \/>\n<script type=\"application\/ld+json\" class=\"yoast-schema-graph\">{\"@context\":\"https:\/\/schema.org\",\"@graph\":[{\"@type\":\"WebPage\",\"@id\":\"https:\/\/trautweingut.de\/shop\/produkt\/2021-spaetburgunder-pinot-noir\/\",\"url\":\"https:\/\/trautweingut.de\/shop\/produkt\/2021-spaetburgunder-pinot-noir\/\",\"name\":\"2021 SP\u00c4TBURGUNDER (PINOT NOIR) - Weingut Trautwein Shop\",\"isPartOf\":{\"@id\":\"https:\/\/trautweingut.de\/shop\/#website\"},\"primaryImageOfPage\":{\"@id\":\"https:\/\/trautweingut.de\/shop\/produkt\/2021-spaetburgunder-pinot-noir\/#primaryimage\"},\"image\":{\"@id\":\"https:\/\/trautweingut.de\/shop\/produkt\/2021-spaetburgunder-pinot-noir\/#primaryimage\"},\"thumbnailUrl\":\"https:\/\/trautweingut.de\/shop\/wp-content\/uploads\/2024\/05\/Pinot-Nior.png\",\"datePublished\":\"2025-12-06T12:58:07+00:00\",\"breadcrumb\":{\"@id\":\"https:\/\/trautweingut.de\/shop\/produkt\/2021-spaetburgunder-pinot-noir\/#breadcrumb\"},\"inLanguage\":\"de\",\"potentialAction\":[{\"@type\":\"ReadAction\",\"target\":[\"https:\/\/trautweingut.de\/shop\/produkt\/2021-spaetburgunder-pinot-noir\/\"]}]},{\"@type\":\"ImageObject\",\"inLanguage\":\"de\",\"@id\":\"https:\/\/trautweingut.de\/shop\/produkt\/2021-spaetburgunder-pinot-noir\/#primaryimage\",\"url\":\"https:\/\/trautweingut.de\/shop\/wp-content\/uploads\/2024\/05\/Pinot-Nior.png\",\"contentUrl\":\"https:\/\/trautweingut.de\/shop\/wp-content\/uploads\/2024\/05\/Pinot-Nior.png\",\"width\":404,\"height\":1000},{\"@type\":\"BreadcrumbList\",\"@id\":\"https:\/\/trautweingut.de\/shop\/produkt\/2021-spaetburgunder-pinot-noir\/#breadcrumb\",\"itemListElement\":[{\"@type\":\"ListItem\",\"position\":1,\"name\":\"Startseite\",\"item\":\"https:\/\/trautweingut.de\/shop\/\"},{\"@type\":\"ListItem\",\"position\":2,\"name\":\"Shop\",\"item\":\"https:\/\/trautweingut.de\/shop\/shop\/\"},{\"@type\":\"ListItem\",\"position\":3,\"name\":\"2021 SP\u00c4TBURGUNDER (PINOT NOIR)\"}]},{\"@type\":\"WebSite\",\"@id\":\"https:\/\/trautweingut.de\/shop\/#website\",\"url\":\"https:\/\/trautweingut.de\/shop\/\",\"name\":\"Weingut Trautwein Shop\",\"description\":\"Seit 1649\",\"potentialAction\":[{\"@type\":\"SearchAction\",\"target\":{\"@type\":\"EntryPoint\",\"urlTemplate\":\"https:\/\/trautweingut.de\/shop\/?s={search_term_string}\"},\"query-input\":{\"@type\":\"PropertyValueSpecification\",\"valueRequired\":true,\"valueName\":\"search_term_string\"}}],\"inLanguage\":\"de\"}]}<\/script>\n<!-- \/ Yoast SEO plugin. -->","yoast_head_json":{"title":"2021 SP\u00c4TBURGUNDER (PINOT NOIR) - Weingut Trautwein Shop","robots":{"index":"index","follow":"follow","max-snippet":"max-snippet:-1","max-image-preview":"max-image-preview:large","max-video-preview":"max-video-preview:-1"},"canonical":"https:\/\/trautweingut.de\/shop\/produkt\/2021-spaetburgunder-pinot-noir\/","og_locale":"de_DE","og_type":"article","og_title":"2021 SP\u00c4TBURGUNDER (PINOT NOIR) - Weingut Trautwein Shop","og_description":"Biodynamisch zertifiziert nach Demeter DE-\u00d6KO-006  Alkohol 12,5 %  S\u00e4ure 6,5 g\/l  Restzucker 1,8 g\/l  enth\u00e4lt Sulfite","og_url":"https:\/\/trautweingut.de\/shop\/produkt\/2021-spaetburgunder-pinot-noir\/","og_site_name":"Weingut Trautwein Shop","og_image":[{"width":404,"height":1000,"url":"https:\/\/trautweingut.de\/shop\/wp-content\/uploads\/2024\/05\/Pinot-Nior.png","type":"image\/png"}],"twitter_card":"summary_large_image","twitter_misc":{"Gesch\u00e4tzte Lesezeit":"1\u00a0Minute"},"schema":{"@context":"https:\/\/schema.org","@graph":[{"@type":"WebPage","@id":"https:\/\/trautweingut.de\/shop\/produkt\/2021-spaetburgunder-pinot-noir\/","url":"https:\/\/trautweingut.de\/shop\/produkt\/2021-spaetburgunder-pinot-noir\/","name":"2021 SP\u00c4TBURGUNDER (PINOT NOIR) - Weingut Trautwein Shop","isPartOf":{"@id":"https:\/\/trautweingut.de\/shop\/#website"},"primaryImageOfPage":{"@id":"https:\/\/trautweingut.de\/shop\/produkt\/2021-spaetburgunder-pinot-noir\/#primaryimage"},"image":{"@id":"https:\/\/trautweingut.de\/shop\/produkt\/2021-spaetburgunder-pinot-noir\/#primaryimage"},"thumbnailUrl":"https:\/\/trautweingut.de\/shop\/wp-content\/uploads\/2024\/05\/Pinot-Nior.png","datePublished":"2025-12-06T12:58:07+00:00","breadcrumb":{"@id":"https:\/\/trautweingut.de\/shop\/produkt\/2021-spaetburgunder-pinot-noir\/#breadcrumb"},"inLanguage":"de","potentialAction":[{"@type":"ReadAction","target":["https:\/\/trautweingut.de\/shop\/produkt\/2021-spaetburgunder-pinot-noir\/"]}]},{"@type":"ImageObject","inLanguage":"de","@id":"https:\/\/trautweingut.de\/shop\/produkt\/2021-spaetburgunder-pinot-noir\/#primaryimage","url":"https:\/\/trautweingut.de\/shop\/wp-content\/uploads\/2024\/05\/Pinot-Nior.png","contentUrl":"https:\/\/trautweingut.de\/shop\/wp-content\/uploads\/2024\/05\/Pinot-Nior.png","width":404,"height":1000},{"@type":"BreadcrumbList","@id":"https:\/\/trautweingut.de\/shop\/produkt\/2021-spaetburgunder-pinot-noir\/#breadcrumb","itemListElement":[{"@type":"ListItem","position":1,"name":"Startseite","item":"https:\/\/trautweingut.de\/shop\/"},{"@type":"ListItem","position":2,"name":"Shop","item":"https:\/\/trautweingut.de\/shop\/shop\/"},{"@type":"ListItem","position":3,"name":"2021 SP\u00c4TBURGUNDER (PINOT NOIR)"}]},{"@type":"WebSite","@id":"https:\/\/trautweingut.de\/shop\/#website","url":"https:\/\/trautweingut.de\/shop\/","name":"Weingut Trautwein Shop","description":"Seit 1649","potentialAction":[{"@type":"SearchAction","target":{"@type":"EntryPoint","urlTemplate":"https:\/\/trautweingut.de\/shop\/?s={search_term_string}"},"query-input":{"@type":"PropertyValueSpecification","valueRequired":true,"valueName":"search_term_string"}}],"inLanguage":"de"}]}},"_links":{"self":[{"href":"https:\/\/trautweingut.de\/shop\/wp-json\/wp\/v2\/product\/5104","targetHints":{"allow":["GET"]}}],"collection":[{"href":"https:\/\/trautweingut.de\/shop\/wp-json\/wp\/v2\/product"}],"about":[{"href":"https:\/\/trautweingut.de\/shop\/wp-json\/wp\/v2\/types\/product"}],"author":[{"embeddable":true,"href":"https:\/\/trautweingut.de\/shop\/wp-json\/wp\/v2\/users\/3"}],"replies":[{"embeddable":true,"href":"https:\/\/trautweingut.de\/shop\/wp-json\/wp\/v2\/comments?post=5104"}],"wp:featuredmedia":[{"embeddable":true,"href":"https:\/\/trautweingut.de\/shop\/wp-json\/wp\/v2\/media\/4137"}],"wp:attachment":[{"href":"https:\/\/trautweingut.de\/shop\/wp-json\/wp\/v2\/media?parent=5104"}],"wp:term":[{"taxonomy":"product_brand","embeddable":true,"href":"https:\/\/trautweingut.de\/shop\/wp-json\/wp\/v2\/product_brand?post=5104"},{"taxonomy":"product_cat","embeddable":true,"href":"https:\/\/trautweingut.de\/shop\/wp-json\/wp\/v2\/product_cat?post=5104"},{"taxonomy":"product_tag","embeddable":true,"href":"https:\/\/trautweingut.de\/shop\/wp-json\/wp\/v2\/product_tag?post=5104"}],"curies":[{"name":"wp","href":"https:\/\/api.w.org\/{rel}","templated":true}]}}