{"id":5106,"date":"2025-12-06T14:26:48","date_gmt":"2025-12-06T13:26:48","guid":{"rendered":"https:\/\/trautweingut.de\/shop\/?post_type=product&#038;p=5106"},"modified":"2026-01-01T19:31:05","modified_gmt":"2026-01-01T18:31:05","slug":"2024-chardonnay","status":"publish","type":"product","link":"https:\/\/trautweingut.de\/shop\/produkt\/2024-chardonnay\/","title":{"rendered":"2024 CHARDONNAY"},"content":{"rendered":"<div class=\"flex flex-grow flex-col max-w-full\">\n<div class=\"min-h-[20px] text-message flex flex-col items-start gap-3 whitespace-pre-wrap break-words [.text-message+&amp;]:mt-5 overflow-x-auto\" data-message-author-role=\"assistant\" data-message-id=\"3ff4b084-3570-4968-ae58-45c5d7cab233\">\n<div class=\"markdown prose w-full break-words dark:prose-invert light\">\n<p>Der 2024 Chardonnay Village verzaubert mit einer verspielten Nase, gepr\u00e4gt von Brioche, einem Hauch Anis und leichten Vanille- und Toffeearomen. Dieser Wein zeigt einen eleganten Spagat zwischen lebendiger S\u00e4ure und zartem Schmelz, was ihm eine ausgewogene Frische und Textur verleiht.<\/p>\n<\/div>\n<\/div>\n<\/div>\n<div class=\"mt-1 flex justify-start gap-3 empty:hidden\">\n<div class=\"text-gray-400 flex self-end lg:self-center justify-center lg:justify-start mt-0 -ml-1 visible\"><\/div>\n<\/div>\n","protected":false},"excerpt":{"rendered":"<p data-start=\"119\" data-end=\"237\"><strong data-start=\"119\" data-end=\"174\">Biodynamisch zertifiziert nach Demeter (DE-\u00d6KO-006)<\/strong><br data-start=\"174\" data-end=\"177\" \/>Alkohol: 12,5 % vol<br data-start=\"196\" data-end=\"199\" \/>Restzucker: 0,0 g\/l<br data-start=\"218\" data-end=\"221\" \/>S\u00e4ure: 6,8 g\/l<\/p>\n<p data-start=\"239\" data-end=\"374\"><strong data-start=\"239\" data-end=\"269\">N\u00e4hrwertangaben je 100 ml:<\/strong><br data-start=\"269\" data-end=\"272\" \/>Brennwert: 306 kJ \/ 73 kcal<br data-start=\"299\" data-end=\"302\" \/>Kohlenhydrate: 1 g<br data-start=\"320\" data-end=\"323\" \/>\u00a0\u00a0\u00a0davon Zucker: 0 g<br data-start=\"358\" data-end=\"361\" \/>Eiwei\u00df: 0 g<\/p>\n<p data-start=\"376\" data-end=\"454\">Enth\u00e4lt geringf\u00fcgige Mengen von Fett, ges\u00e4ttigten Fetts\u00e4uren, Eiwei\u00df und Salz.<\/p>\n<p data-start=\"456\" data-end=\"559\"><strong data-start=\"456\" data-end=\"468\">Zutaten:<\/strong><br data-start=\"468\" data-end=\"471\" \/>S\u00e4ureregulator: Weins\u00e4ure, Bio-Trauben, Bio-Saccharose, Konservierungsstoff: <strong data-start=\"548\" data-end=\"559\">Sulfite<\/strong><\/p>\n<p data-start=\"561\" data-end=\"593\"><strong data-start=\"561\" data-end=\"573\">Hinweis:<\/strong> Enth\u00e4lt <strong data-start=\"582\" data-end=\"593\">Sulfite<\/strong><\/p>\n","protected":false},"author":3,"featured_media":3755,"comment_status":"open","ping_status":"closed","template":"","meta":{"_acf_changed":false,"_et_pb_use_builder":"","_et_pb_old_content":"","_et_gb_content_width":""},"product_brand":[],"product_cat":[50],"product_tag":[],"class_list":{"0":"post-5106","1":"product","2":"type-product","3":"status-publish","4":"has-post-thumbnail","6":"product_cat-village","8":"first","9":"instock","10":"taxable","11":"shipping-taxable","12":"purchasable","13":"product-type-simple"},"acf":[],"yoast_head":"<!-- This site is optimized with the Yoast SEO plugin v27.2 - https:\/\/yoast.com\/product\/yoast-seo-wordpress\/ -->\n<title>2024 CHARDONNAY - Weingut Trautwein Shop<\/title>\n<meta name=\"robots\" content=\"index, follow, max-snippet:-1, max-image-preview:large, max-video-preview:-1\" \/>\n<link rel=\"canonical\" href=\"https:\/\/trautweingut.de\/shop\/produkt\/2024-chardonnay\/\" \/>\n<meta property=\"og:locale\" content=\"de_DE\" \/>\n<meta property=\"og:type\" content=\"article\" \/>\n<meta property=\"og:title\" content=\"2024 CHARDONNAY - Weingut Trautwein Shop\" \/>\n<meta property=\"og:description\" content=\"Biodynamisch zertifiziert nach Demeter (DE-\u00d6KO-006)Alkohol: 12,5 % volRestzucker: 0,0 g\/lS\u00e4ure: 6,8 g\/l N\u00e4hrwertangaben je 100 ml:Brennwert: 306 kJ \/ 73 kcalKohlenhydrate: 1 g\u00a0\u00a0\u00a0davon Zucker: 0 gEiwei\u00df: 0 g Enth\u00e4lt geringf\u00fcgige Mengen von Fett, ges\u00e4ttigten Fetts\u00e4uren, Eiwei\u00df und Salz. Zutaten:S\u00e4ureregulator: Weins\u00e4ure, Bio-Trauben, Bio-Saccharose, Konservierungsstoff: Sulfite Hinweis: Enth\u00e4lt Sulfite\" \/>\n<meta property=\"og:url\" content=\"https:\/\/trautweingut.de\/shop\/produkt\/2024-chardonnay\/\" \/>\n<meta property=\"og:site_name\" content=\"Weingut Trautwein Shop\" \/>\n<meta property=\"article:modified_time\" content=\"2026-01-01T18:31:05+00:00\" \/>\n<meta property=\"og:image\" content=\"https:\/\/trautweingut.de\/shop\/wp-content\/uploads\/2022\/06\/freisteller_07.png\" \/>\n\t<meta property=\"og:image:width\" content=\"313\" \/>\n\t<meta property=\"og:image:height\" content=\"900\" \/>\n\t<meta property=\"og:image:type\" content=\"image\/png\" \/>\n<meta name=\"twitter:card\" content=\"summary_large_image\" \/>\n<meta name=\"twitter:label1\" content=\"Gesch\u00e4tzte Lesezeit\" \/>\n\t<meta name=\"twitter:data1\" content=\"1\u00a0Minute\" \/>\n<script type=\"application\/ld+json\" class=\"yoast-schema-graph\">{\"@context\":\"https:\/\/schema.org\",\"@graph\":[{\"@type\":\"WebPage\",\"@id\":\"https:\/\/trautweingut.de\/shop\/produkt\/2024-chardonnay\/\",\"url\":\"https:\/\/trautweingut.de\/shop\/produkt\/2024-chardonnay\/\",\"name\":\"2024 CHARDONNAY - Weingut Trautwein Shop\",\"isPartOf\":{\"@id\":\"https:\/\/trautweingut.de\/shop\/#website\"},\"primaryImageOfPage\":{\"@id\":\"https:\/\/trautweingut.de\/shop\/produkt\/2024-chardonnay\/#primaryimage\"},\"image\":{\"@id\":\"https:\/\/trautweingut.de\/shop\/produkt\/2024-chardonnay\/#primaryimage\"},\"thumbnailUrl\":\"https:\/\/trautweingut.de\/shop\/wp-content\/uploads\/2022\/06\/freisteller_07.png\",\"datePublished\":\"2025-12-06T13:26:48+00:00\",\"dateModified\":\"2026-01-01T18:31:05+00:00\",\"breadcrumb\":{\"@id\":\"https:\/\/trautweingut.de\/shop\/produkt\/2024-chardonnay\/#breadcrumb\"},\"inLanguage\":\"de\",\"potentialAction\":[{\"@type\":\"ReadAction\",\"target\":[\"https:\/\/trautweingut.de\/shop\/produkt\/2024-chardonnay\/\"]}]},{\"@type\":\"ImageObject\",\"inLanguage\":\"de\",\"@id\":\"https:\/\/trautweingut.de\/shop\/produkt\/2024-chardonnay\/#primaryimage\",\"url\":\"https:\/\/trautweingut.de\/shop\/wp-content\/uploads\/2022\/06\/freisteller_07.png\",\"contentUrl\":\"https:\/\/trautweingut.de\/shop\/wp-content\/uploads\/2022\/06\/freisteller_07.png\",\"width\":313,\"height\":900},{\"@type\":\"BreadcrumbList\",\"@id\":\"https:\/\/trautweingut.de\/shop\/produkt\/2024-chardonnay\/#breadcrumb\",\"itemListElement\":[{\"@type\":\"ListItem\",\"position\":1,\"name\":\"Startseite\",\"item\":\"https:\/\/trautweingut.de\/shop\/\"},{\"@type\":\"ListItem\",\"position\":2,\"name\":\"Shop\",\"item\":\"https:\/\/trautweingut.de\/shop\/shop\/\"},{\"@type\":\"ListItem\",\"position\":3,\"name\":\"2024 CHARDONNAY\"}]},{\"@type\":\"WebSite\",\"@id\":\"https:\/\/trautweingut.de\/shop\/#website\",\"url\":\"https:\/\/trautweingut.de\/shop\/\",\"name\":\"Weingut Trautwein Shop\",\"description\":\"Seit 1649\",\"potentialAction\":[{\"@type\":\"SearchAction\",\"target\":{\"@type\":\"EntryPoint\",\"urlTemplate\":\"https:\/\/trautweingut.de\/shop\/?s={search_term_string}\"},\"query-input\":{\"@type\":\"PropertyValueSpecification\",\"valueRequired\":true,\"valueName\":\"search_term_string\"}}],\"inLanguage\":\"de\"}]}<\/script>\n<!-- \/ Yoast SEO plugin. -->","yoast_head_json":{"title":"2024 CHARDONNAY - Weingut Trautwein Shop","robots":{"index":"index","follow":"follow","max-snippet":"max-snippet:-1","max-image-preview":"max-image-preview:large","max-video-preview":"max-video-preview:-1"},"canonical":"https:\/\/trautweingut.de\/shop\/produkt\/2024-chardonnay\/","og_locale":"de_DE","og_type":"article","og_title":"2024 CHARDONNAY - Weingut Trautwein Shop","og_description":"Biodynamisch zertifiziert nach Demeter (DE-\u00d6KO-006)Alkohol: 12,5 % volRestzucker: 0,0 g\/lS\u00e4ure: 6,8 g\/l N\u00e4hrwertangaben je 100 ml:Brennwert: 306 kJ \/ 73 kcalKohlenhydrate: 1 g\u00a0\u00a0\u00a0davon Zucker: 0 gEiwei\u00df: 0 g Enth\u00e4lt geringf\u00fcgige Mengen von Fett, ges\u00e4ttigten Fetts\u00e4uren, Eiwei\u00df und Salz. Zutaten:S\u00e4ureregulator: Weins\u00e4ure, Bio-Trauben, Bio-Saccharose, Konservierungsstoff: Sulfite Hinweis: Enth\u00e4lt Sulfite","og_url":"https:\/\/trautweingut.de\/shop\/produkt\/2024-chardonnay\/","og_site_name":"Weingut Trautwein Shop","article_modified_time":"2026-01-01T18:31:05+00:00","og_image":[{"width":313,"height":900,"url":"https:\/\/trautweingut.de\/shop\/wp-content\/uploads\/2022\/06\/freisteller_07.png","type":"image\/png"}],"twitter_card":"summary_large_image","twitter_misc":{"Gesch\u00e4tzte Lesezeit":"1\u00a0Minute"},"schema":{"@context":"https:\/\/schema.org","@graph":[{"@type":"WebPage","@id":"https:\/\/trautweingut.de\/shop\/produkt\/2024-chardonnay\/","url":"https:\/\/trautweingut.de\/shop\/produkt\/2024-chardonnay\/","name":"2024 CHARDONNAY - Weingut Trautwein Shop","isPartOf":{"@id":"https:\/\/trautweingut.de\/shop\/#website"},"primaryImageOfPage":{"@id":"https:\/\/trautweingut.de\/shop\/produkt\/2024-chardonnay\/#primaryimage"},"image":{"@id":"https:\/\/trautweingut.de\/shop\/produkt\/2024-chardonnay\/#primaryimage"},"thumbnailUrl":"https:\/\/trautweingut.de\/shop\/wp-content\/uploads\/2022\/06\/freisteller_07.png","datePublished":"2025-12-06T13:26:48+00:00","dateModified":"2026-01-01T18:31:05+00:00","breadcrumb":{"@id":"https:\/\/trautweingut.de\/shop\/produkt\/2024-chardonnay\/#breadcrumb"},"inLanguage":"de","potentialAction":[{"@type":"ReadAction","target":["https:\/\/trautweingut.de\/shop\/produkt\/2024-chardonnay\/"]}]},{"@type":"ImageObject","inLanguage":"de","@id":"https:\/\/trautweingut.de\/shop\/produkt\/2024-chardonnay\/#primaryimage","url":"https:\/\/trautweingut.de\/shop\/wp-content\/uploads\/2022\/06\/freisteller_07.png","contentUrl":"https:\/\/trautweingut.de\/shop\/wp-content\/uploads\/2022\/06\/freisteller_07.png","width":313,"height":900},{"@type":"BreadcrumbList","@id":"https:\/\/trautweingut.de\/shop\/produkt\/2024-chardonnay\/#breadcrumb","itemListElement":[{"@type":"ListItem","position":1,"name":"Startseite","item":"https:\/\/trautweingut.de\/shop\/"},{"@type":"ListItem","position":2,"name":"Shop","item":"https:\/\/trautweingut.de\/shop\/shop\/"},{"@type":"ListItem","position":3,"name":"2024 CHARDONNAY"}]},{"@type":"WebSite","@id":"https:\/\/trautweingut.de\/shop\/#website","url":"https:\/\/trautweingut.de\/shop\/","name":"Weingut Trautwein Shop","description":"Seit 1649","potentialAction":[{"@type":"SearchAction","target":{"@type":"EntryPoint","urlTemplate":"https:\/\/trautweingut.de\/shop\/?s={search_term_string}"},"query-input":{"@type":"PropertyValueSpecification","valueRequired":true,"valueName":"search_term_string"}}],"inLanguage":"de"}]}},"_links":{"self":[{"href":"https:\/\/trautweingut.de\/shop\/wp-json\/wp\/v2\/product\/5106","targetHints":{"allow":["GET"]}}],"collection":[{"href":"https:\/\/trautweingut.de\/shop\/wp-json\/wp\/v2\/product"}],"about":[{"href":"https:\/\/trautweingut.de\/shop\/wp-json\/wp\/v2\/types\/product"}],"author":[{"embeddable":true,"href":"https:\/\/trautweingut.de\/shop\/wp-json\/wp\/v2\/users\/3"}],"replies":[{"embeddable":true,"href":"https:\/\/trautweingut.de\/shop\/wp-json\/wp\/v2\/comments?post=5106"}],"wp:featuredmedia":[{"embeddable":true,"href":"https:\/\/trautweingut.de\/shop\/wp-json\/wp\/v2\/media\/3755"}],"wp:attachment":[{"href":"https:\/\/trautweingut.de\/shop\/wp-json\/wp\/v2\/media?parent=5106"}],"wp:term":[{"taxonomy":"product_brand","embeddable":true,"href":"https:\/\/trautweingut.de\/shop\/wp-json\/wp\/v2\/product_brand?post=5106"},{"taxonomy":"product_cat","embeddable":true,"href":"https:\/\/trautweingut.de\/shop\/wp-json\/wp\/v2\/product_cat?post=5106"},{"taxonomy":"product_tag","embeddable":true,"href":"https:\/\/trautweingut.de\/shop\/wp-json\/wp\/v2\/product_tag?post=5106"}],"curies":[{"name":"wp","href":"https:\/\/api.w.org\/{rel}","templated":true}]}}